{"id":328,"date":"2016-01-10T15:41:59","date_gmt":"2016-01-10T15:41:59","guid":{"rendered":"http:\/\/locandadelleacque.it\/wp\/camere\/?lang=de"},"modified":"2016-05-11T13:24:26","modified_gmt":"2016-05-11T13:24:26","slug":"zimmer","status":"publish","type":"page","link":"https:\/\/locandadelleacque.it\/de\/zimmer\/","title":{"rendered":"Zimmer"},"content":{"rendered":"<p>[vc_row][vc_column][\/vc_column][\/vc_row][vc_row][vc_column width=&#8220;1\/2&#8243;][vc_column_text]Beim Aufenthalt im Ca&#8216; delle Acque werden Sie sich wie zuhause f\u00fchlen!<br \/>\nDie Zimmer sind n\u00e4mlich ger\u00e4umig und komfortabel und laden zum Entspannen nach der Stadtbesichtigung ein.<\/p>\n<p>Wenn wir dann noch die Freundlichkeit und Professionalit\u00e4t unseres Personals, das Ihnen immer f\u00fcr W\u00fcnsche und Empfehlungen zur Verf\u00fcgung steht, und ein wenig Romantik durch ein Zimmerfr\u00fchst\u00fcck hinzuf\u00fcgen wollen, k\u00f6nnen wir behaupten, dass Ihr Aufenthalt in Venedig wirklich unvergesslich sein wird.<\/p>\n<p>Die Zimmer von Ca&#8216; delle Acque z\u00e4hlen unter allen Bed&amp;Breakfast in Venedig zu den komfortabelsten Angeboten.<\/p>\n<p>Die als Einzelzimmer, Doppelzimmer (mit zwei getrennten Betten) und Doppelzimmer mit Ehebett zur Verf\u00fcgung stehenden Unterk\u00fcnfte sind alle mit Privatbad mit Dusche und Haartrockner, Fernsehen und Klimaanlage.[\/vc_column_text][vc_cta h2=&#8220;M\u00f6chten Sie alle Fotos sehen?&#8220; h4=&#8220;Sehen Sie die vollst\u00e4ndige Galerie!&#8220; add_button=&#8220;right&#8220; btn_title=&#8220;Gallery&#8220; btn_link=&#8220;url:http%3A%2F%2Fwww.locandadelleacque.it%2Fde%2Fgallery-2%2F||&#8220;][\/vc_cta][\/vc_column][vc_column width=&#8220;1\/2&#8243;][vc_gallery interval=&#8220;3&#8243; images=&#8220;272,273,274&#8243; img_size=&#8220;full&#8220;][\/vc_column][\/vc_row]<\/p>\n","protected":false},"excerpt":{"rendered":"<p>[vc_row][vc_column][\/vc_column][\/vc_row][vc_row][vc_column width=&#8220;1\/2&#8243;][vc_column_text]Beim Aufenthalt im Ca&#8216; delle Acque werden Sie sich wie zuhause [&hellip;]<\/p>\n","protected":false},"author":1,"featured_media":0,"parent":0,"menu_order":0,"comment_status":"closed","ping_status":"closed","template":"","meta":[],"yoast_head":"<!-- This site is optimized with the Yoast SEO plugin v19.1 - https:\/\/yoast.com\/wordpress\/plugins\/seo\/ -->\n<title>Zimmer | B&amp;B Venezia Locanda delle Acque<\/title>\n<meta name=\"robots\" content=\"index, follow, max-snippet:-1, max-image-preview:large, max-video-preview:-1\" \/>\n<link rel=\"canonical\" href=\"https:\/\/locandadelleacque.it\/de\/zimmer\/\" \/>\n<meta property=\"og:locale\" content=\"de_DE\" \/>\n<meta property=\"og:type\" content=\"article\" \/>\n<meta property=\"og:title\" content=\"Zimmer | B&amp;B Venezia Locanda delle Acque\" \/>\n<meta property=\"og:description\" content=\"[vc_row][vc_column][\/vc_column][\/vc_row][vc_row][vc_column width=&#8220;1\/2&#8243;][vc_column_text]Beim Aufenthalt im Ca&#8216; delle Acque werden Sie sich wie zuhause [&hellip;]\" \/>\n<meta property=\"og:url\" content=\"https:\/\/locandadelleacque.it\/de\/zimmer\/\" \/>\n<meta property=\"og:site_name\" content=\"B&amp;B Venezia Locanda delle Acque\" \/>\n<meta property=\"article:modified_time\" content=\"2016-05-11T13:24:26+00:00\" \/>\n<meta name=\"twitter:card\" content=\"summary\" \/>\n<meta name=\"twitter:label1\" content=\"Gesch\u00e4tzte Lesezeit\" \/>\n\t<meta name=\"twitter:data1\" content=\"1\u00a0Minute\" \/>\n<script type=\"application\/ld+json\" class=\"yoast-schema-graph\">{\"@context\":\"https:\/\/schema.org\",\"@graph\":[{\"@type\":\"WebSite\",\"@id\":\"https:\/\/locandadelleacque.it\/#website\",\"url\":\"https:\/\/locandadelleacque.it\/\",\"name\":\"B&amp;B Venezia Locanda delle Acque\",\"description\":false,\"potentialAction\":[{\"@type\":\"SearchAction\",\"target\":{\"@type\":\"EntryPoint\",\"urlTemplate\":\"https:\/\/locandadelleacque.it\/?s={search_term_string}\"},\"query-input\":\"required name=search_term_string\"}],\"inLanguage\":\"de\"},{\"@type\":\"WebPage\",\"@id\":\"https:\/\/locandadelleacque.it\/de\/zimmer\/#webpage\",\"url\":\"https:\/\/locandadelleacque.it\/de\/zimmer\/\",\"name\":\"Zimmer | B&amp;B Venezia Locanda delle Acque\",\"isPartOf\":{\"@id\":\"https:\/\/locandadelleacque.it\/#website\"},\"datePublished\":\"2016-01-10T15:41:59+00:00\",\"dateModified\":\"2016-05-11T13:24:26+00:00\",\"breadcrumb\":{\"@id\":\"https:\/\/locandadelleacque.it\/de\/zimmer\/#breadcrumb\"},\"inLanguage\":\"de\",\"potentialAction\":[{\"@type\":\"ReadAction\",\"target\":[\"https:\/\/locandadelleacque.it\/de\/zimmer\/\"]}]},{\"@type\":\"BreadcrumbList\",\"@id\":\"https:\/\/locandadelleacque.it\/de\/zimmer\/#breadcrumb\",\"itemListElement\":[{\"@type\":\"ListItem\",\"position\":1,\"name\":\"Home\",\"item\":\"https:\/\/locandadelleacque.it\/de\/\"},{\"@type\":\"ListItem\",\"position\":2,\"name\":\"Zimmer\"}]}]}<\/script>\n<!-- \/ Yoast SEO plugin. -->","yoast_head_json":{"title":"Zimmer | B&amp;B Venezia Locanda delle Acque","robots":{"index":"index","follow":"follow","max-snippet":"max-snippet:-1","max-image-preview":"max-image-preview:large","max-video-preview":"max-video-preview:-1"},"canonical":"https:\/\/locandadelleacque.it\/de\/zimmer\/","og_locale":"de_DE","og_type":"article","og_title":"Zimmer | B&amp;B Venezia Locanda delle Acque","og_description":"[vc_row][vc_column][\/vc_column][\/vc_row][vc_row][vc_column width=&#8220;1\/2&#8243;][vc_column_text]Beim Aufenthalt im Ca&#8216; delle Acque werden Sie sich wie zuhause [&hellip;]","og_url":"https:\/\/locandadelleacque.it\/de\/zimmer\/","og_site_name":"B&amp;B Venezia Locanda delle Acque","article_modified_time":"2016-05-11T13:24:26+00:00","twitter_card":"summary","twitter_misc":{"Gesch\u00e4tzte Lesezeit":"1\u00a0Minute"},"schema":{"@context":"https:\/\/schema.org","@graph":[{"@type":"WebSite","@id":"https:\/\/locandadelleacque.it\/#website","url":"https:\/\/locandadelleacque.it\/","name":"B&amp;B Venezia Locanda delle Acque","description":false,"potentialAction":[{"@type":"SearchAction","target":{"@type":"EntryPoint","urlTemplate":"https:\/\/locandadelleacque.it\/?s={search_term_string}"},"query-input":"required name=search_term_string"}],"inLanguage":"de"},{"@type":"WebPage","@id":"https:\/\/locandadelleacque.it\/de\/zimmer\/#webpage","url":"https:\/\/locandadelleacque.it\/de\/zimmer\/","name":"Zimmer | B&amp;B Venezia Locanda delle Acque","isPartOf":{"@id":"https:\/\/locandadelleacque.it\/#website"},"datePublished":"2016-01-10T15:41:59+00:00","dateModified":"2016-05-11T13:24:26+00:00","breadcrumb":{"@id":"https:\/\/locandadelleacque.it\/de\/zimmer\/#breadcrumb"},"inLanguage":"de","potentialAction":[{"@type":"ReadAction","target":["https:\/\/locandadelleacque.it\/de\/zimmer\/"]}]},{"@type":"BreadcrumbList","@id":"https:\/\/locandadelleacque.it\/de\/zimmer\/#breadcrumb","itemListElement":[{"@type":"ListItem","position":1,"name":"Home","item":"https:\/\/locandadelleacque.it\/de\/"},{"@type":"ListItem","position":2,"name":"Zimmer"}]}]}},"_links":{"self":[{"href":"https:\/\/locandadelleacque.it\/de\/wp-json\/wp\/v2\/pages\/328"}],"collection":[{"href":"https:\/\/locandadelleacque.it\/de\/wp-json\/wp\/v2\/pages"}],"about":[{"href":"https:\/\/locandadelleacque.it\/de\/wp-json\/wp\/v2\/types\/page"}],"author":[{"embeddable":true,"href":"https:\/\/locandadelleacque.it\/de\/wp-json\/wp\/v2\/users\/1"}],"replies":[{"embeddable":true,"href":"https:\/\/locandadelleacque.it\/de\/wp-json\/wp\/v2\/comments?post=328"}],"version-history":[{"count":3,"href":"https:\/\/locandadelleacque.it\/de\/wp-json\/wp\/v2\/pages\/328\/revisions"}],"predecessor-version":[{"id":576,"href":"https:\/\/locandadelleacque.it\/de\/wp-json\/wp\/v2\/pages\/328\/revisions\/576"}],"wp:attachment":[{"href":"https:\/\/locandadelleacque.it\/de\/wp-json\/wp\/v2\/media?parent=328"}],"curies":[{"name":"wp","href":"https:\/\/api.w.org\/{rel}","templated":true}]}}