{"id":343,"date":"2016-01-10T10:38:20","date_gmt":"2016-01-10T10:38:20","guid":{"rendered":"http:\/\/locandadelleacque.it\/wp\/de\/descrizione\/"},"modified":"2016-05-11T12:45:13","modified_gmt":"2016-05-11T12:45:13","slug":"beschreibung","status":"publish","type":"page","link":"https:\/\/locandadelleacque.it\/de\/beschreibung\/","title":{"rendered":"Beschreibung"},"content":{"rendered":"<p>[vc_row][vc_column][\/vc_column][\/vc_row][vc_row][vc_column width=&#8220;2\/3&#8243;][vc_column_text]Ca&#8216; delle Acque ist ein h\u00fcbsches <strong>Bed &amp; Breakfast in Venedig<\/strong>, das nur zwei Schritte vom <strong>Markusplatz<\/strong> und der <strong>Rialto-Br\u00fccke<\/strong> entfernt liegt.<\/p>\n<p>Die junge und dynamische Atmosph\u00e4re, die herzliche Gastfreundlichkeit und das angenehme und unformale Ambiente, machen Ca&#8216; delle Acque zum idealen Ort f\u00fcr einen angenehmen und romantischen Urlaub in der sch\u00f6nsten Stadt der Welt.<\/p>\n<p>Das Team von Ca&#8216; delle Acque steht zu Ihrer vollkommenen Verf\u00fcgung, damit Sie einen ausgesprochen angenehmen Aufenthalt in unserem Ca&#8216; delle Acque ist ein h\u00fcbsches\u00a0<b>Bed &amp; Breakfast<\/b>, das nur zwei Schritte vom\u00a0<b>Markusplatz<\/b>\u00a0und der\u00a0<b>Rialto-Br\u00fccke<\/b>\u00a0entfernt liegt. Die junge und dynamische Atmosph\u00e4re, die herzliche Gastfreundlichkeit und das angenehme und unformale Ambiente, machen Ca&#8216; delle Acque zum idealen Ort f\u00fcr einen\u00a0<b>angenehmen und romantischen Urlaub<\/b>\u00a0in der sch\u00f6nsten Stadt der Welt.<\/p>\n<p>Das Team von\u00a0<b>Ca&#8216; delle Acque<\/b>\u00a0steht zu Ihrer vollkommenen Verf\u00fcgung, damit Sie einen ausgesprochen angenehmen Aufenthalt in unserem\u00a0<b>B&amp;B in Venedig\u00a0<\/b>verbringen k\u00f6nnen. Hier haben Sie die M\u00f6glichkeit, unter den komfortablen\u00a0<b>Doppelzimmern<\/b>\u00a0mit Privatbad, ein pro Etage, ein einzigartiges Merkmal in Venedig, auszuw\u00e4hlen.<\/p>\n<p>Bei der Ankunft wird Ihnen der neueste\u00a0<b>Stadtplan<\/b>\u00a0\u00fcberreicht, dem viele n\u00fctzliche Empfehlungen \u00fcber Lokale, Gasth\u00e4user, Ausstellungen und Pflichtveranstaltungen folgen. F\u00fcr alle G\u00e4ste wird ein kostenloser Ausflug in eine der ber\u00fchmten Glasfabriken auf der\u00a0<b>Insel Murano<\/b>\u00a0angeboten. verbringen k\u00f6nnen. Hier haben Sie die M\u00f6glichkeit, unter den komfortablen Doppelzimmern mit Privatbad, ein pro Etage, ein einzigartiges Merkmal in Venedig, auszuw\u00e4hlen.<\/p>\n<p>Bei der Ankunft wird Ihnen der neueste Stadtplan \u00fcberreicht, dem viele n\u00fctzliche Empfehlungen \u00fcber Lokale, Gasth\u00e4user, Ausstellungen und Pflichtveranstaltungen folgen. F\u00fcr alle G\u00e4ste wird ein kostenloser Ausflug in eine der ber\u00fchmten Glasfabriken auf der Insel Murano angeboten.[\/vc_column_text][vc_cta h2=&#8220;M\u00f6chten Sie besuchen Venedig zum Schn\u00e4ppchenpreis?&#8220; h4=&#8220;Sehen Sie sich unsere Angebote!&#8220; add_button=&#8220;right&#8220; btn_title=&#8220;Angebote&#8220; css=&#8220;.vc_custom_1462970710432{margin-top: 30px !important;}&#8220; btn_link=&#8220;url:http%3A%2F%2Fwww.locandadelleacque.it%2Fde%2Fofferte-speciali%2F||&#8220;][\/vc_cta][\/vc_column][vc_column width=&#8220;1\/3&#8243;][vc_single_image image=&#8220;252&#8243; img_size=&#8220;full&#8220; alignment=&#8220;right&#8220;][\/vc_column][\/vc_row]<\/p>\n","protected":false},"excerpt":{"rendered":"<p>[vc_row][vc_column][\/vc_column][\/vc_row][vc_row][vc_column width=&#8220;2\/3&#8243;][vc_column_text]Ca&#8216; delle Acque ist ein h\u00fcbsches Bed &amp; Breakfast in Venedig, [&hellip;]<\/p>\n","protected":false},"author":1,"featured_media":0,"parent":0,"menu_order":0,"comment_status":"closed","ping_status":"closed","template":"","meta":[],"yoast_head":"<!-- This site is optimized with the Yoast SEO plugin v19.1 - https:\/\/yoast.com\/wordpress\/plugins\/seo\/ -->\n<title>Beschreibung | B&amp;B Venezia Locanda delle Acque<\/title>\n<meta name=\"robots\" content=\"index, follow, max-snippet:-1, max-image-preview:large, max-video-preview:-1\" \/>\n<link rel=\"canonical\" href=\"https:\/\/locandadelleacque.it\/de\/beschreibung\/\" \/>\n<meta property=\"og:locale\" content=\"de_DE\" \/>\n<meta property=\"og:type\" content=\"article\" \/>\n<meta property=\"og:title\" content=\"Beschreibung | B&amp;B Venezia Locanda delle Acque\" \/>\n<meta property=\"og:description\" content=\"[vc_row][vc_column][\/vc_column][\/vc_row][vc_row][vc_column width=&#8220;2\/3&#8243;][vc_column_text]Ca&#8216; delle Acque ist ein h\u00fcbsches Bed &amp; Breakfast in Venedig, [&hellip;]\" \/>\n<meta property=\"og:url\" content=\"https:\/\/locandadelleacque.it\/de\/beschreibung\/\" \/>\n<meta property=\"og:site_name\" content=\"B&amp;B Venezia Locanda delle Acque\" \/>\n<meta property=\"article:modified_time\" content=\"2016-05-11T12:45:13+00:00\" \/>\n<meta name=\"twitter:card\" content=\"summary\" \/>\n<meta name=\"twitter:label1\" content=\"Gesch\u00e4tzte Lesezeit\" \/>\n\t<meta name=\"twitter:data1\" content=\"2\u00a0Minuten\" \/>\n<script type=\"application\/ld+json\" class=\"yoast-schema-graph\">{\"@context\":\"https:\/\/schema.org\",\"@graph\":[{\"@type\":\"WebSite\",\"@id\":\"https:\/\/locandadelleacque.it\/#website\",\"url\":\"https:\/\/locandadelleacque.it\/\",\"name\":\"B&amp;B Venezia Locanda delle Acque\",\"description\":false,\"potentialAction\":[{\"@type\":\"SearchAction\",\"target\":{\"@type\":\"EntryPoint\",\"urlTemplate\":\"https:\/\/locandadelleacque.it\/?s={search_term_string}\"},\"query-input\":\"required name=search_term_string\"}],\"inLanguage\":\"de\"},{\"@type\":\"WebPage\",\"@id\":\"https:\/\/locandadelleacque.it\/de\/beschreibung\/#webpage\",\"url\":\"https:\/\/locandadelleacque.it\/de\/beschreibung\/\",\"name\":\"Beschreibung | B&amp;B Venezia Locanda delle Acque\",\"isPartOf\":{\"@id\":\"https:\/\/locandadelleacque.it\/#website\"},\"datePublished\":\"2016-01-10T10:38:20+00:00\",\"dateModified\":\"2016-05-11T12:45:13+00:00\",\"breadcrumb\":{\"@id\":\"https:\/\/locandadelleacque.it\/de\/beschreibung\/#breadcrumb\"},\"inLanguage\":\"de\",\"potentialAction\":[{\"@type\":\"ReadAction\",\"target\":[\"https:\/\/locandadelleacque.it\/de\/beschreibung\/\"]}]},{\"@type\":\"BreadcrumbList\",\"@id\":\"https:\/\/locandadelleacque.it\/de\/beschreibung\/#breadcrumb\",\"itemListElement\":[{\"@type\":\"ListItem\",\"position\":1,\"name\":\"Home\",\"item\":\"https:\/\/locandadelleacque.it\/de\/\"},{\"@type\":\"ListItem\",\"position\":2,\"name\":\"Beschreibung\"}]}]}<\/script>\n<!-- \/ Yoast SEO plugin. -->","yoast_head_json":{"title":"Beschreibung | B&amp;B Venezia Locanda delle Acque","robots":{"index":"index","follow":"follow","max-snippet":"max-snippet:-1","max-image-preview":"max-image-preview:large","max-video-preview":"max-video-preview:-1"},"canonical":"https:\/\/locandadelleacque.it\/de\/beschreibung\/","og_locale":"de_DE","og_type":"article","og_title":"Beschreibung | B&amp;B Venezia Locanda delle Acque","og_description":"[vc_row][vc_column][\/vc_column][\/vc_row][vc_row][vc_column width=&#8220;2\/3&#8243;][vc_column_text]Ca&#8216; delle Acque ist ein h\u00fcbsches Bed &amp; Breakfast in Venedig, [&hellip;]","og_url":"https:\/\/locandadelleacque.it\/de\/beschreibung\/","og_site_name":"B&amp;B Venezia Locanda delle Acque","article_modified_time":"2016-05-11T12:45:13+00:00","twitter_card":"summary","twitter_misc":{"Gesch\u00e4tzte Lesezeit":"2\u00a0Minuten"},"schema":{"@context":"https:\/\/schema.org","@graph":[{"@type":"WebSite","@id":"https:\/\/locandadelleacque.it\/#website","url":"https:\/\/locandadelleacque.it\/","name":"B&amp;B Venezia Locanda delle Acque","description":false,"potentialAction":[{"@type":"SearchAction","target":{"@type":"EntryPoint","urlTemplate":"https:\/\/locandadelleacque.it\/?s={search_term_string}"},"query-input":"required name=search_term_string"}],"inLanguage":"de"},{"@type":"WebPage","@id":"https:\/\/locandadelleacque.it\/de\/beschreibung\/#webpage","url":"https:\/\/locandadelleacque.it\/de\/beschreibung\/","name":"Beschreibung | B&amp;B Venezia Locanda delle Acque","isPartOf":{"@id":"https:\/\/locandadelleacque.it\/#website"},"datePublished":"2016-01-10T10:38:20+00:00","dateModified":"2016-05-11T12:45:13+00:00","breadcrumb":{"@id":"https:\/\/locandadelleacque.it\/de\/beschreibung\/#breadcrumb"},"inLanguage":"de","potentialAction":[{"@type":"ReadAction","target":["https:\/\/locandadelleacque.it\/de\/beschreibung\/"]}]},{"@type":"BreadcrumbList","@id":"https:\/\/locandadelleacque.it\/de\/beschreibung\/#breadcrumb","itemListElement":[{"@type":"ListItem","position":1,"name":"Home","item":"https:\/\/locandadelleacque.it\/de\/"},{"@type":"ListItem","position":2,"name":"Beschreibung"}]}]}},"_links":{"self":[{"href":"https:\/\/locandadelleacque.it\/de\/wp-json\/wp\/v2\/pages\/343"}],"collection":[{"href":"https:\/\/locandadelleacque.it\/de\/wp-json\/wp\/v2\/pages"}],"about":[{"href":"https:\/\/locandadelleacque.it\/de\/wp-json\/wp\/v2\/types\/page"}],"author":[{"embeddable":true,"href":"https:\/\/locandadelleacque.it\/de\/wp-json\/wp\/v2\/users\/1"}],"replies":[{"embeddable":true,"href":"https:\/\/locandadelleacque.it\/de\/wp-json\/wp\/v2\/comments?post=343"}],"version-history":[{"count":5,"href":"https:\/\/locandadelleacque.it\/de\/wp-json\/wp\/v2\/pages\/343\/revisions"}],"predecessor-version":[{"id":564,"href":"https:\/\/locandadelleacque.it\/de\/wp-json\/wp\/v2\/pages\/343\/revisions\/564"}],"wp:attachment":[{"href":"https:\/\/locandadelleacque.it\/de\/wp-json\/wp\/v2\/media?parent=343"}],"curies":[{"name":"wp","href":"https:\/\/api.w.org\/{rel}","templated":true}]}}