{"id":360,"date":"2016-01-10T16:01:32","date_gmt":"2016-01-10T16:01:32","guid":{"rendered":"http:\/\/locandadelleacque.it\/wp\/de\/dove-siamo\/"},"modified":"2018-06-05T09:34:56","modified_gmt":"2018-06-05T09:34:56","slug":"wie-sie-uns-erreichen","status":"publish","type":"page","link":"https:\/\/locandadelleacque.it\/de\/wie-sie-uns-erreichen\/","title":{"rendered":"Wie Sie uns erreichen"},"content":{"rendered":"<p>[vc_row][vc_column][vc_raw_js]JTNDc3R5bGUlM0UlMEElMjAlMjAlMjAlMjAlMjAlMjAlMjNtYXAlMjAlN0IlMEElMjAlMjAlMjAlMjAlMjAlMjAlMjAlMjBoZWlnaHQlM0ElMjA2MDBweCUzQiUwQSUyMCUyMCUyMCUyMCUyMCUyMCUyMCUyMHdpZHRoJTNBJTIwMTAwJTI1JTNCJTBBJTIwJTIwJTIwJTIwJTIwJTIwJTIwJTdEJTBBJTIwJTIwJTIwJTIwJTNDJTJGc3R5bGUlM0UlMEElMjAlM0NkaXYlMjBpZCUzRCUyMm1hcCUyMiUzRSUzQyUyRmRpdiUzRSUwQSUyMCUyMCUyMCUyMCUzQ3NjcmlwdCUzRSUwQSUyMCUyMCUyMCUyMCUyMCUyMGZ1bmN0aW9uJTIwaW5pdE1hcCUyOCUyOSUyMCU3QiUwQSUyMCUyMCUyMCUyMCUyMCUyMCUyMCUyMHZhciUyMHVsdXJ1JTIwJTNEJTIwJTdCbGF0JTNBJTIwNDUuNDM2NTM0JTJDJTIwbG5nJTNBJTIwMTIuMzM3NTAyJTdEJTNCJTBBJTIwJTIwJTIwJTIwJTIwJTIwJTIwJTIwdmFyJTIwbWFwJTIwJTNEJTIwbmV3JTIwZ29vZ2xlLm1hcHMuTWFwJTI4ZG9jdW1lbnQuZ2V0RWxlbWVudEJ5SWQlMjglMjdtYXAlMjclMjklMkMlMjAlN0IlMEElMjAlMjAlMjAlMjAlMjAlMjAlMjAlMjAlMjAlMjB6b29tJTNBJTIwMTYlMkMlMEElMjAlMjAlMjAlMjAlMjAlMjAlMjAlMjAlMjAlMjBjZW50ZXIlM0ElMjB1bHVydSUwQSUyMCUyMCUyMCUyMCUyMCUyMCUyMCUyMCU3RCUyOSUzQiUwQSUyMCUyMCUyMCUyMCUyMCUyMCUyMCUyMHZhciUyMG1hcmtlciUyMCUzRCUyMG5ldyUyMGdvb2dsZS5tYXBzLk1hcmtlciUyOCU3QiUwQSUyMCUyMCUyMCUyMCUyMCUyMCUyMCUyMCUyMCUyMHBvc2l0aW9uJTNBJTIwdWx1cnUlMkMlMEElMjAlMjAlMjAlMjAlMjAlMjAlMjAlMjAlMjAlMjBtYXAlM0ElMjBtYXAlMkMlMEElMjAlMjAlMjAlMjAlMjAlMjAlMjAlMjAlMjAlMjB0aXRsZSUzQSUyMCUyN0xvY2FuZGElMjBkZWxsZSUyMEFjcXVlJTI3JTBBJTIwJTIwJTIwJTIwJTIwJTIwJTIwJTIwJTdEJTI5JTNCJTBBJTIwJTIwJTIwJTIwJTIwJTIwJTdEJTBBJTIwJTIwJTIwJTIwJTNDJTJGc2NyaXB0JTNFJTBBJTIwJTIwJTIwJTIwJTNDc2NyaXB0JTIwYXN5bmMlMjBkZWZlciUwQSUyMCUyMCUyMCUyMHNyYyUzRCUyMmh0dHBzJTNBJTJGJTJGbWFwcy5nb29nbGVhcGlzLmNvbSUyRm1hcHMlMkZhcGklMkZqcyUzRmtleSUzREFJemFTeUI1RndFN3pvelFXSndIZlJpakxDTS11Zml3M0Z2YXI1dyUyNmNhbGxiYWNrJTNEaW5pdE1hcCUyMiUzRSUwQSUyMCUyMCUyMCUyMCUzQyUyRnNjcmlwdCUzRSUyMA==[\/vc_raw_js][\/vc_column][\/vc_row][vc_row][vc_column][vc_column_text]<\/p>\n<h3>Wie Sie uns erreichen<\/h3>\n<p>Sie k\u00f6nnen das C\u00e0 delle Acque auf mehrere Weisen erreichen:<\/p>\n<p><strong>Mit dem Flugzeug<\/strong><br \/>\n<strong>Vom Flughafen Venedig &#8222;Marco Polo&#8220;<\/strong> k\u00f6nnen Sie zwischen dem Autobus &#8222;Fly bus&#8220; der ATVO (\u00d6ffentlicher Verkehrsdienst in Ostvenetien), der einem regelm\u00e4\u00dfigen Pendelbus-Service bis zum Piazzale Roma (zirka 20 Minuten) anbietet, oder den Autobus Nr. 5 der ACTV (\u00d6ffentlicher Verkehrdienst in Venedig) bis dorthin nehmen. Sie k\u00f6nnen aber auch das \u00f6ffentliche Motorboot &#8222;Alilaguna&#8220;, das Sie in zirka 1 Stunde zum Markusplatz (Haltestelle S. Marco) bringt, und dann ein Wassertaxi bis direkt vor das Hotel nehmen.<br \/>\n<strong>Vom Flughafen Treviso &#8222;S. Angelo&#8220;<\/strong> bietet die Gesellschaft ATVO eine regelm\u00e4\u00dfige Schnellverbindung zwischen Flughafen und Piazzale Roma in klimatisierten Bussen mit ger\u00e4umigem Kofferraum.<br \/>\nVom Piazziale Roma m\u00fcssen Sie dann das Vaporetto 82 (\u00f6ffentliches Verkehrsmittel) bis zur Haltestelle Rialto nehmen. Gehen Sie danach von der Haltestelle Calle Larga Mazzini immer gerade aus und dann in der Gasse &#8222;Mercerie&#8220; bis zur Calle delle Acque weiter, wo Sie nach der Laube das Hotel Ca&#8216; delle Acque finden. Ca&#8216; delle Acque liegt im Stadtviertel San Marco an der Hausnummer 4991.<\/p>\n<p><strong>Mit dem Auto<\/strong><br \/>\nBei der Ankunft k\u00f6nnen Sie Ihr Auto am Tronchetto oder am Piazzale Roma abstellen, der nach der Br\u00fccke &#8222;Ponte della Libert\u00e0&#8220; liegt, die Venedig mit dem Festland verbindet. Zur Locanda delle Acque m\u00fcssen Sie das Vaporetto 82 (\u00f6ffentliches Verkehrsmittel) bis zur Haltestelle Rialto nehmen. Gehen Sie danach von der Haltestelle Calle Larga Mazzini immer gerade aus und dann in der Gasse &#8222;Mercerie&#8220; bis zur Calle delle Acque weiter, wo Sie nach der Laube das Hotel Ca&#8216; delle Acque finden. Ca&#8216; delle Acque liegt im Stadtviertel San Marco an der Hausnummer 4991.<\/p>\n<p><strong>Mit dem Zug<\/strong><br \/>\nVom Bahnhof Santa Lucia k\u00f6nnen Sie das Vaporetto Nr. 82 (\u00f6ffentliches Verkehrsmittel) bis zur Haltestelle Rialto nehmen. Gehen Sie danach von der Haltestelle Calle Larga Mazzini immer gerade aus und dann in der Gasse &#8222;Mercerie&#8220; bis zur Calle delle Acque weiter, wo Sie nach der Laube das Hotel Ca&#8216; delle Acque finden. Ca&#8216; delle Acque liegt im Stadtviertel San Marco an der Hausnummer 4991.[\/vc_column_text][\/vc_column][\/vc_row]<\/p>\n","protected":false},"excerpt":{"rendered":"<p>[vc_row][vc_column][vc_raw_js]JTNDc3R5bGUlM0UlMEElMjAlMjAlMjAlMjAlMjAlMjAlMjNtYXAlMjAlN0IlMEElMjAlMjAlMjAlMjAlMjAlMjAlMjAlMjBoZWlnaHQlM0ElMjA2MDBweCUzQiUwQSUyMCUyMCUyMCUyMCUyMCUyMCUyMCUyMHdpZHRoJTNBJTIwMTAwJTI1JTNCJTBBJTIwJTIwJTIwJTIwJTIwJTIwJTIwJTdEJTBBJTIwJTIwJTIwJTIwJTNDJTJGc3R5bGUlM0UlMEElMjAlM0NkaXYlMjBpZCUzRCUyMm1hcCUyMiUzRSUzQyUyRmRpdiUzRSUwQSUyMCUyMCUyMCUyMCUzQ3NjcmlwdCUzRSUwQSUyMCUyMCUyMCUyMCUyMCUyMGZ1bmN0aW9uJTIwaW5pdE1hcCUyOCUyOSUyMCU3QiUwQSUyMCUyMCUyMCUyMCUyMCUyMCUyMCUyMHZhciUyMHVsdXJ1JTIwJTNEJTIwJTdCbGF0JTNBJTIwNDUuNDM2NTM0JTJDJTIwbG5nJTNBJTIwMTIuMzM3NTAyJTdEJTNCJTBBJTIwJTIwJTIwJTIwJTIwJTIwJTIwJTIwdmFyJTIwbWFwJTIwJTNEJTIwbmV3JTIwZ29vZ2xlLm1hcHMuTWFwJTI4ZG9jdW1lbnQuZ2V0RWxlbWVudEJ5SWQlMjglMjdtYXAlMjclMjklMkMlMjAlN0IlMEElMjAlMjAlMjAlMjAlMjAlMjAlMjAlMjAlMjAlMjB6b29tJTNBJTIwMTYlMkMlMEElMjAlMjAlMjAlMjAlMjAlMjAlMjAlMjAlMjAlMjBjZW50ZXIlM0ElMjB1bHVydSUwQSUyMCUyMCUyMCUyMCUyMCUyMCUyMCUyMCU3RCUyOSUzQiUwQSUyMCUyMCUyMCUyMCUyMCUyMCUyMCUyMHZhciUyMG1hcmtlciUyMCUzRCUyMG5ldyUyMGdvb2dsZS5tYXBzLk1hcmtlciUyOCU3QiUwQSUyMCUyMCUyMCUyMCUyMCUyMCUyMCUyMCUyMCUyMHBvc2l0aW9uJTNBJTIwdWx1cnUlMkMlMEElMjAlMjAlMjAlMjAlMjAlMjAlMjAlMjAlMjAlMjBtYXAlM0ElMjBtYXAlMkMlMEElMjAlMjAlMjAlMjAlMjAlMjAlMjAlMjAlMjAlMjB0aXRsZSUzQSUyMCUyN0xvY2FuZGElMjBkZWxsZSUyMEFjcXVlJTI3JTBBJTIwJTIwJTIwJTIwJTIwJTIwJTIwJTIwJTdEJTI5JTNCJTBBJTIwJTIwJTIwJTIwJTIwJTIwJTdEJTBBJTIwJTIwJTIwJTIwJTNDJTJGc2NyaXB0JTNFJTBBJTIwJTIwJTIwJTIwJTNDc2NyaXB0JTIwYXN5bmMlMjBkZWZlciUwQSUyMCUyMCUyMCUyMHNyYyUzRCUyMmh0dHBzJTNBJTJGJTJGbWFwcy5nb29nbGVhcGlzLmNvbSUyRm1hcHMlMkZhcGklMkZqcyUzRmtleSUzREFJemFTeUI1RndFN3pvelFXSndIZlJpakxDTS11Zml3M0Z2YXI1dyUyNmNhbGxiYWNrJTNEaW5pdE1hcCUyMiUzRSUwQSUyMCUyMCUyMCUyMCUzQyUyRnNjcmlwdCUzRSUyMA==[\/vc_raw_js][\/vc_column][\/vc_row][vc_row][vc_column][vc_column_text] Wie Sie uns erreichen Sie k\u00f6nnen das C\u00e0 delle Acque auf [&hellip;]<\/p>\n","protected":false},"author":1,"featured_media":0,"parent":0,"menu_order":0,"comment_status":"closed","ping_status":"closed","template":"","meta":[],"yoast_head":"<!-- This site is optimized with the Yoast SEO plugin v19.1 - https:\/\/yoast.com\/wordpress\/plugins\/seo\/ -->\n<title>Wie Sie uns erreichen | B&amp;B Venezia Locanda delle Acque<\/title>\n<meta name=\"robots\" content=\"index, follow, max-snippet:-1, max-image-preview:large, max-video-preview:-1\" \/>\n<link rel=\"canonical\" href=\"https:\/\/locandadelleacque.it\/de\/wie-sie-uns-erreichen\/\" \/>\n<meta property=\"og:locale\" content=\"de_DE\" \/>\n<meta property=\"og:type\" content=\"article\" \/>\n<meta property=\"og:title\" content=\"Wie Sie uns erreichen | B&amp;B Venezia Locanda delle Acque\" \/>\n<meta property=\"og:description\" content=\"[vc_row][vc_column][vc_raw_js]JTNDc3R5bGUlM0UlMEElMjAlMjAlMjAlMjAlMjAlMjAlMjNtYXAlMjAlN0IlMEElMjAlMjAlMjAlMjAlMjAlMjAlMjAlMjBoZWlnaHQlM0ElMjA2MDBweCUzQiUwQSUyMCUyMCUyMCUyMCUyMCUyMCUyMCUyMHdpZHRoJTNBJTIwMTAwJTI1JTNCJTBBJTIwJTIwJTIwJTIwJTIwJTIwJTIwJTdEJTBBJTIwJTIwJTIwJTIwJTNDJTJGc3R5bGUlM0UlMEElMjAlM0NkaXYlMjBpZCUzRCUyMm1hcCUyMiUzRSUzQyUyRmRpdiUzRSUwQSUyMCUyMCUyMCUyMCUzQ3NjcmlwdCUzRSUwQSUyMCUyMCUyMCUyMCUyMCUyMGZ1bmN0aW9uJTIwaW5pdE1hcCUyOCUyOSUyMCU3QiUwQSUyMCUyMCUyMCUyMCUyMCUyMCUyMCUyMHZhciUyMHVsdXJ1JTIwJTNEJTIwJTdCbGF0JTNBJTIwNDUuNDM2NTM0JTJDJTIwbG5nJTNBJTIwMTIuMzM3NTAyJTdEJTNCJTBBJTIwJTIwJTIwJTIwJTIwJTIwJTIwJTIwdmFyJTIwbWFwJTIwJTNEJTIwbmV3JTIwZ29vZ2xlLm1hcHMuTWFwJTI4ZG9jdW1lbnQuZ2V0RWxlbWVudEJ5SWQlMjglMjdtYXAlMjclMjklMkMlMjAlN0IlMEElMjAlMjAlMjAlMjAlMjAlMjAlMjAlMjAlMjAlMjB6b29tJTNBJTIwMTYlMkMlMEElMjAlMjAlMjAlMjAlMjAlMjAlMjAlMjAlMjAlMjBjZW50ZXIlM0ElMjB1bHVydSUwQSUyMCUyMCUyMCUyMCUyMCUyMCUyMCUyMCU3RCUyOSUzQiUwQSUyMCUyMCUyMCUyMCUyMCUyMCUyMCUyMHZhciUyMG1hcmtlciUyMCUzRCUyMG5ldyUyMGdvb2dsZS5tYXBzLk1hcmtlciUyOCU3QiUwQSUyMCUyMCUyMCUyMCUyMCUyMCUyMCUyMCUyMCUyMHBvc2l0aW9uJTNBJTIwdWx1cnUlMkMlMEElMjAlMjAlMjAlMjAlMjAlMjAlMjAlMjAlMjAlMjBtYXAlM0ElMjBtYXAlMkMlMEElMjAlMjAlMjAlMjAlMjAlMjAlMjAlMjAlMjAlMjB0aXRsZSUzQSUyMCUyN0xvY2FuZGElMjBkZWxsZSUyMEFjcXVlJTI3JTBBJTIwJTIwJTIwJTIwJTIwJTIwJTIwJTIwJTdEJTI5JTNCJTBBJTIwJTIwJTIwJTIwJTIwJTIwJTdEJTBBJTIwJTIwJTIwJTIwJTNDJTJGc2NyaXB0JTNFJTBBJTIwJTIwJTIwJTIwJTNDc2NyaXB0JTIwYXN5bmMlMjBkZWZlciUwQSUyMCUyMCUyMCUyMHNyYyUzRCUyMmh0dHBzJTNBJTJGJTJGbWFwcy5nb29nbGVhcGlzLmNvbSUyRm1hcHMlMkZhcGklMkZqcyUzRmtleSUzREFJemFTeUI1RndFN3pvelFXSndIZlJpakxDTS11Zml3M0Z2YXI1dyUyNmNhbGxiYWNrJTNEaW5pdE1hcCUyMiUzRSUwQSUyMCUyMCUyMCUyMCUzQyUyRnNjcmlwdCUzRSUyMA==[\/vc_raw_js][\/vc_column][\/vc_row][vc_row][vc_column][vc_column_text] Wie Sie uns erreichen Sie k\u00f6nnen das C\u00e0 delle Acque auf [&hellip;]\" \/>\n<meta property=\"og:url\" content=\"https:\/\/locandadelleacque.it\/de\/wie-sie-uns-erreichen\/\" \/>\n<meta property=\"og:site_name\" content=\"B&amp;B Venezia Locanda delle Acque\" \/>\n<meta property=\"article:modified_time\" content=\"2018-06-05T09:34:56+00:00\" \/>\n<meta name=\"twitter:card\" content=\"summary\" \/>\n<meta name=\"twitter:label1\" content=\"Gesch\u00e4tzte Lesezeit\" \/>\n\t<meta name=\"twitter:data1\" content=\"2\u00a0Minuten\" \/>\n<script type=\"application\/ld+json\" class=\"yoast-schema-graph\">{\"@context\":\"https:\/\/schema.org\",\"@graph\":[{\"@type\":\"WebSite\",\"@id\":\"https:\/\/locandadelleacque.it\/#website\",\"url\":\"https:\/\/locandadelleacque.it\/\",\"name\":\"B&amp;B Venezia Locanda delle Acque\",\"description\":false,\"potentialAction\":[{\"@type\":\"SearchAction\",\"target\":{\"@type\":\"EntryPoint\",\"urlTemplate\":\"https:\/\/locandadelleacque.it\/?s={search_term_string}\"},\"query-input\":\"required name=search_term_string\"}],\"inLanguage\":\"de\"},{\"@type\":\"WebPage\",\"@id\":\"https:\/\/locandadelleacque.it\/de\/wie-sie-uns-erreichen\/#webpage\",\"url\":\"https:\/\/locandadelleacque.it\/de\/wie-sie-uns-erreichen\/\",\"name\":\"Wie Sie uns erreichen | B&amp;B Venezia Locanda delle Acque\",\"isPartOf\":{\"@id\":\"https:\/\/locandadelleacque.it\/#website\"},\"datePublished\":\"2016-01-10T16:01:32+00:00\",\"dateModified\":\"2018-06-05T09:34:56+00:00\",\"breadcrumb\":{\"@id\":\"https:\/\/locandadelleacque.it\/de\/wie-sie-uns-erreichen\/#breadcrumb\"},\"inLanguage\":\"de\",\"potentialAction\":[{\"@type\":\"ReadAction\",\"target\":[\"https:\/\/locandadelleacque.it\/de\/wie-sie-uns-erreichen\/\"]}]},{\"@type\":\"BreadcrumbList\",\"@id\":\"https:\/\/locandadelleacque.it\/de\/wie-sie-uns-erreichen\/#breadcrumb\",\"itemListElement\":[{\"@type\":\"ListItem\",\"position\":1,\"name\":\"Home\",\"item\":\"https:\/\/locandadelleacque.it\/de\/\"},{\"@type\":\"ListItem\",\"position\":2,\"name\":\"Wie Sie uns erreichen\"}]}]}<\/script>\n<!-- \/ Yoast SEO plugin. -->","yoast_head_json":{"title":"Wie Sie uns erreichen | B&amp;B Venezia Locanda delle Acque","robots":{"index":"index","follow":"follow","max-snippet":"max-snippet:-1","max-image-preview":"max-image-preview:large","max-video-preview":"max-video-preview:-1"},"canonical":"https:\/\/locandadelleacque.it\/de\/wie-sie-uns-erreichen\/","og_locale":"de_DE","og_type":"article","og_title":"Wie Sie uns erreichen | B&amp;B Venezia Locanda delle Acque","og_description":"[vc_row][vc_column][vc_raw_js]JTNDc3R5bGUlM0UlMEElMjAlMjAlMjAlMjAlMjAlMjAlMjNtYXAlMjAlN0IlMEElMjAlMjAlMjAlMjAlMjAlMjAlMjAlMjBoZWlnaHQlM0ElMjA2MDBweCUzQiUwQSUyMCUyMCUyMCUyMCUyMCUyMCUyMCUyMHdpZHRoJTNBJTIwMTAwJTI1JTNCJTBBJTIwJTIwJTIwJTIwJTIwJTIwJTIwJTdEJTBBJTIwJTIwJTIwJTIwJTNDJTJGc3R5bGUlM0UlMEElMjAlM0NkaXYlMjBpZCUzRCUyMm1hcCUyMiUzRSUzQyUyRmRpdiUzRSUwQSUyMCUyMCUyMCUyMCUzQ3NjcmlwdCUzRSUwQSUyMCUyMCUyMCUyMCUyMCUyMGZ1bmN0aW9uJTIwaW5pdE1hcCUyOCUyOSUyMCU3QiUwQSUyMCUyMCUyMCUyMCUyMCUyMCUyMCUyMHZhciUyMHVsdXJ1JTIwJTNEJTIwJTdCbGF0JTNBJTIwNDUuNDM2NTM0JTJDJTIwbG5nJTNBJTIwMTIuMzM3NTAyJTdEJTNCJTBBJTIwJTIwJTIwJTIwJTIwJTIwJTIwJTIwdmFyJTIwbWFwJTIwJTNEJTIwbmV3JTIwZ29vZ2xlLm1hcHMuTWFwJTI4ZG9jdW1lbnQuZ2V0RWxlbWVudEJ5SWQlMjglMjdtYXAlMjclMjklMkMlMjAlN0IlMEElMjAlMjAlMjAlMjAlMjAlMjAlMjAlMjAlMjAlMjB6b29tJTNBJTIwMTYlMkMlMEElMjAlMjAlMjAlMjAlMjAlMjAlMjAlMjAlMjAlMjBjZW50ZXIlM0ElMjB1bHVydSUwQSUyMCUyMCUyMCUyMCUyMCUyMCUyMCUyMCU3RCUyOSUzQiUwQSUyMCUyMCUyMCUyMCUyMCUyMCUyMCUyMHZhciUyMG1hcmtlciUyMCUzRCUyMG5ldyUyMGdvb2dsZS5tYXBzLk1hcmtlciUyOCU3QiUwQSUyMCUyMCUyMCUyMCUyMCUyMCUyMCUyMCUyMCUyMHBvc2l0aW9uJTNBJTIwdWx1cnUlMkMlMEElMjAlMjAlMjAlMjAlMjAlMjAlMjAlMjAlMjAlMjBtYXAlM0ElMjBtYXAlMkMlMEElMjAlMjAlMjAlMjAlMjAlMjAlMjAlMjAlMjAlMjB0aXRsZSUzQSUyMCUyN0xvY2FuZGElMjBkZWxsZSUyMEFjcXVlJTI3JTBBJTIwJTIwJTIwJTIwJTIwJTIwJTIwJTIwJTdEJTI5JTNCJTBBJTIwJTIwJTIwJTIwJTIwJTIwJTdEJTBBJTIwJTIwJTIwJTIwJTNDJTJGc2NyaXB0JTNFJTBBJTIwJTIwJTIwJTIwJTNDc2NyaXB0JTIwYXN5bmMlMjBkZWZlciUwQSUyMCUyMCUyMCUyMHNyYyUzRCUyMmh0dHBzJTNBJTJGJTJGbWFwcy5nb29nbGVhcGlzLmNvbSUyRm1hcHMlMkZhcGklMkZqcyUzRmtleSUzREFJemFTeUI1RndFN3pvelFXSndIZlJpakxDTS11Zml3M0Z2YXI1dyUyNmNhbGxiYWNrJTNEaW5pdE1hcCUyMiUzRSUwQSUyMCUyMCUyMCUyMCUzQyUyRnNjcmlwdCUzRSUyMA==[\/vc_raw_js][\/vc_column][\/vc_row][vc_row][vc_column][vc_column_text] Wie Sie uns erreichen Sie k\u00f6nnen das C\u00e0 delle Acque auf [&hellip;]","og_url":"https:\/\/locandadelleacque.it\/de\/wie-sie-uns-erreichen\/","og_site_name":"B&amp;B Venezia Locanda delle Acque","article_modified_time":"2018-06-05T09:34:56+00:00","twitter_card":"summary","twitter_misc":{"Gesch\u00e4tzte Lesezeit":"2\u00a0Minuten"},"schema":{"@context":"https:\/\/schema.org","@graph":[{"@type":"WebSite","@id":"https:\/\/locandadelleacque.it\/#website","url":"https:\/\/locandadelleacque.it\/","name":"B&amp;B Venezia Locanda delle Acque","description":false,"potentialAction":[{"@type":"SearchAction","target":{"@type":"EntryPoint","urlTemplate":"https:\/\/locandadelleacque.it\/?s={search_term_string}"},"query-input":"required name=search_term_string"}],"inLanguage":"de"},{"@type":"WebPage","@id":"https:\/\/locandadelleacque.it\/de\/wie-sie-uns-erreichen\/#webpage","url":"https:\/\/locandadelleacque.it\/de\/wie-sie-uns-erreichen\/","name":"Wie Sie uns erreichen | B&amp;B Venezia Locanda delle Acque","isPartOf":{"@id":"https:\/\/locandadelleacque.it\/#website"},"datePublished":"2016-01-10T16:01:32+00:00","dateModified":"2018-06-05T09:34:56+00:00","breadcrumb":{"@id":"https:\/\/locandadelleacque.it\/de\/wie-sie-uns-erreichen\/#breadcrumb"},"inLanguage":"de","potentialAction":[{"@type":"ReadAction","target":["https:\/\/locandadelleacque.it\/de\/wie-sie-uns-erreichen\/"]}]},{"@type":"BreadcrumbList","@id":"https:\/\/locandadelleacque.it\/de\/wie-sie-uns-erreichen\/#breadcrumb","itemListElement":[{"@type":"ListItem","position":1,"name":"Home","item":"https:\/\/locandadelleacque.it\/de\/"},{"@type":"ListItem","position":2,"name":"Wie Sie uns erreichen"}]}]}},"_links":{"self":[{"href":"https:\/\/locandadelleacque.it\/de\/wp-json\/wp\/v2\/pages\/360"}],"collection":[{"href":"https:\/\/locandadelleacque.it\/de\/wp-json\/wp\/v2\/pages"}],"about":[{"href":"https:\/\/locandadelleacque.it\/de\/wp-json\/wp\/v2\/types\/page"}],"author":[{"embeddable":true,"href":"https:\/\/locandadelleacque.it\/de\/wp-json\/wp\/v2\/users\/1"}],"replies":[{"embeddable":true,"href":"https:\/\/locandadelleacque.it\/de\/wp-json\/wp\/v2\/comments?post=360"}],"version-history":[{"count":3,"href":"https:\/\/locandadelleacque.it\/de\/wp-json\/wp\/v2\/pages\/360\/revisions"}],"predecessor-version":[{"id":666,"href":"https:\/\/locandadelleacque.it\/de\/wp-json\/wp\/v2\/pages\/360\/revisions\/666"}],"wp:attachment":[{"href":"https:\/\/locandadelleacque.it\/de\/wp-json\/wp\/v2\/media?parent=360"}],"curies":[{"name":"wp","href":"https:\/\/api.w.org\/{rel}","templated":true}]}}