{"id":390,"date":"2016-01-10T11:12:43","date_gmt":"2016-01-10T11:12:43","guid":{"rendered":"http:\/\/locandadelleacque.it\/wp\/de\/posizione\/"},"modified":"2016-05-11T13:11:20","modified_gmt":"2016-05-11T13:11:20","slug":"lage","status":"publish","type":"page","link":"https:\/\/locandadelleacque.it\/de\/lage\/","title":{"rendered":"Lage"},"content":{"rendered":"<p>[vc_row][vc_column width=&#8220;2\/3&#8243;][vc_column_text]<strong>Bed and Breakfast Venedig<\/strong> Ca&#8216; delle Acque ist ein gem\u00fctliches Unterk\u00fcnft in einer sehr zentralen und bequemen Lage.<\/p>\n<p>Vom Hotel Ca&#8216; delle Acque erreichen Sie mit kurzen Spazierg\u00e4ngen die bekanntesten Touristenziele. Auch ein Spaziergang zwischen typischen Gassen und kleinen Pl\u00e4tzen ohne ein bestimmtes Ziel ist empfehlenswert.<\/p>\n<p>Dabei k\u00f6nnen Sie die antiken Werkst\u00e4tten der Handwerkermeister bewundern, die sich nicht immer auf den vorgegebenen Touristenstrecken befinden, oder irgendeinen traumhaften Stadtwinkel entdecken, der gewiss ein Foto wert ist.<\/p>\n<p>Unsere G\u00e4ste k\u00f6nnen bei der Entdeckung Venedigs bei ihrem pulsierenden Herzen beginnen: Wir empfehlen Ihnen zuerst in das pulsierende Herz von Venedig, n\u00e4mlich das Stadtviertel Rialto zu gehen, das \u00fcber den Canal Grande f\u00fchrt, welcher der l\u00e4ngste, breiteste und tiefste Kanal der Stadt ist.<\/p>\n<p>Der Blick auf den <strong>Canal Grande<\/strong>, die nur so von Menschen wimmernde Hauptarterie Venedigs, wird einer der beeindruckendsten Momente Ihres Aufenthalts sein.<\/p>\n<p>Am Fu\u00dfe der <strong>Rialto-Br\u00fccke<\/strong> befindet sich au\u00dferdem der Obst- und Gem\u00fcsemarkt, der Fischmarkt und einige typische L\u00e4den, die Ihnen einen Einblick in den venezianischen Alltag gew\u00e4hren.<\/p>\n<p>San Marco ist ohne weiteres eine Pflichtetappe, die Sie folgend erreichen k\u00f6nnen: Vom Hotel Ca&#8216; delle Acque werden Sie in wenigen Minuten am Markusplatz sein. Man k\u00f6nnte ihn als Museum unter dem freien Himmel bezeichnen, in dem spektakul\u00e4re Kunstwerke aufbewahrt werden.<\/p>\n<p>Zu diesen geh\u00f6rt die wundersch\u00f6ne Markuskirche, ein Meisterwerk im byzantinischen Stil, das die Venezianer im Laufe der Jahrhunderte mit Werken, Manufakturen und wertvollen Gegenst\u00e4nden aus fernen L\u00e4ndern bereicherten.<\/p>\n<p>Abschie\u00dfend m\u00f6chten wir Ihnen noch einen romantischen Gondelausflug durch die Kan\u00e4le der Stadt, wenn m\u00f6glich bei Sonnenuntergang empfehlen. Der Ausflug kann vor dem Gasthaus gebucht werden. Diesen Aufenthalt werden Sie sicherlich nie vergessen![\/vc_column_text][vc_cta h2=&#8220;Finden Sie heraus, wie Sie uns erreichen&#8220; h4=&#8220;Es ist einfach, schau auf die Karte!&#8220; add_button=&#8220;right&#8220; btn_title=&#8220;Wie sie uns erreichen&#8220; css=&#8220;.vc_custom_1462972276307{margin-top: 30px !important;}&#8220; btn_link=&#8220;url:http%3A%2F%2Fwww.locandadelleacque.it%2Fde%2Fwie-sie-uns-erreichen%2F||&#8220;][\/vc_cta][\/vc_column][vc_column width=&#8220;1\/3&#8243;][vc_single_image image=&#8220;262&#8243; img_size=&#8220;full&#8220;][vc_single_image image=&#8220;263&#8243; img_size=&#8220;full&#8220;][\/vc_column][\/vc_row]<\/p>\n","protected":false},"excerpt":{"rendered":"<p>[vc_row][vc_column width=&#8220;2\/3&#8243;][vc_column_text]Bed and Breakfast Venedig Ca&#8216; delle Acque ist ein gem\u00fctliches Unterk\u00fcnft [&hellip;]<\/p>\n","protected":false},"author":1,"featured_media":0,"parent":0,"menu_order":0,"comment_status":"closed","ping_status":"closed","template":"","meta":[],"yoast_head":"<!-- This site is optimized with the Yoast SEO plugin v19.1 - https:\/\/yoast.com\/wordpress\/plugins\/seo\/ -->\n<title>Lage | B&amp;B Venezia Locanda delle Acque<\/title>\n<meta name=\"robots\" content=\"index, follow, max-snippet:-1, max-image-preview:large, max-video-preview:-1\" \/>\n<link rel=\"canonical\" href=\"https:\/\/locandadelleacque.it\/de\/lage\/\" \/>\n<meta property=\"og:locale\" content=\"de_DE\" \/>\n<meta property=\"og:type\" content=\"article\" \/>\n<meta property=\"og:title\" content=\"Lage | B&amp;B Venezia Locanda delle Acque\" \/>\n<meta property=\"og:description\" content=\"[vc_row][vc_column width=&#8220;2\/3&#8243;][vc_column_text]Bed and Breakfast Venedig Ca&#8216; delle Acque ist ein gem\u00fctliches Unterk\u00fcnft [&hellip;]\" \/>\n<meta property=\"og:url\" content=\"https:\/\/locandadelleacque.it\/de\/lage\/\" \/>\n<meta property=\"og:site_name\" content=\"B&amp;B Venezia Locanda delle Acque\" \/>\n<meta property=\"article:modified_time\" content=\"2016-05-11T13:11:20+00:00\" \/>\n<meta name=\"twitter:card\" content=\"summary\" \/>\n<meta name=\"twitter:label1\" content=\"Gesch\u00e4tzte Lesezeit\" \/>\n\t<meta name=\"twitter:data1\" content=\"2\u00a0Minuten\" \/>\n<script type=\"application\/ld+json\" class=\"yoast-schema-graph\">{\"@context\":\"https:\/\/schema.org\",\"@graph\":[{\"@type\":\"WebSite\",\"@id\":\"https:\/\/locandadelleacque.it\/#website\",\"url\":\"https:\/\/locandadelleacque.it\/\",\"name\":\"B&amp;B Venezia Locanda delle Acque\",\"description\":false,\"potentialAction\":[{\"@type\":\"SearchAction\",\"target\":{\"@type\":\"EntryPoint\",\"urlTemplate\":\"https:\/\/locandadelleacque.it\/?s={search_term_string}\"},\"query-input\":\"required name=search_term_string\"}],\"inLanguage\":\"de\"},{\"@type\":\"WebPage\",\"@id\":\"https:\/\/locandadelleacque.it\/de\/lage\/#webpage\",\"url\":\"https:\/\/locandadelleacque.it\/de\/lage\/\",\"name\":\"Lage | B&amp;B Venezia Locanda delle Acque\",\"isPartOf\":{\"@id\":\"https:\/\/locandadelleacque.it\/#website\"},\"datePublished\":\"2016-01-10T11:12:43+00:00\",\"dateModified\":\"2016-05-11T13:11:20+00:00\",\"breadcrumb\":{\"@id\":\"https:\/\/locandadelleacque.it\/de\/lage\/#breadcrumb\"},\"inLanguage\":\"de\",\"potentialAction\":[{\"@type\":\"ReadAction\",\"target\":[\"https:\/\/locandadelleacque.it\/de\/lage\/\"]}]},{\"@type\":\"BreadcrumbList\",\"@id\":\"https:\/\/locandadelleacque.it\/de\/lage\/#breadcrumb\",\"itemListElement\":[{\"@type\":\"ListItem\",\"position\":1,\"name\":\"Home\",\"item\":\"https:\/\/locandadelleacque.it\/de\/\"},{\"@type\":\"ListItem\",\"position\":2,\"name\":\"Lage\"}]}]}<\/script>\n<!-- \/ Yoast SEO plugin. -->","yoast_head_json":{"title":"Lage | B&amp;B Venezia Locanda delle Acque","robots":{"index":"index","follow":"follow","max-snippet":"max-snippet:-1","max-image-preview":"max-image-preview:large","max-video-preview":"max-video-preview:-1"},"canonical":"https:\/\/locandadelleacque.it\/de\/lage\/","og_locale":"de_DE","og_type":"article","og_title":"Lage | B&amp;B Venezia Locanda delle Acque","og_description":"[vc_row][vc_column width=&#8220;2\/3&#8243;][vc_column_text]Bed and Breakfast Venedig Ca&#8216; delle Acque ist ein gem\u00fctliches Unterk\u00fcnft [&hellip;]","og_url":"https:\/\/locandadelleacque.it\/de\/lage\/","og_site_name":"B&amp;B Venezia Locanda delle Acque","article_modified_time":"2016-05-11T13:11:20+00:00","twitter_card":"summary","twitter_misc":{"Gesch\u00e4tzte Lesezeit":"2\u00a0Minuten"},"schema":{"@context":"https:\/\/schema.org","@graph":[{"@type":"WebSite","@id":"https:\/\/locandadelleacque.it\/#website","url":"https:\/\/locandadelleacque.it\/","name":"B&amp;B Venezia Locanda delle Acque","description":false,"potentialAction":[{"@type":"SearchAction","target":{"@type":"EntryPoint","urlTemplate":"https:\/\/locandadelleacque.it\/?s={search_term_string}"},"query-input":"required name=search_term_string"}],"inLanguage":"de"},{"@type":"WebPage","@id":"https:\/\/locandadelleacque.it\/de\/lage\/#webpage","url":"https:\/\/locandadelleacque.it\/de\/lage\/","name":"Lage | B&amp;B Venezia Locanda delle Acque","isPartOf":{"@id":"https:\/\/locandadelleacque.it\/#website"},"datePublished":"2016-01-10T11:12:43+00:00","dateModified":"2016-05-11T13:11:20+00:00","breadcrumb":{"@id":"https:\/\/locandadelleacque.it\/de\/lage\/#breadcrumb"},"inLanguage":"de","potentialAction":[{"@type":"ReadAction","target":["https:\/\/locandadelleacque.it\/de\/lage\/"]}]},{"@type":"BreadcrumbList","@id":"https:\/\/locandadelleacque.it\/de\/lage\/#breadcrumb","itemListElement":[{"@type":"ListItem","position":1,"name":"Home","item":"https:\/\/locandadelleacque.it\/de\/"},{"@type":"ListItem","position":2,"name":"Lage"}]}]}},"_links":{"self":[{"href":"https:\/\/locandadelleacque.it\/de\/wp-json\/wp\/v2\/pages\/390"}],"collection":[{"href":"https:\/\/locandadelleacque.it\/de\/wp-json\/wp\/v2\/pages"}],"about":[{"href":"https:\/\/locandadelleacque.it\/de\/wp-json\/wp\/v2\/types\/page"}],"author":[{"embeddable":true,"href":"https:\/\/locandadelleacque.it\/de\/wp-json\/wp\/v2\/users\/1"}],"replies":[{"embeddable":true,"href":"https:\/\/locandadelleacque.it\/de\/wp-json\/wp\/v2\/comments?post=390"}],"version-history":[{"count":6,"href":"https:\/\/locandadelleacque.it\/de\/wp-json\/wp\/v2\/pages\/390\/revisions"}],"predecessor-version":[{"id":571,"href":"https:\/\/locandadelleacque.it\/de\/wp-json\/wp\/v2\/pages\/390\/revisions\/571"}],"wp:attachment":[{"href":"https:\/\/locandadelleacque.it\/de\/wp-json\/wp\/v2\/media?parent=390"}],"curies":[{"name":"wp","href":"https:\/\/api.w.org\/{rel}","templated":true}]}}