{"id":473,"date":"2016-05-02T12:40:57","date_gmt":"2016-05-02T12:40:57","guid":{"rendered":"http:\/\/locandadelleacque.it\/wp\/de\/hotel-ottima-posizione\/"},"modified":"2016-05-02T12:50:00","modified_gmt":"2016-05-02T12:50:00","slug":"erstklassige-lage","status":"publish","type":"page","link":"https:\/\/locandadelleacque.it\/de\/erstklassige-lage\/","title":{"rendered":"Erstklassige Lage"},"content":{"rendered":"<p>[vc_row][vc_column width=&#8220;1\/4&#8243;][vc_single_image image=&#8220;468&#8243;][\/vc_column][vc_column width=&#8220;3\/4&#8243;][vc_column_text]<\/p>\n<div><span id=\"noHighlight_0.2856381193269044\">Ca&#8216; Delle Acque als &#8222;<span id=\"ouHighlight__0_4TO0_11\" class=\"\">erstklassige<\/span><span id=\"noHighlight_0.49636717699468136\">\u00a0<\/span><span id=\"ouHighlight__6_13TO13_16\" class=\"\">Lage<\/span>&#8220; von Expedia.com\u00a0Benutzer auf der ganzen Welt gerichtet wurde.<\/span><\/div>\n<div><span id=\"noHighlight_0.9483789508230984\">Was bedeutet es?<\/span><\/div>\n<div><span id=\"noHighlight_0.3820973446127027\">Dieses Abzeichen basiert ausschlie\u00dflich auf Benutzer \u00fcberpr\u00fcft. Expedia.com\u00a0hat die besten Hotels in verschiedenen Kategorien (Standort etc.) ausgew\u00e4hlt, und \u00a0Locanda Delle Acque ist\u00a0&#8222;<span id=\"ouHighlight__0_4TO0_11\" class=\"\">erstklassige<\/span><span id=\"noHighlight_0.49636717699468136\">\u00a0<\/span><span id=\"ouHighlight__6_13TO13_16\" class=\"\">Lage<\/span>&#8222;!<\/span><\/div>\n<p>[\/vc_column_text][\/vc_column][\/vc_row]<\/p>\n","protected":false},"excerpt":{"rendered":"<p>[vc_row][vc_column width=&#8220;1\/4&#8243;][vc_single_image image=&#8220;468&#8243;][\/vc_column][vc_column width=&#8220;3\/4&#8243;][vc_column_text] Ca&#8216; Delle Acque als &#8222;erstklassige\u00a0Lage&#8220; von Expedia.com\u00a0Benutzer auf [&hellip;]<\/p>\n","protected":false},"author":1,"featured_media":0,"parent":0,"menu_order":0,"comment_status":"closed","ping_status":"closed","template":"","meta":[],"yoast_head":"<!-- This site is optimized with the Yoast SEO plugin v19.1 - https:\/\/yoast.com\/wordpress\/plugins\/seo\/ -->\n<title>Erstklassige Lage | B&amp;B Venezia Locanda delle Acque<\/title>\n<meta name=\"robots\" content=\"index, follow, max-snippet:-1, max-image-preview:large, max-video-preview:-1\" \/>\n<link rel=\"canonical\" href=\"https:\/\/locandadelleacque.it\/de\/erstklassige-lage\/\" \/>\n<meta property=\"og:locale\" content=\"de_DE\" \/>\n<meta property=\"og:type\" content=\"article\" \/>\n<meta property=\"og:title\" content=\"Erstklassige Lage | B&amp;B Venezia Locanda delle Acque\" \/>\n<meta property=\"og:description\" content=\"[vc_row][vc_column width=&#8220;1\/4&#8243;][vc_single_image image=&#8220;468&#8243;][\/vc_column][vc_column width=&#8220;3\/4&#8243;][vc_column_text] Ca&#8216; Delle Acque als &#8222;erstklassige\u00a0Lage&#8220; von Expedia.com\u00a0Benutzer auf [&hellip;]\" \/>\n<meta property=\"og:url\" content=\"https:\/\/locandadelleacque.it\/de\/erstklassige-lage\/\" \/>\n<meta property=\"og:site_name\" content=\"B&amp;B Venezia Locanda delle Acque\" \/>\n<meta property=\"article:modified_time\" content=\"2016-05-02T12:50:00+00:00\" \/>\n<meta name=\"twitter:card\" content=\"summary\" \/>\n<script type=\"application\/ld+json\" class=\"yoast-schema-graph\">{\"@context\":\"https:\/\/schema.org\",\"@graph\":[{\"@type\":\"WebSite\",\"@id\":\"https:\/\/locandadelleacque.it\/#website\",\"url\":\"https:\/\/locandadelleacque.it\/\",\"name\":\"B&amp;B Venezia Locanda delle Acque\",\"description\":false,\"potentialAction\":[{\"@type\":\"SearchAction\",\"target\":{\"@type\":\"EntryPoint\",\"urlTemplate\":\"https:\/\/locandadelleacque.it\/?s={search_term_string}\"},\"query-input\":\"required name=search_term_string\"}],\"inLanguage\":\"de\"},{\"@type\":\"WebPage\",\"@id\":\"https:\/\/locandadelleacque.it\/de\/erstklassige-lage\/#webpage\",\"url\":\"https:\/\/locandadelleacque.it\/de\/erstklassige-lage\/\",\"name\":\"Erstklassige Lage | B&amp;B Venezia Locanda delle Acque\",\"isPartOf\":{\"@id\":\"https:\/\/locandadelleacque.it\/#website\"},\"datePublished\":\"2016-05-02T12:40:57+00:00\",\"dateModified\":\"2016-05-02T12:50:00+00:00\",\"breadcrumb\":{\"@id\":\"https:\/\/locandadelleacque.it\/de\/erstklassige-lage\/#breadcrumb\"},\"inLanguage\":\"de\",\"potentialAction\":[{\"@type\":\"ReadAction\",\"target\":[\"https:\/\/locandadelleacque.it\/de\/erstklassige-lage\/\"]}]},{\"@type\":\"BreadcrumbList\",\"@id\":\"https:\/\/locandadelleacque.it\/de\/erstklassige-lage\/#breadcrumb\",\"itemListElement\":[{\"@type\":\"ListItem\",\"position\":1,\"name\":\"Home\",\"item\":\"https:\/\/locandadelleacque.it\/de\/\"},{\"@type\":\"ListItem\",\"position\":2,\"name\":\"Erstklassige Lage\"}]}]}<\/script>\n<!-- \/ Yoast SEO plugin. -->","yoast_head_json":{"title":"Erstklassige Lage | B&amp;B Venezia Locanda delle Acque","robots":{"index":"index","follow":"follow","max-snippet":"max-snippet:-1","max-image-preview":"max-image-preview:large","max-video-preview":"max-video-preview:-1"},"canonical":"https:\/\/locandadelleacque.it\/de\/erstklassige-lage\/","og_locale":"de_DE","og_type":"article","og_title":"Erstklassige Lage | B&amp;B Venezia Locanda delle Acque","og_description":"[vc_row][vc_column width=&#8220;1\/4&#8243;][vc_single_image image=&#8220;468&#8243;][\/vc_column][vc_column width=&#8220;3\/4&#8243;][vc_column_text] Ca&#8216; Delle Acque als &#8222;erstklassige\u00a0Lage&#8220; von Expedia.com\u00a0Benutzer auf [&hellip;]","og_url":"https:\/\/locandadelleacque.it\/de\/erstklassige-lage\/","og_site_name":"B&amp;B Venezia Locanda delle Acque","article_modified_time":"2016-05-02T12:50:00+00:00","twitter_card":"summary","schema":{"@context":"https:\/\/schema.org","@graph":[{"@type":"WebSite","@id":"https:\/\/locandadelleacque.it\/#website","url":"https:\/\/locandadelleacque.it\/","name":"B&amp;B Venezia Locanda delle Acque","description":false,"potentialAction":[{"@type":"SearchAction","target":{"@type":"EntryPoint","urlTemplate":"https:\/\/locandadelleacque.it\/?s={search_term_string}"},"query-input":"required name=search_term_string"}],"inLanguage":"de"},{"@type":"WebPage","@id":"https:\/\/locandadelleacque.it\/de\/erstklassige-lage\/#webpage","url":"https:\/\/locandadelleacque.it\/de\/erstklassige-lage\/","name":"Erstklassige Lage | B&amp;B Venezia Locanda delle Acque","isPartOf":{"@id":"https:\/\/locandadelleacque.it\/#website"},"datePublished":"2016-05-02T12:40:57+00:00","dateModified":"2016-05-02T12:50:00+00:00","breadcrumb":{"@id":"https:\/\/locandadelleacque.it\/de\/erstklassige-lage\/#breadcrumb"},"inLanguage":"de","potentialAction":[{"@type":"ReadAction","target":["https:\/\/locandadelleacque.it\/de\/erstklassige-lage\/"]}]},{"@type":"BreadcrumbList","@id":"https:\/\/locandadelleacque.it\/de\/erstklassige-lage\/#breadcrumb","itemListElement":[{"@type":"ListItem","position":1,"name":"Home","item":"https:\/\/locandadelleacque.it\/de\/"},{"@type":"ListItem","position":2,"name":"Erstklassige Lage"}]}]}},"_links":{"self":[{"href":"https:\/\/locandadelleacque.it\/de\/wp-json\/wp\/v2\/pages\/473"}],"collection":[{"href":"https:\/\/locandadelleacque.it\/de\/wp-json\/wp\/v2\/pages"}],"about":[{"href":"https:\/\/locandadelleacque.it\/de\/wp-json\/wp\/v2\/types\/page"}],"author":[{"embeddable":true,"href":"https:\/\/locandadelleacque.it\/de\/wp-json\/wp\/v2\/users\/1"}],"replies":[{"embeddable":true,"href":"https:\/\/locandadelleacque.it\/de\/wp-json\/wp\/v2\/comments?post=473"}],"version-history":[{"count":1,"href":"https:\/\/locandadelleacque.it\/de\/wp-json\/wp\/v2\/pages\/473\/revisions"}],"predecessor-version":[{"id":478,"href":"https:\/\/locandadelleacque.it\/de\/wp-json\/wp\/v2\/pages\/473\/revisions\/478"}],"wp:attachment":[{"href":"https:\/\/locandadelleacque.it\/de\/wp-json\/wp\/v2\/media?parent=473"}],"curies":[{"name":"wp","href":"https:\/\/api.w.org\/{rel}","templated":true}]}}