{"id":329,"date":"2016-01-10T15:41:59","date_gmt":"2016-01-10T15:41:59","guid":{"rendered":"http:\/\/locandadelleacque.it\/wp\/camere\/?lang=es"},"modified":"2016-05-11T13:25:28","modified_gmt":"2016-05-11T13:25:28","slug":"habitaciones","status":"publish","type":"page","link":"https:\/\/locandadelleacque.it\/es\/habitaciones\/","title":{"rendered":"Habitaciones"},"content":{"rendered":"<p>[vc_row][vc_column][\/vc_column][\/vc_row][vc_row][vc_column width=\u00bb1\/2&#8243;][vc_column_text]Si se aloja en Ca&#8217; delle Acque, tendr\u00e1 la sensaci\u00f3n de estar en su propia casa.<\/p>\n<p>Tras sus visitas a la ciudad, podr\u00e1 relajarse en nuestras amplias y c\u00f3modas habitaciones.<\/p>\n<p>La amabilidad y la profesionalidad del personal, siempre dispuesto a escuchar sus sugerencias y deseos, y la pizca de romanticismo que regala nuestro desayuno en la habitaci\u00f3n har\u00e1n que su estancia en Venecia sea realmente inolvidable.<\/p>\n<p>Las habitaciones de Ca&#8217; delle Acque se cuentan entre las m\u00e1s c\u00f3modas ofrecidas por los bed and breakfast de Venecia.<\/p>\n<p>Est\u00e1n disponibles en versi\u00f3n individual, doble (con camas separadas) y matrimonial, tienen todas cuarto de ba\u00f1o privado con ducha y secador, televisor.[\/vc_column_text][vc_cta h2=\u00bb\u00bfQuieres ver todas las fotos?\u00bb h4=\u00bbVer la galer\u00eda completa!\u00bb add_button=\u00bbright\u00bb btn_title=\u00bbGallery\u00bb btn_link=\u00bburl:http%3A%2F%2Fwww.locandadelleacque.it%2Fes%2Fgallery-2%2F||\u00bb][\/vc_cta][\/vc_column][vc_column width=\u00bb1\/2&#8243;][vc_gallery interval=\u00bb3&#8243; images=\u00bb272,273,274&#8243; img_size=\u00bbfull\u00bb][\/vc_column][\/vc_row]<\/p>\n","protected":false},"excerpt":{"rendered":"<p>[vc_row][vc_column][\/vc_column][\/vc_row][vc_row][vc_column width=\u00bb1\/2&#8243;][vc_column_text]Si se aloja en Ca&#8217; delle Acque, tendr\u00e1 la sensaci\u00f3n de [&hellip;]<\/p>\n","protected":false},"author":1,"featured_media":0,"parent":0,"menu_order":0,"comment_status":"closed","ping_status":"closed","template":"","meta":[],"yoast_head":"<!-- This site is optimized with the Yoast SEO plugin v19.1 - https:\/\/yoast.com\/wordpress\/plugins\/seo\/ -->\n<title>Habitaciones | B&amp;B Venezia Locanda delle Acque<\/title>\n<meta name=\"robots\" content=\"index, follow, max-snippet:-1, max-image-preview:large, max-video-preview:-1\" \/>\n<link rel=\"canonical\" href=\"https:\/\/locandadelleacque.it\/es\/habitaciones\/\" \/>\n<meta property=\"og:locale\" content=\"es_ES\" \/>\n<meta property=\"og:type\" content=\"article\" \/>\n<meta property=\"og:title\" content=\"Habitaciones | B&amp;B Venezia Locanda delle Acque\" \/>\n<meta property=\"og:description\" content=\"[vc_row][vc_column][\/vc_column][\/vc_row][vc_row][vc_column width=\u00bb1\/2&#8243;][vc_column_text]Si se aloja en Ca&#8217; delle Acque, tendr\u00e1 la sensaci\u00f3n de [&hellip;]\" \/>\n<meta property=\"og:url\" content=\"https:\/\/locandadelleacque.it\/es\/habitaciones\/\" \/>\n<meta property=\"og:site_name\" content=\"B&amp;B Venezia Locanda delle Acque\" \/>\n<meta property=\"article:modified_time\" content=\"2016-05-11T13:25:28+00:00\" \/>\n<meta name=\"twitter:card\" content=\"summary\" \/>\n<meta name=\"twitter:label1\" content=\"Tiempo de lectura\" \/>\n\t<meta name=\"twitter:data1\" content=\"1 minuto\" \/>\n<script type=\"application\/ld+json\" class=\"yoast-schema-graph\">{\"@context\":\"https:\/\/schema.org\",\"@graph\":[{\"@type\":\"WebSite\",\"@id\":\"https:\/\/locandadelleacque.it\/#website\",\"url\":\"https:\/\/locandadelleacque.it\/\",\"name\":\"B&amp;B Venezia Locanda delle Acque\",\"description\":false,\"potentialAction\":[{\"@type\":\"SearchAction\",\"target\":{\"@type\":\"EntryPoint\",\"urlTemplate\":\"https:\/\/locandadelleacque.it\/?s={search_term_string}\"},\"query-input\":\"required name=search_term_string\"}],\"inLanguage\":\"es\"},{\"@type\":\"WebPage\",\"@id\":\"https:\/\/locandadelleacque.it\/es\/habitaciones\/#webpage\",\"url\":\"https:\/\/locandadelleacque.it\/es\/habitaciones\/\",\"name\":\"Habitaciones | B&amp;B Venezia Locanda delle Acque\",\"isPartOf\":{\"@id\":\"https:\/\/locandadelleacque.it\/#website\"},\"datePublished\":\"2016-01-10T15:41:59+00:00\",\"dateModified\":\"2016-05-11T13:25:28+00:00\",\"breadcrumb\":{\"@id\":\"https:\/\/locandadelleacque.it\/es\/habitaciones\/#breadcrumb\"},\"inLanguage\":\"es\",\"potentialAction\":[{\"@type\":\"ReadAction\",\"target\":[\"https:\/\/locandadelleacque.it\/es\/habitaciones\/\"]}]},{\"@type\":\"BreadcrumbList\",\"@id\":\"https:\/\/locandadelleacque.it\/es\/habitaciones\/#breadcrumb\",\"itemListElement\":[{\"@type\":\"ListItem\",\"position\":1,\"name\":\"Home\",\"item\":\"https:\/\/locandadelleacque.it\/es\/\"},{\"@type\":\"ListItem\",\"position\":2,\"name\":\"Habitaciones\"}]}]}<\/script>\n<!-- \/ Yoast SEO plugin. -->","yoast_head_json":{"title":"Habitaciones | B&amp;B Venezia Locanda delle Acque","robots":{"index":"index","follow":"follow","max-snippet":"max-snippet:-1","max-image-preview":"max-image-preview:large","max-video-preview":"max-video-preview:-1"},"canonical":"https:\/\/locandadelleacque.it\/es\/habitaciones\/","og_locale":"es_ES","og_type":"article","og_title":"Habitaciones | B&amp;B Venezia Locanda delle Acque","og_description":"[vc_row][vc_column][\/vc_column][\/vc_row][vc_row][vc_column width=\u00bb1\/2&#8243;][vc_column_text]Si se aloja en Ca&#8217; delle Acque, tendr\u00e1 la sensaci\u00f3n de [&hellip;]","og_url":"https:\/\/locandadelleacque.it\/es\/habitaciones\/","og_site_name":"B&amp;B Venezia Locanda delle Acque","article_modified_time":"2016-05-11T13:25:28+00:00","twitter_card":"summary","twitter_misc":{"Tiempo de lectura":"1 minuto"},"schema":{"@context":"https:\/\/schema.org","@graph":[{"@type":"WebSite","@id":"https:\/\/locandadelleacque.it\/#website","url":"https:\/\/locandadelleacque.it\/","name":"B&amp;B Venezia Locanda delle Acque","description":false,"potentialAction":[{"@type":"SearchAction","target":{"@type":"EntryPoint","urlTemplate":"https:\/\/locandadelleacque.it\/?s={search_term_string}"},"query-input":"required name=search_term_string"}],"inLanguage":"es"},{"@type":"WebPage","@id":"https:\/\/locandadelleacque.it\/es\/habitaciones\/#webpage","url":"https:\/\/locandadelleacque.it\/es\/habitaciones\/","name":"Habitaciones | B&amp;B Venezia Locanda delle Acque","isPartOf":{"@id":"https:\/\/locandadelleacque.it\/#website"},"datePublished":"2016-01-10T15:41:59+00:00","dateModified":"2016-05-11T13:25:28+00:00","breadcrumb":{"@id":"https:\/\/locandadelleacque.it\/es\/habitaciones\/#breadcrumb"},"inLanguage":"es","potentialAction":[{"@type":"ReadAction","target":["https:\/\/locandadelleacque.it\/es\/habitaciones\/"]}]},{"@type":"BreadcrumbList","@id":"https:\/\/locandadelleacque.it\/es\/habitaciones\/#breadcrumb","itemListElement":[{"@type":"ListItem","position":1,"name":"Home","item":"https:\/\/locandadelleacque.it\/es\/"},{"@type":"ListItem","position":2,"name":"Habitaciones"}]}]}},"_links":{"self":[{"href":"https:\/\/locandadelleacque.it\/es\/wp-json\/wp\/v2\/pages\/329"}],"collection":[{"href":"https:\/\/locandadelleacque.it\/es\/wp-json\/wp\/v2\/pages"}],"about":[{"href":"https:\/\/locandadelleacque.it\/es\/wp-json\/wp\/v2\/types\/page"}],"author":[{"embeddable":true,"href":"https:\/\/locandadelleacque.it\/es\/wp-json\/wp\/v2\/users\/1"}],"replies":[{"embeddable":true,"href":"https:\/\/locandadelleacque.it\/es\/wp-json\/wp\/v2\/comments?post=329"}],"version-history":[{"count":3,"href":"https:\/\/locandadelleacque.it\/es\/wp-json\/wp\/v2\/pages\/329\/revisions"}],"predecessor-version":[{"id":577,"href":"https:\/\/locandadelleacque.it\/es\/wp-json\/wp\/v2\/pages\/329\/revisions\/577"}],"wp:attachment":[{"href":"https:\/\/locandadelleacque.it\/es\/wp-json\/wp\/v2\/media?parent=329"}],"curies":[{"name":"wp","href":"https:\/\/api.w.org\/{rel}","templated":true}]}}