{"id":344,"date":"2016-01-10T10:38:20","date_gmt":"2016-01-10T10:38:20","guid":{"rendered":"http:\/\/locandadelleacque.it\/wp\/es\/descrizione\/"},"modified":"2016-05-11T12:47:46","modified_gmt":"2016-05-11T12:47:46","slug":"descripcion","status":"publish","type":"page","link":"https:\/\/locandadelleacque.it\/es\/descripcion\/","title":{"rendered":"Descripci\u00f2n"},"content":{"rendered":"<p>[vc_row][vc_column][\/vc_column][\/vc_row][vc_row][vc_column width=\u00bb2\/3&#8243;][vc_column_text]Ca&#8217; delle Acque es un agradable <strong>bed &amp; breakfast en Venecia<\/strong> situado a un paso de la <strong>Plaza San Marco<\/strong> y del <strong>Puente Rialto<\/strong>.<br \/>\nEl clima joven y din\u00e1mico, la c\u00e1lida hospitalidad y el placentero ambiente informal hacen de Ca&#8217; delle Acque un lugar ideal para pasar vacaciones divertidas y rom\u00e1nticas en la ciudad m\u00e1s bella del mundo.<\/p>\n<p>El personal de Ca&#8217; delle Acque est\u00e1 a su completa disposici\u00f3n para hacer lo m\u00e1s agradable possible su estancia en nuestro <strong>B&amp;B en Venecia<\/strong>, en el que podr\u00e1 elegir el tipo de alojamiento que prefiera entre c\u00f3modas habitaciones dobles con cuarto de ba\u00f1o privado cada uno en un plano diferente, una caracter\u00edstica \u00fanica a Venecia.<\/p>\n<p>A su llegada recibir\u00e1 un mapa actualizado de la ciudad y muchos consejos \u00fatiles sobre locales, fondas, exposiciones y espect\u00e1culos que no se puede perder. A todos los hu\u00e9spedes ofrecemos sin cargo una excursi\u00f3n guiada a una c\u00e9lebre cristaler\u00eda de la <strong>Isla de Murano<\/strong>.[\/vc_column_text][vc_cta h2=\u00bb\u00bfQuieres visitar Venecia a un precio de ganga?\u00bb h4=\u00bb\u00a1 Mira nuestras ofertas!\u00bb add_button=\u00bbright\u00bb btn_title=\u00bbOfertas especiales\u00bb css=\u00bb.vc_custom_1462970863424{margin-top: 30px !important;}\u00bb btn_link=\u00bburl:http%3A%2F%2Fwww.locandadelleacque.it%2Fes%2Fofferte-speciali%2F||\u00bb][\/vc_cta][\/vc_column][vc_column width=\u00bb1\/3&#8243;][vc_single_image image=\u00bb252&#8243; img_size=\u00bbfull\u00bb alignment=\u00bbright\u00bb][\/vc_column][\/vc_row]<\/p>\n","protected":false},"excerpt":{"rendered":"<p>[vc_row][vc_column][\/vc_column][\/vc_row][vc_row][vc_column width=\u00bb2\/3&#8243;][vc_column_text]Ca&#8217; delle Acque es un agradable bed &amp; breakfast en Venecia [&hellip;]<\/p>\n","protected":false},"author":1,"featured_media":0,"parent":0,"menu_order":0,"comment_status":"closed","ping_status":"closed","template":"","meta":[],"yoast_head":"<!-- This site is optimized with the Yoast SEO plugin v19.1 - https:\/\/yoast.com\/wordpress\/plugins\/seo\/ -->\n<title>Descripci\u00f2n | B&amp;B Venezia Locanda delle Acque<\/title>\n<meta name=\"robots\" content=\"index, follow, max-snippet:-1, max-image-preview:large, max-video-preview:-1\" \/>\n<link rel=\"canonical\" href=\"https:\/\/locandadelleacque.it\/es\/descripcion\/\" \/>\n<meta property=\"og:locale\" content=\"es_ES\" \/>\n<meta property=\"og:type\" content=\"article\" \/>\n<meta property=\"og:title\" content=\"Descripci\u00f2n | B&amp;B Venezia Locanda delle Acque\" \/>\n<meta property=\"og:description\" content=\"[vc_row][vc_column][\/vc_column][\/vc_row][vc_row][vc_column width=\u00bb2\/3&#8243;][vc_column_text]Ca&#8217; delle Acque es un agradable bed &amp; breakfast en Venecia [&hellip;]\" \/>\n<meta property=\"og:url\" content=\"https:\/\/locandadelleacque.it\/es\/descripcion\/\" \/>\n<meta property=\"og:site_name\" content=\"B&amp;B Venezia Locanda delle Acque\" \/>\n<meta property=\"article:modified_time\" content=\"2016-05-11T12:47:46+00:00\" \/>\n<meta name=\"twitter:card\" content=\"summary\" \/>\n<meta name=\"twitter:label1\" content=\"Tiempo de lectura\" \/>\n\t<meta name=\"twitter:data1\" content=\"1 minuto\" \/>\n<script type=\"application\/ld+json\" class=\"yoast-schema-graph\">{\"@context\":\"https:\/\/schema.org\",\"@graph\":[{\"@type\":\"WebSite\",\"@id\":\"https:\/\/locandadelleacque.it\/#website\",\"url\":\"https:\/\/locandadelleacque.it\/\",\"name\":\"B&amp;B Venezia Locanda delle Acque\",\"description\":false,\"potentialAction\":[{\"@type\":\"SearchAction\",\"target\":{\"@type\":\"EntryPoint\",\"urlTemplate\":\"https:\/\/locandadelleacque.it\/?s={search_term_string}\"},\"query-input\":\"required name=search_term_string\"}],\"inLanguage\":\"es\"},{\"@type\":\"WebPage\",\"@id\":\"https:\/\/locandadelleacque.it\/es\/descripcion\/#webpage\",\"url\":\"https:\/\/locandadelleacque.it\/es\/descripcion\/\",\"name\":\"Descripci\u00f2n | B&amp;B Venezia Locanda delle Acque\",\"isPartOf\":{\"@id\":\"https:\/\/locandadelleacque.it\/#website\"},\"datePublished\":\"2016-01-10T10:38:20+00:00\",\"dateModified\":\"2016-05-11T12:47:46+00:00\",\"breadcrumb\":{\"@id\":\"https:\/\/locandadelleacque.it\/es\/descripcion\/#breadcrumb\"},\"inLanguage\":\"es\",\"potentialAction\":[{\"@type\":\"ReadAction\",\"target\":[\"https:\/\/locandadelleacque.it\/es\/descripcion\/\"]}]},{\"@type\":\"BreadcrumbList\",\"@id\":\"https:\/\/locandadelleacque.it\/es\/descripcion\/#breadcrumb\",\"itemListElement\":[{\"@type\":\"ListItem\",\"position\":1,\"name\":\"Home\",\"item\":\"https:\/\/locandadelleacque.it\/es\/\"},{\"@type\":\"ListItem\",\"position\":2,\"name\":\"Descripci\u00f2n\"}]}]}<\/script>\n<!-- \/ Yoast SEO plugin. -->","yoast_head_json":{"title":"Descripci\u00f2n | B&amp;B Venezia Locanda delle Acque","robots":{"index":"index","follow":"follow","max-snippet":"max-snippet:-1","max-image-preview":"max-image-preview:large","max-video-preview":"max-video-preview:-1"},"canonical":"https:\/\/locandadelleacque.it\/es\/descripcion\/","og_locale":"es_ES","og_type":"article","og_title":"Descripci\u00f2n | B&amp;B Venezia Locanda delle Acque","og_description":"[vc_row][vc_column][\/vc_column][\/vc_row][vc_row][vc_column width=\u00bb2\/3&#8243;][vc_column_text]Ca&#8217; delle Acque es un agradable bed &amp; breakfast en Venecia [&hellip;]","og_url":"https:\/\/locandadelleacque.it\/es\/descripcion\/","og_site_name":"B&amp;B Venezia Locanda delle Acque","article_modified_time":"2016-05-11T12:47:46+00:00","twitter_card":"summary","twitter_misc":{"Tiempo de lectura":"1 minuto"},"schema":{"@context":"https:\/\/schema.org","@graph":[{"@type":"WebSite","@id":"https:\/\/locandadelleacque.it\/#website","url":"https:\/\/locandadelleacque.it\/","name":"B&amp;B Venezia Locanda delle Acque","description":false,"potentialAction":[{"@type":"SearchAction","target":{"@type":"EntryPoint","urlTemplate":"https:\/\/locandadelleacque.it\/?s={search_term_string}"},"query-input":"required name=search_term_string"}],"inLanguage":"es"},{"@type":"WebPage","@id":"https:\/\/locandadelleacque.it\/es\/descripcion\/#webpage","url":"https:\/\/locandadelleacque.it\/es\/descripcion\/","name":"Descripci\u00f2n | B&amp;B Venezia Locanda delle Acque","isPartOf":{"@id":"https:\/\/locandadelleacque.it\/#website"},"datePublished":"2016-01-10T10:38:20+00:00","dateModified":"2016-05-11T12:47:46+00:00","breadcrumb":{"@id":"https:\/\/locandadelleacque.it\/es\/descripcion\/#breadcrumb"},"inLanguage":"es","potentialAction":[{"@type":"ReadAction","target":["https:\/\/locandadelleacque.it\/es\/descripcion\/"]}]},{"@type":"BreadcrumbList","@id":"https:\/\/locandadelleacque.it\/es\/descripcion\/#breadcrumb","itemListElement":[{"@type":"ListItem","position":1,"name":"Home","item":"https:\/\/locandadelleacque.it\/es\/"},{"@type":"ListItem","position":2,"name":"Descripci\u00f2n"}]}]}},"_links":{"self":[{"href":"https:\/\/locandadelleacque.it\/es\/wp-json\/wp\/v2\/pages\/344"}],"collection":[{"href":"https:\/\/locandadelleacque.it\/es\/wp-json\/wp\/v2\/pages"}],"about":[{"href":"https:\/\/locandadelleacque.it\/es\/wp-json\/wp\/v2\/types\/page"}],"author":[{"embeddable":true,"href":"https:\/\/locandadelleacque.it\/es\/wp-json\/wp\/v2\/users\/1"}],"replies":[{"embeddable":true,"href":"https:\/\/locandadelleacque.it\/es\/wp-json\/wp\/v2\/comments?post=344"}],"version-history":[{"count":6,"href":"https:\/\/locandadelleacque.it\/es\/wp-json\/wp\/v2\/pages\/344\/revisions"}],"predecessor-version":[{"id":565,"href":"https:\/\/locandadelleacque.it\/es\/wp-json\/wp\/v2\/pages\/344\/revisions\/565"}],"wp:attachment":[{"href":"https:\/\/locandadelleacque.it\/es\/wp-json\/wp\/v2\/media?parent=344"}],"curies":[{"name":"wp","href":"https:\/\/api.w.org\/{rel}","templated":true}]}}