{"id":361,"date":"2016-01-10T16:01:32","date_gmt":"2016-01-10T16:01:32","guid":{"rendered":"http:\/\/locandadelleacque.it\/wp\/es\/dove-siamo\/"},"modified":"2018-06-05T09:37:17","modified_gmt":"2018-06-05T09:37:17","slug":"como-llegar","status":"publish","type":"page","link":"https:\/\/locandadelleacque.it\/es\/como-llegar\/","title":{"rendered":"C\u00f2mo llegar"},"content":{"rendered":"<p>[vc_row][vc_column][vc_raw_js]JTNDc3R5bGUlM0UlMEElMjAlMjAlMjAlMjAlMjAlMjAlMjNtYXAlMjAlN0IlMEElMjAlMjAlMjAlMjAlMjAlMjAlMjAlMjBoZWlnaHQlM0ElMjA2MDBweCUzQiUwQSUyMCUyMCUyMCUyMCUyMCUyMCUyMCUyMHdpZHRoJTNBJTIwMTAwJTI1JTNCJTBBJTIwJTIwJTIwJTIwJTIwJTIwJTIwJTdEJTBBJTIwJTIwJTIwJTIwJTNDJTJGc3R5bGUlM0UlMEElMjAlM0NkaXYlMjBpZCUzRCUyMm1hcCUyMiUzRSUzQyUyRmRpdiUzRSUwQSUyMCUyMCUyMCUyMCUzQ3NjcmlwdCUzRSUwQSUyMCUyMCUyMCUyMCUyMCUyMGZ1bmN0aW9uJTIwaW5pdE1hcCUyOCUyOSUyMCU3QiUwQSUyMCUyMCUyMCUyMCUyMCUyMCUyMCUyMHZhciUyMHVsdXJ1JTIwJTNEJTIwJTdCbGF0JTNBJTIwNDUuNDM2NTM0JTJDJTIwbG5nJTNBJTIwMTIuMzM3NTAyJTdEJTNCJTBBJTIwJTIwJTIwJTIwJTIwJTIwJTIwJTIwdmFyJTIwbWFwJTIwJTNEJTIwbmV3JTIwZ29vZ2xlLm1hcHMuTWFwJTI4ZG9jdW1lbnQuZ2V0RWxlbWVudEJ5SWQlMjglMjdtYXAlMjclMjklMkMlMjAlN0IlMEElMjAlMjAlMjAlMjAlMjAlMjAlMjAlMjAlMjAlMjB6b29tJTNBJTIwMTYlMkMlMEElMjAlMjAlMjAlMjAlMjAlMjAlMjAlMjAlMjAlMjBjZW50ZXIlM0ElMjB1bHVydSUwQSUyMCUyMCUyMCUyMCUyMCUyMCUyMCUyMCU3RCUyOSUzQiUwQSUyMCUyMCUyMCUyMCUyMCUyMCUyMCUyMHZhciUyMG1hcmtlciUyMCUzRCUyMG5ldyUyMGdvb2dsZS5tYXBzLk1hcmtlciUyOCU3QiUwQSUyMCUyMCUyMCUyMCUyMCUyMCUyMCUyMCUyMCUyMHBvc2l0aW9uJTNBJTIwdWx1cnUlMkMlMEElMjAlMjAlMjAlMjAlMjAlMjAlMjAlMjAlMjAlMjBtYXAlM0ElMjBtYXAlMkMlMEElMjAlMjAlMjAlMjAlMjAlMjAlMjAlMjAlMjAlMjB0aXRsZSUzQSUyMCUyN0xvY2FuZGElMjBkZWxsZSUyMEFjcXVlJTI3JTBBJTIwJTIwJTIwJTIwJTIwJTIwJTIwJTIwJTdEJTI5JTNCJTBBJTIwJTIwJTIwJTIwJTIwJTIwJTdEJTBBJTIwJTIwJTIwJTIwJTNDJTJGc2NyaXB0JTNFJTBBJTIwJTIwJTIwJTIwJTNDc2NyaXB0JTIwYXN5bmMlMjBkZWZlciUwQSUyMCUyMCUyMCUyMHNyYyUzRCUyMmh0dHBzJTNBJTJGJTJGbWFwcy5nb29nbGVhcGlzLmNvbSUyRm1hcHMlMkZhcGklMkZqcyUzRmtleSUzREFJemFTeUI1RndFN3pvelFXSndIZlJpakxDTS11Zml3M0Z2YXI1dyUyNmNhbGxiYWNrJTNEaW5pdE1hcCUyMiUzRSUwQSUyMCUyMCUyMCUyMCUzQyUyRnNjcmlwdCUzRSUyMA==[\/vc_raw_js][\/vc_column][\/vc_row][vc_row][vc_column][vc_column_text]<\/p>\n<h3>C\u00f2mo llegar<\/h3>\n<p>Hay varias posibilidades para llegar a C\u00e0 delle Acque:<\/p>\n<p><b>En avi\u00f3n<br \/>\n<\/b>Desde el\u00a0<b>aeropuerto de Venecia \u00abMarco Polo\u00bb<\/b>\u00a0se puede elegir el bus \u00abFly bus\u00bb de ATVO, que ofrece un servicio regular de minib\u00fas hasta Piazzale Roma (20 minutos aproximadamente), o bien el bus n. 5 de ACTV, tambi\u00e9n directo a Piazzale Roma. Otra posibilidad es coger la lancha p\u00fablica \u00abAlilaguna\u00bb, que en 1 hora aproximadamente llega a la Plaza San Marco (parada San Marco), o un taxi acu\u00e1tico, que le llevar\u00e1 directamente al hotel.<br \/>\nDesde el\u00a0<b>aeropuerto de Treviso \u00abS. Angelo\u00bb<\/b>, la compa\u00f1\u00eda ATVO ofrece un servicio regular de conexi\u00f3n r\u00e1pida a Piazzale Roma, en bus con aire acondicionado y amplio compartimiento portaequipaje.<br \/>\nEn Piazzale Roma coja la lancha n\u00b0 82 y descienda en la parada Rialto. Siga derecho por Calle Larga Mazzini hasta el final, luego contin\u00fae por Mercerie y luego, siempre derecho, por Calle delle Acque: despu\u00e9s del portal encontrar\u00e1 Ca&#8217; delle Acque. Ca&#8217; delle Acque est\u00e1 ubicado en el barrio San Marco, en el n\u00famero 4991.<\/p>\n<p><b>En coche<br \/>\n<\/b>Si llega en coche, puede aparcar en Tronchetto o en Piazzale Roma. Ambos aparcamientos est\u00e1n despu\u00e9s del \u00abPonte della Libert\u00e0\u00bb, que conecta Venecia con la tierra firme. Para llegar a Locanda delle Acque coja la lancha n\u00b0 82 y descienda en la parada Rialto. Siga derecho por Calle Larga Mazzini hasta el final, luego contin\u00fae por Mercerie y luego, siempre derecho, por Calle delle Acque: despu\u00e9s del portal encontrar\u00e1 Ca&#8217; delle Acque. Ca&#8217; delle Acque est\u00e1 ubicado en el barrio San Marco, en el n\u00famero 4991.<\/p>\n<p><b>En tren<br \/>\n<\/b>Desde la estaci\u00f3n Santa Lucia coja la lancha n\u00b0 82 y baje en la parada Rialto. Siga derecho por Calle Larga Mazzini hasta el final, luego contin\u00fae por Mercerie y luego, siempre derecho, por Calle delle Acque: despu\u00e9s del portal encontrar\u00e1 Ca&#8217; delle Acque. Ca&#8217; delle Acque est\u00e1 ubicado en el barrio San Marco, en el n\u00famero 4991.[\/vc_column_text][\/vc_column][\/vc_row]<\/p>\n","protected":false},"excerpt":{"rendered":"<p>[vc_row][vc_column][vc_raw_js]JTNDc3R5bGUlM0UlMEElMjAlMjAlMjAlMjAlMjAlMjAlMjNtYXAlMjAlN0IlMEElMjAlMjAlMjAlMjAlMjAlMjAlMjAlMjBoZWlnaHQlM0ElMjA2MDBweCUzQiUwQSUyMCUyMCUyMCUyMCUyMCUyMCUyMCUyMHdpZHRoJTNBJTIwMTAwJTI1JTNCJTBBJTIwJTIwJTIwJTIwJTIwJTIwJTIwJTdEJTBBJTIwJTIwJTIwJTIwJTNDJTJGc3R5bGUlM0UlMEElMjAlM0NkaXYlMjBpZCUzRCUyMm1hcCUyMiUzRSUzQyUyRmRpdiUzRSUwQSUyMCUyMCUyMCUyMCUzQ3NjcmlwdCUzRSUwQSUyMCUyMCUyMCUyMCUyMCUyMGZ1bmN0aW9uJTIwaW5pdE1hcCUyOCUyOSUyMCU3QiUwQSUyMCUyMCUyMCUyMCUyMCUyMCUyMCUyMHZhciUyMHVsdXJ1JTIwJTNEJTIwJTdCbGF0JTNBJTIwNDUuNDM2NTM0JTJDJTIwbG5nJTNBJTIwMTIuMzM3NTAyJTdEJTNCJTBBJTIwJTIwJTIwJTIwJTIwJTIwJTIwJTIwdmFyJTIwbWFwJTIwJTNEJTIwbmV3JTIwZ29vZ2xlLm1hcHMuTWFwJTI4ZG9jdW1lbnQuZ2V0RWxlbWVudEJ5SWQlMjglMjdtYXAlMjclMjklMkMlMjAlN0IlMEElMjAlMjAlMjAlMjAlMjAlMjAlMjAlMjAlMjAlMjB6b29tJTNBJTIwMTYlMkMlMEElMjAlMjAlMjAlMjAlMjAlMjAlMjAlMjAlMjAlMjBjZW50ZXIlM0ElMjB1bHVydSUwQSUyMCUyMCUyMCUyMCUyMCUyMCUyMCUyMCU3RCUyOSUzQiUwQSUyMCUyMCUyMCUyMCUyMCUyMCUyMCUyMHZhciUyMG1hcmtlciUyMCUzRCUyMG5ldyUyMGdvb2dsZS5tYXBzLk1hcmtlciUyOCU3QiUwQSUyMCUyMCUyMCUyMCUyMCUyMCUyMCUyMCUyMCUyMHBvc2l0aW9uJTNBJTIwdWx1cnUlMkMlMEElMjAlMjAlMjAlMjAlMjAlMjAlMjAlMjAlMjAlMjBtYXAlM0ElMjBtYXAlMkMlMEElMjAlMjAlMjAlMjAlMjAlMjAlMjAlMjAlMjAlMjB0aXRsZSUzQSUyMCUyN0xvY2FuZGElMjBkZWxsZSUyMEFjcXVlJTI3JTBBJTIwJTIwJTIwJTIwJTIwJTIwJTIwJTIwJTdEJTI5JTNCJTBBJTIwJTIwJTIwJTIwJTIwJTIwJTdEJTBBJTIwJTIwJTIwJTIwJTNDJTJGc2NyaXB0JTNFJTBBJTIwJTIwJTIwJTIwJTNDc2NyaXB0JTIwYXN5bmMlMjBkZWZlciUwQSUyMCUyMCUyMCUyMHNyYyUzRCUyMmh0dHBzJTNBJTJGJTJGbWFwcy5nb29nbGVhcGlzLmNvbSUyRm1hcHMlMkZhcGklMkZqcyUzRmtleSUzREFJemFTeUI1RndFN3pvelFXSndIZlJpakxDTS11Zml3M0Z2YXI1dyUyNmNhbGxiYWNrJTNEaW5pdE1hcCUyMiUzRSUwQSUyMCUyMCUyMCUyMCUzQyUyRnNjcmlwdCUzRSUyMA==[\/vc_raw_js][\/vc_column][\/vc_row][vc_row][vc_column][vc_column_text] C\u00f2mo llegar Hay varias posibilidades para llegar a C\u00e0 delle Acque: [&hellip;]<\/p>\n","protected":false},"author":1,"featured_media":0,"parent":0,"menu_order":0,"comment_status":"closed","ping_status":"closed","template":"","meta":[],"yoast_head":"<!-- This site is optimized with the Yoast SEO plugin v19.1 - https:\/\/yoast.com\/wordpress\/plugins\/seo\/ -->\n<title>C\u00f2mo llegar | B&amp;B Venezia Locanda delle Acque<\/title>\n<meta name=\"robots\" content=\"index, follow, max-snippet:-1, max-image-preview:large, max-video-preview:-1\" \/>\n<link rel=\"canonical\" href=\"https:\/\/locandadelleacque.it\/es\/como-llegar\/\" \/>\n<meta property=\"og:locale\" content=\"es_ES\" \/>\n<meta property=\"og:type\" content=\"article\" \/>\n<meta property=\"og:title\" content=\"C\u00f2mo llegar | B&amp;B Venezia Locanda delle Acque\" \/>\n<meta property=\"og:description\" content=\"[vc_row][vc_column][vc_raw_js]JTNDc3R5bGUlM0UlMEElMjAlMjAlMjAlMjAlMjAlMjAlMjNtYXAlMjAlN0IlMEElMjAlMjAlMjAlMjAlMjAlMjAlMjAlMjBoZWlnaHQlM0ElMjA2MDBweCUzQiUwQSUyMCUyMCUyMCUyMCUyMCUyMCUyMCUyMHdpZHRoJTNBJTIwMTAwJTI1JTNCJTBBJTIwJTIwJTIwJTIwJTIwJTIwJTIwJTdEJTBBJTIwJTIwJTIwJTIwJTNDJTJGc3R5bGUlM0UlMEElMjAlM0NkaXYlMjBpZCUzRCUyMm1hcCUyMiUzRSUzQyUyRmRpdiUzRSUwQSUyMCUyMCUyMCUyMCUzQ3NjcmlwdCUzRSUwQSUyMCUyMCUyMCUyMCUyMCUyMGZ1bmN0aW9uJTIwaW5pdE1hcCUyOCUyOSUyMCU3QiUwQSUyMCUyMCUyMCUyMCUyMCUyMCUyMCUyMHZhciUyMHVsdXJ1JTIwJTNEJTIwJTdCbGF0JTNBJTIwNDUuNDM2NTM0JTJDJTIwbG5nJTNBJTIwMTIuMzM3NTAyJTdEJTNCJTBBJTIwJTIwJTIwJTIwJTIwJTIwJTIwJTIwdmFyJTIwbWFwJTIwJTNEJTIwbmV3JTIwZ29vZ2xlLm1hcHMuTWFwJTI4ZG9jdW1lbnQuZ2V0RWxlbWVudEJ5SWQlMjglMjdtYXAlMjclMjklMkMlMjAlN0IlMEElMjAlMjAlMjAlMjAlMjAlMjAlMjAlMjAlMjAlMjB6b29tJTNBJTIwMTYlMkMlMEElMjAlMjAlMjAlMjAlMjAlMjAlMjAlMjAlMjAlMjBjZW50ZXIlM0ElMjB1bHVydSUwQSUyMCUyMCUyMCUyMCUyMCUyMCUyMCUyMCU3RCUyOSUzQiUwQSUyMCUyMCUyMCUyMCUyMCUyMCUyMCUyMHZhciUyMG1hcmtlciUyMCUzRCUyMG5ldyUyMGdvb2dsZS5tYXBzLk1hcmtlciUyOCU3QiUwQSUyMCUyMCUyMCUyMCUyMCUyMCUyMCUyMCUyMCUyMHBvc2l0aW9uJTNBJTIwdWx1cnUlMkMlMEElMjAlMjAlMjAlMjAlMjAlMjAlMjAlMjAlMjAlMjBtYXAlM0ElMjBtYXAlMkMlMEElMjAlMjAlMjAlMjAlMjAlMjAlMjAlMjAlMjAlMjB0aXRsZSUzQSUyMCUyN0xvY2FuZGElMjBkZWxsZSUyMEFjcXVlJTI3JTBBJTIwJTIwJTIwJTIwJTIwJTIwJTIwJTIwJTdEJTI5JTNCJTBBJTIwJTIwJTIwJTIwJTIwJTIwJTdEJTBBJTIwJTIwJTIwJTIwJTNDJTJGc2NyaXB0JTNFJTBBJTIwJTIwJTIwJTIwJTNDc2NyaXB0JTIwYXN5bmMlMjBkZWZlciUwQSUyMCUyMCUyMCUyMHNyYyUzRCUyMmh0dHBzJTNBJTJGJTJGbWFwcy5nb29nbGVhcGlzLmNvbSUyRm1hcHMlMkZhcGklMkZqcyUzRmtleSUzREFJemFTeUI1RndFN3pvelFXSndIZlJpakxDTS11Zml3M0Z2YXI1dyUyNmNhbGxiYWNrJTNEaW5pdE1hcCUyMiUzRSUwQSUyMCUyMCUyMCUyMCUzQyUyRnNjcmlwdCUzRSUyMA==[\/vc_raw_js][\/vc_column][\/vc_row][vc_row][vc_column][vc_column_text] C\u00f2mo llegar Hay varias posibilidades para llegar a C\u00e0 delle Acque: [&hellip;]\" \/>\n<meta property=\"og:url\" content=\"https:\/\/locandadelleacque.it\/es\/como-llegar\/\" \/>\n<meta property=\"og:site_name\" content=\"B&amp;B Venezia Locanda delle Acque\" \/>\n<meta property=\"article:modified_time\" content=\"2018-06-05T09:37:17+00:00\" \/>\n<meta name=\"twitter:card\" content=\"summary\" \/>\n<meta name=\"twitter:label1\" content=\"Tiempo de lectura\" \/>\n\t<meta name=\"twitter:data1\" content=\"2 minutos\" \/>\n<script type=\"application\/ld+json\" class=\"yoast-schema-graph\">{\"@context\":\"https:\/\/schema.org\",\"@graph\":[{\"@type\":\"WebSite\",\"@id\":\"https:\/\/locandadelleacque.it\/#website\",\"url\":\"https:\/\/locandadelleacque.it\/\",\"name\":\"B&amp;B Venezia Locanda delle Acque\",\"description\":false,\"potentialAction\":[{\"@type\":\"SearchAction\",\"target\":{\"@type\":\"EntryPoint\",\"urlTemplate\":\"https:\/\/locandadelleacque.it\/?s={search_term_string}\"},\"query-input\":\"required name=search_term_string\"}],\"inLanguage\":\"es\"},{\"@type\":\"WebPage\",\"@id\":\"https:\/\/locandadelleacque.it\/es\/como-llegar\/#webpage\",\"url\":\"https:\/\/locandadelleacque.it\/es\/como-llegar\/\",\"name\":\"C\u00f2mo llegar | B&amp;B Venezia Locanda delle Acque\",\"isPartOf\":{\"@id\":\"https:\/\/locandadelleacque.it\/#website\"},\"datePublished\":\"2016-01-10T16:01:32+00:00\",\"dateModified\":\"2018-06-05T09:37:17+00:00\",\"breadcrumb\":{\"@id\":\"https:\/\/locandadelleacque.it\/es\/como-llegar\/#breadcrumb\"},\"inLanguage\":\"es\",\"potentialAction\":[{\"@type\":\"ReadAction\",\"target\":[\"https:\/\/locandadelleacque.it\/es\/como-llegar\/\"]}]},{\"@type\":\"BreadcrumbList\",\"@id\":\"https:\/\/locandadelleacque.it\/es\/como-llegar\/#breadcrumb\",\"itemListElement\":[{\"@type\":\"ListItem\",\"position\":1,\"name\":\"Home\",\"item\":\"https:\/\/locandadelleacque.it\/es\/\"},{\"@type\":\"ListItem\",\"position\":2,\"name\":\"C\u00f2mo llegar\"}]}]}<\/script>\n<!-- \/ Yoast SEO plugin. -->","yoast_head_json":{"title":"C\u00f2mo llegar | B&amp;B Venezia Locanda delle Acque","robots":{"index":"index","follow":"follow","max-snippet":"max-snippet:-1","max-image-preview":"max-image-preview:large","max-video-preview":"max-video-preview:-1"},"canonical":"https:\/\/locandadelleacque.it\/es\/como-llegar\/","og_locale":"es_ES","og_type":"article","og_title":"C\u00f2mo llegar | B&amp;B Venezia Locanda delle Acque","og_description":"[vc_row][vc_column][vc_raw_js]JTNDc3R5bGUlM0UlMEElMjAlMjAlMjAlMjAlMjAlMjAlMjNtYXAlMjAlN0IlMEElMjAlMjAlMjAlMjAlMjAlMjAlMjAlMjBoZWlnaHQlM0ElMjA2MDBweCUzQiUwQSUyMCUyMCUyMCUyMCUyMCUyMCUyMCUyMHdpZHRoJTNBJTIwMTAwJTI1JTNCJTBBJTIwJTIwJTIwJTIwJTIwJTIwJTIwJTdEJTBBJTIwJTIwJTIwJTIwJTNDJTJGc3R5bGUlM0UlMEElMjAlM0NkaXYlMjBpZCUzRCUyMm1hcCUyMiUzRSUzQyUyRmRpdiUzRSUwQSUyMCUyMCUyMCUyMCUzQ3NjcmlwdCUzRSUwQSUyMCUyMCUyMCUyMCUyMCUyMGZ1bmN0aW9uJTIwaW5pdE1hcCUyOCUyOSUyMCU3QiUwQSUyMCUyMCUyMCUyMCUyMCUyMCUyMCUyMHZhciUyMHVsdXJ1JTIwJTNEJTIwJTdCbGF0JTNBJTIwNDUuNDM2NTM0JTJDJTIwbG5nJTNBJTIwMTIuMzM3NTAyJTdEJTNCJTBBJTIwJTIwJTIwJTIwJTIwJTIwJTIwJTIwdmFyJTIwbWFwJTIwJTNEJTIwbmV3JTIwZ29vZ2xlLm1hcHMuTWFwJTI4ZG9jdW1lbnQuZ2V0RWxlbWVudEJ5SWQlMjglMjdtYXAlMjclMjklMkMlMjAlN0IlMEElMjAlMjAlMjAlMjAlMjAlMjAlMjAlMjAlMjAlMjB6b29tJTNBJTIwMTYlMkMlMEElMjAlMjAlMjAlMjAlMjAlMjAlMjAlMjAlMjAlMjBjZW50ZXIlM0ElMjB1bHVydSUwQSUyMCUyMCUyMCUyMCUyMCUyMCUyMCUyMCU3RCUyOSUzQiUwQSUyMCUyMCUyMCUyMCUyMCUyMCUyMCUyMHZhciUyMG1hcmtlciUyMCUzRCUyMG5ldyUyMGdvb2dsZS5tYXBzLk1hcmtlciUyOCU3QiUwQSUyMCUyMCUyMCUyMCUyMCUyMCUyMCUyMCUyMCUyMHBvc2l0aW9uJTNBJTIwdWx1cnUlMkMlMEElMjAlMjAlMjAlMjAlMjAlMjAlMjAlMjAlMjAlMjBtYXAlM0ElMjBtYXAlMkMlMEElMjAlMjAlMjAlMjAlMjAlMjAlMjAlMjAlMjAlMjB0aXRsZSUzQSUyMCUyN0xvY2FuZGElMjBkZWxsZSUyMEFjcXVlJTI3JTBBJTIwJTIwJTIwJTIwJTIwJTIwJTIwJTIwJTdEJTI5JTNCJTBBJTIwJTIwJTIwJTIwJTIwJTIwJTdEJTBBJTIwJTIwJTIwJTIwJTNDJTJGc2NyaXB0JTNFJTBBJTIwJTIwJTIwJTIwJTNDc2NyaXB0JTIwYXN5bmMlMjBkZWZlciUwQSUyMCUyMCUyMCUyMHNyYyUzRCUyMmh0dHBzJTNBJTJGJTJGbWFwcy5nb29nbGVhcGlzLmNvbSUyRm1hcHMlMkZhcGklMkZqcyUzRmtleSUzREFJemFTeUI1RndFN3pvelFXSndIZlJpakxDTS11Zml3M0Z2YXI1dyUyNmNhbGxiYWNrJTNEaW5pdE1hcCUyMiUzRSUwQSUyMCUyMCUyMCUyMCUzQyUyRnNjcmlwdCUzRSUyMA==[\/vc_raw_js][\/vc_column][\/vc_row][vc_row][vc_column][vc_column_text] C\u00f2mo llegar Hay varias posibilidades para llegar a C\u00e0 delle Acque: [&hellip;]","og_url":"https:\/\/locandadelleacque.it\/es\/como-llegar\/","og_site_name":"B&amp;B Venezia Locanda delle Acque","article_modified_time":"2018-06-05T09:37:17+00:00","twitter_card":"summary","twitter_misc":{"Tiempo de lectura":"2 minutos"},"schema":{"@context":"https:\/\/schema.org","@graph":[{"@type":"WebSite","@id":"https:\/\/locandadelleacque.it\/#website","url":"https:\/\/locandadelleacque.it\/","name":"B&amp;B Venezia Locanda delle Acque","description":false,"potentialAction":[{"@type":"SearchAction","target":{"@type":"EntryPoint","urlTemplate":"https:\/\/locandadelleacque.it\/?s={search_term_string}"},"query-input":"required name=search_term_string"}],"inLanguage":"es"},{"@type":"WebPage","@id":"https:\/\/locandadelleacque.it\/es\/como-llegar\/#webpage","url":"https:\/\/locandadelleacque.it\/es\/como-llegar\/","name":"C\u00f2mo llegar | B&amp;B Venezia Locanda delle Acque","isPartOf":{"@id":"https:\/\/locandadelleacque.it\/#website"},"datePublished":"2016-01-10T16:01:32+00:00","dateModified":"2018-06-05T09:37:17+00:00","breadcrumb":{"@id":"https:\/\/locandadelleacque.it\/es\/como-llegar\/#breadcrumb"},"inLanguage":"es","potentialAction":[{"@type":"ReadAction","target":["https:\/\/locandadelleacque.it\/es\/como-llegar\/"]}]},{"@type":"BreadcrumbList","@id":"https:\/\/locandadelleacque.it\/es\/como-llegar\/#breadcrumb","itemListElement":[{"@type":"ListItem","position":1,"name":"Home","item":"https:\/\/locandadelleacque.it\/es\/"},{"@type":"ListItem","position":2,"name":"C\u00f2mo llegar"}]}]}},"_links":{"self":[{"href":"https:\/\/locandadelleacque.it\/es\/wp-json\/wp\/v2\/pages\/361"}],"collection":[{"href":"https:\/\/locandadelleacque.it\/es\/wp-json\/wp\/v2\/pages"}],"about":[{"href":"https:\/\/locandadelleacque.it\/es\/wp-json\/wp\/v2\/types\/page"}],"author":[{"embeddable":true,"href":"https:\/\/locandadelleacque.it\/es\/wp-json\/wp\/v2\/users\/1"}],"replies":[{"embeddable":true,"href":"https:\/\/locandadelleacque.it\/es\/wp-json\/wp\/v2\/comments?post=361"}],"version-history":[{"count":3,"href":"https:\/\/locandadelleacque.it\/es\/wp-json\/wp\/v2\/pages\/361\/revisions"}],"predecessor-version":[{"id":667,"href":"https:\/\/locandadelleacque.it\/es\/wp-json\/wp\/v2\/pages\/361\/revisions\/667"}],"wp:attachment":[{"href":"https:\/\/locandadelleacque.it\/es\/wp-json\/wp\/v2\/media?parent=361"}],"curies":[{"name":"wp","href":"https:\/\/api.w.org\/{rel}","templated":true}]}}