{"id":391,"date":"2016-01-10T11:12:43","date_gmt":"2016-01-10T11:12:43","guid":{"rendered":"http:\/\/locandadelleacque.it\/wp\/es\/posizione\/"},"modified":"2016-05-11T13:13:50","modified_gmt":"2016-05-11T13:13:50","slug":"ubicacion","status":"publish","type":"page","link":"https:\/\/locandadelleacque.it\/es\/ubicacion\/","title":{"rendered":"Ubicaci\u00f2n"},"content":{"rendered":"<p>[vc_row][vc_column width=\u00bb2\/3&#8243;][vc_column_text]Ca&#8217; delle Acque es un acogedor <strong>bed &amp; breakfast de Venecia<\/strong> con muy c\u00f3moda ubicaci\u00f3n c\u00e9ntrica. Desde Ca&#8217; delle Acque se puede llegar tras un breve paseo a los sitios de mayor inter\u00e9s tur\u00edstico de Venecia, aunque tambi\u00e9n es un placer recorrer las calles y las plazoletas sin una meta precisa, descubriendo antiguos talleres de maestros artesanos que no siempre se encuentran en los itinerarios indicados por las gu\u00edas, o maravillosos rincones de ciudad que merecen indudablemente una fotograf\u00eda.<\/p>\n<p>Nuestros hu\u00e9spedes tendr\u00e1n la posibilidad de explorar Venecia partiendo precisamente desde el centro: para empezar, le recomendamos Rialto, coraz\u00f3n latiente de Venecia que cruza el Canal Grande, el m\u00e1s largo, ancho y profundo de la ciudad.<\/p>\n<p>Admirar el Canal Grande, la arteria principal de esta bulliciosa ciudad, ser\u00e1 una de las mayores emociones de su viaje. A los pies del Puente Rialto podr\u00e1 visitar el mercado hortofrut\u00edcola, el mercado pesquero y algunos t\u00edpicos talleres que le ofrecer\u00e1n tajadas de cotidianidad veneciana.<\/p>\n<p>San Marco es indudablemente una etapa obligatoria: saliendo de Ca&#8217; delle Acque, en pocos minutos se encontrar\u00e1 en la Plaza San Marco, un aut\u00e9ntico museo al aire libre que custodia espectaculares obras de arte como la espl\u00e9ndida Bas\u00edlica de San Marco, obra maestra de estilo bizantino que los venecianos han enriquecido con el pasar de los siglos a\u00f1adiendo trabajos, manufacturas y materiales preciosos importados de pa\u00edses lejanos.<\/p>\n<p>Para terminar, le recomendamos no perderse un <strong>rom\u00e1ntico paseo en g\u00f3ndola<\/strong>, quiz\u00e1s al atardecer, por los canales de la ciudad. La excursi\u00f3n se puede reservar a la salida del hotel.<\/p>\n<p>Sin duda, esta estancia en Venecia le quedar\u00e1 impresa en la memoria para siempre.[\/vc_column_text][vc_cta h2=\u00bbDescubra c\u00f3mo llegar hasta nosotros\u00bb h4=\u00bbEs f\u00e1cil, mira en el mapa!\u00bb add_button=\u00bbright\u00bb btn_title=\u00bbC\u00f3mo llegar\u00bb css=\u00bb.vc_custom_1462972427466{margin-top: 30px !important;}\u00bb btn_link=\u00bburl:http%3A%2F%2Fwww.locandadelleacque.it%2Fes%2Fcomo-llegar%2F||\u00bb][\/vc_cta][\/vc_column][vc_column width=\u00bb1\/3&#8243;][vc_single_image image=\u00bb262&#8243; img_size=\u00bbfull\u00bb][vc_single_image image=\u00bb263&#8243; img_size=\u00bbfull\u00bb][\/vc_column][\/vc_row]<\/p>\n","protected":false},"excerpt":{"rendered":"<p>[vc_row][vc_column width=\u00bb2\/3&#8243;][vc_column_text]Ca&#8217; delle Acque es un acogedor bed &amp; breakfast de Venecia [&hellip;]<\/p>\n","protected":false},"author":1,"featured_media":0,"parent":0,"menu_order":0,"comment_status":"closed","ping_status":"closed","template":"","meta":[],"yoast_head":"<!-- This site is optimized with the Yoast SEO plugin v19.1 - https:\/\/yoast.com\/wordpress\/plugins\/seo\/ -->\n<title>Ubicaci\u00f2n | B&amp;B Venezia Locanda delle Acque<\/title>\n<meta name=\"robots\" content=\"index, follow, max-snippet:-1, max-image-preview:large, max-video-preview:-1\" \/>\n<link rel=\"canonical\" href=\"https:\/\/locandadelleacque.it\/es\/ubicacion\/\" \/>\n<meta property=\"og:locale\" content=\"es_ES\" \/>\n<meta property=\"og:type\" content=\"article\" \/>\n<meta property=\"og:title\" content=\"Ubicaci\u00f2n | B&amp;B Venezia Locanda delle Acque\" \/>\n<meta property=\"og:description\" content=\"[vc_row][vc_column width=\u00bb2\/3&#8243;][vc_column_text]Ca&#8217; delle Acque es un acogedor bed &amp; breakfast de Venecia [&hellip;]\" \/>\n<meta property=\"og:url\" content=\"https:\/\/locandadelleacque.it\/es\/ubicacion\/\" \/>\n<meta property=\"og:site_name\" content=\"B&amp;B Venezia Locanda delle Acque\" \/>\n<meta property=\"article:modified_time\" content=\"2016-05-11T13:13:50+00:00\" \/>\n<meta name=\"twitter:card\" content=\"summary\" \/>\n<meta name=\"twitter:label1\" content=\"Tiempo de lectura\" \/>\n\t<meta name=\"twitter:data1\" content=\"2 minutos\" \/>\n<script type=\"application\/ld+json\" class=\"yoast-schema-graph\">{\"@context\":\"https:\/\/schema.org\",\"@graph\":[{\"@type\":\"WebSite\",\"@id\":\"https:\/\/locandadelleacque.it\/#website\",\"url\":\"https:\/\/locandadelleacque.it\/\",\"name\":\"B&amp;B Venezia Locanda delle Acque\",\"description\":false,\"potentialAction\":[{\"@type\":\"SearchAction\",\"target\":{\"@type\":\"EntryPoint\",\"urlTemplate\":\"https:\/\/locandadelleacque.it\/?s={search_term_string}\"},\"query-input\":\"required name=search_term_string\"}],\"inLanguage\":\"es\"},{\"@type\":\"WebPage\",\"@id\":\"https:\/\/locandadelleacque.it\/es\/ubicacion\/#webpage\",\"url\":\"https:\/\/locandadelleacque.it\/es\/ubicacion\/\",\"name\":\"Ubicaci\u00f2n | B&amp;B Venezia Locanda delle Acque\",\"isPartOf\":{\"@id\":\"https:\/\/locandadelleacque.it\/#website\"},\"datePublished\":\"2016-01-10T11:12:43+00:00\",\"dateModified\":\"2016-05-11T13:13:50+00:00\",\"breadcrumb\":{\"@id\":\"https:\/\/locandadelleacque.it\/es\/ubicacion\/#breadcrumb\"},\"inLanguage\":\"es\",\"potentialAction\":[{\"@type\":\"ReadAction\",\"target\":[\"https:\/\/locandadelleacque.it\/es\/ubicacion\/\"]}]},{\"@type\":\"BreadcrumbList\",\"@id\":\"https:\/\/locandadelleacque.it\/es\/ubicacion\/#breadcrumb\",\"itemListElement\":[{\"@type\":\"ListItem\",\"position\":1,\"name\":\"Home\",\"item\":\"https:\/\/locandadelleacque.it\/es\/\"},{\"@type\":\"ListItem\",\"position\":2,\"name\":\"Ubicaci\u00f2n\"}]}]}<\/script>\n<!-- \/ Yoast SEO plugin. -->","yoast_head_json":{"title":"Ubicaci\u00f2n | B&amp;B Venezia Locanda delle Acque","robots":{"index":"index","follow":"follow","max-snippet":"max-snippet:-1","max-image-preview":"max-image-preview:large","max-video-preview":"max-video-preview:-1"},"canonical":"https:\/\/locandadelleacque.it\/es\/ubicacion\/","og_locale":"es_ES","og_type":"article","og_title":"Ubicaci\u00f2n | B&amp;B Venezia Locanda delle Acque","og_description":"[vc_row][vc_column width=\u00bb2\/3&#8243;][vc_column_text]Ca&#8217; delle Acque es un acogedor bed &amp; breakfast de Venecia [&hellip;]","og_url":"https:\/\/locandadelleacque.it\/es\/ubicacion\/","og_site_name":"B&amp;B Venezia Locanda delle Acque","article_modified_time":"2016-05-11T13:13:50+00:00","twitter_card":"summary","twitter_misc":{"Tiempo de lectura":"2 minutos"},"schema":{"@context":"https:\/\/schema.org","@graph":[{"@type":"WebSite","@id":"https:\/\/locandadelleacque.it\/#website","url":"https:\/\/locandadelleacque.it\/","name":"B&amp;B Venezia Locanda delle Acque","description":false,"potentialAction":[{"@type":"SearchAction","target":{"@type":"EntryPoint","urlTemplate":"https:\/\/locandadelleacque.it\/?s={search_term_string}"},"query-input":"required name=search_term_string"}],"inLanguage":"es"},{"@type":"WebPage","@id":"https:\/\/locandadelleacque.it\/es\/ubicacion\/#webpage","url":"https:\/\/locandadelleacque.it\/es\/ubicacion\/","name":"Ubicaci\u00f2n | B&amp;B Venezia Locanda delle Acque","isPartOf":{"@id":"https:\/\/locandadelleacque.it\/#website"},"datePublished":"2016-01-10T11:12:43+00:00","dateModified":"2016-05-11T13:13:50+00:00","breadcrumb":{"@id":"https:\/\/locandadelleacque.it\/es\/ubicacion\/#breadcrumb"},"inLanguage":"es","potentialAction":[{"@type":"ReadAction","target":["https:\/\/locandadelleacque.it\/es\/ubicacion\/"]}]},{"@type":"BreadcrumbList","@id":"https:\/\/locandadelleacque.it\/es\/ubicacion\/#breadcrumb","itemListElement":[{"@type":"ListItem","position":1,"name":"Home","item":"https:\/\/locandadelleacque.it\/es\/"},{"@type":"ListItem","position":2,"name":"Ubicaci\u00f2n"}]}]}},"_links":{"self":[{"href":"https:\/\/locandadelleacque.it\/es\/wp-json\/wp\/v2\/pages\/391"}],"collection":[{"href":"https:\/\/locandadelleacque.it\/es\/wp-json\/wp\/v2\/pages"}],"about":[{"href":"https:\/\/locandadelleacque.it\/es\/wp-json\/wp\/v2\/types\/page"}],"author":[{"embeddable":true,"href":"https:\/\/locandadelleacque.it\/es\/wp-json\/wp\/v2\/users\/1"}],"replies":[{"embeddable":true,"href":"https:\/\/locandadelleacque.it\/es\/wp-json\/wp\/v2\/comments?post=391"}],"version-history":[{"count":6,"href":"https:\/\/locandadelleacque.it\/es\/wp-json\/wp\/v2\/pages\/391\/revisions"}],"predecessor-version":[{"id":574,"href":"https:\/\/locandadelleacque.it\/es\/wp-json\/wp\/v2\/pages\/391\/revisions\/574"}],"wp:attachment":[{"href":"https:\/\/locandadelleacque.it\/es\/wp-json\/wp\/v2\/media?parent=391"}],"curies":[{"name":"wp","href":"https:\/\/api.w.org\/{rel}","templated":true}]}}