{"id":474,"date":"2016-05-02T12:40:57","date_gmt":"2016-05-02T12:40:57","guid":{"rendered":"http:\/\/locandadelleacque.it\/wp\/es\/hotel-ottima-posizione\/"},"modified":"2016-05-02T12:51:18","modified_gmt":"2016-05-02T12:51:18","slug":"ubicacion-privilegiada","status":"publish","type":"page","link":"https:\/\/locandadelleacque.it\/es\/ubicacion-privilegiada\/","title":{"rendered":"Ubicaci\u00f3n privilegiada"},"content":{"rendered":"<p>[vc_row][vc_column width=\u00bb1\/4&#8243;][vc_single_image image=\u00bb468&#8243;][\/vc_column][vc_column width=\u00bb3\/4&#8243;][vc_column_text]<\/p>\n<div><span id=\"noHighlight_0.5920619445387274\">CA &#8216; delle Acque fue juzgada como gran ubicaci\u00f3n usuarios Venere.com en todo el mundo.<\/span><\/div>\n<div><span id=\"noHighlight_0.36056857951916754\">\u00bfQu\u00e9 significa?<\/span><\/div>\n<p>&nbsp;<\/p>\n<div><span id=\"noHighlight_0.6556466929614544\">Esta insignia se basa exclusivamente en el usuario verificado. Venere.com ha seleccionado los mejores hoteles de distintas categor\u00edas (ubicaci\u00f3n, etc.), y la locanda delle Acque es gran ubicaci\u00f3n!<\/span><\/div>\n<p>[\/vc_column_text][\/vc_column][\/vc_row]<\/p>\n","protected":false},"excerpt":{"rendered":"<p>[vc_row][vc_column width=\u00bb1\/4&#8243;][vc_single_image image=\u00bb468&#8243;][\/vc_column][vc_column width=\u00bb3\/4&#8243;][vc_column_text] CA &#8216; delle Acque fue juzgada como gran [&hellip;]<\/p>\n","protected":false},"author":1,"featured_media":0,"parent":0,"menu_order":0,"comment_status":"closed","ping_status":"closed","template":"","meta":[],"yoast_head":"<!-- This site is optimized with the Yoast SEO plugin v19.1 - https:\/\/yoast.com\/wordpress\/plugins\/seo\/ -->\n<title>Ubicaci\u00f3n privilegiada | B&amp;B Venezia Locanda delle Acque<\/title>\n<meta name=\"robots\" content=\"index, follow, max-snippet:-1, max-image-preview:large, max-video-preview:-1\" \/>\n<link rel=\"canonical\" href=\"https:\/\/locandadelleacque.it\/es\/ubicacion-privilegiada\/\" \/>\n<meta property=\"og:locale\" content=\"es_ES\" \/>\n<meta property=\"og:type\" content=\"article\" \/>\n<meta property=\"og:title\" content=\"Ubicaci\u00f3n privilegiada | B&amp;B Venezia Locanda delle Acque\" \/>\n<meta property=\"og:description\" content=\"[vc_row][vc_column width=\u00bb1\/4&#8243;][vc_single_image image=\u00bb468&#8243;][\/vc_column][vc_column width=\u00bb3\/4&#8243;][vc_column_text] CA &#8216; delle Acque fue juzgada como gran [&hellip;]\" \/>\n<meta property=\"og:url\" content=\"https:\/\/locandadelleacque.it\/es\/ubicacion-privilegiada\/\" \/>\n<meta property=\"og:site_name\" content=\"B&amp;B Venezia Locanda delle Acque\" \/>\n<meta property=\"article:modified_time\" content=\"2016-05-02T12:51:18+00:00\" \/>\n<meta name=\"twitter:card\" content=\"summary\" \/>\n<script type=\"application\/ld+json\" class=\"yoast-schema-graph\">{\"@context\":\"https:\/\/schema.org\",\"@graph\":[{\"@type\":\"WebSite\",\"@id\":\"https:\/\/locandadelleacque.it\/#website\",\"url\":\"https:\/\/locandadelleacque.it\/\",\"name\":\"B&amp;B Venezia Locanda delle Acque\",\"description\":false,\"potentialAction\":[{\"@type\":\"SearchAction\",\"target\":{\"@type\":\"EntryPoint\",\"urlTemplate\":\"https:\/\/locandadelleacque.it\/?s={search_term_string}\"},\"query-input\":\"required name=search_term_string\"}],\"inLanguage\":\"es\"},{\"@type\":\"WebPage\",\"@id\":\"https:\/\/locandadelleacque.it\/es\/ubicacion-privilegiada\/#webpage\",\"url\":\"https:\/\/locandadelleacque.it\/es\/ubicacion-privilegiada\/\",\"name\":\"Ubicaci\u00f3n privilegiada | B&amp;B Venezia Locanda delle Acque\",\"isPartOf\":{\"@id\":\"https:\/\/locandadelleacque.it\/#website\"},\"datePublished\":\"2016-05-02T12:40:57+00:00\",\"dateModified\":\"2016-05-02T12:51:18+00:00\",\"breadcrumb\":{\"@id\":\"https:\/\/locandadelleacque.it\/es\/ubicacion-privilegiada\/#breadcrumb\"},\"inLanguage\":\"es\",\"potentialAction\":[{\"@type\":\"ReadAction\",\"target\":[\"https:\/\/locandadelleacque.it\/es\/ubicacion-privilegiada\/\"]}]},{\"@type\":\"BreadcrumbList\",\"@id\":\"https:\/\/locandadelleacque.it\/es\/ubicacion-privilegiada\/#breadcrumb\",\"itemListElement\":[{\"@type\":\"ListItem\",\"position\":1,\"name\":\"Home\",\"item\":\"https:\/\/locandadelleacque.it\/es\/\"},{\"@type\":\"ListItem\",\"position\":2,\"name\":\"Ubicaci\u00f3n privilegiada\"}]}]}<\/script>\n<!-- \/ Yoast SEO plugin. -->","yoast_head_json":{"title":"Ubicaci\u00f3n privilegiada | B&amp;B Venezia Locanda delle Acque","robots":{"index":"index","follow":"follow","max-snippet":"max-snippet:-1","max-image-preview":"max-image-preview:large","max-video-preview":"max-video-preview:-1"},"canonical":"https:\/\/locandadelleacque.it\/es\/ubicacion-privilegiada\/","og_locale":"es_ES","og_type":"article","og_title":"Ubicaci\u00f3n privilegiada | B&amp;B Venezia Locanda delle Acque","og_description":"[vc_row][vc_column width=\u00bb1\/4&#8243;][vc_single_image image=\u00bb468&#8243;][\/vc_column][vc_column width=\u00bb3\/4&#8243;][vc_column_text] CA &#8216; delle Acque fue juzgada como gran [&hellip;]","og_url":"https:\/\/locandadelleacque.it\/es\/ubicacion-privilegiada\/","og_site_name":"B&amp;B Venezia Locanda delle Acque","article_modified_time":"2016-05-02T12:51:18+00:00","twitter_card":"summary","schema":{"@context":"https:\/\/schema.org","@graph":[{"@type":"WebSite","@id":"https:\/\/locandadelleacque.it\/#website","url":"https:\/\/locandadelleacque.it\/","name":"B&amp;B Venezia Locanda delle Acque","description":false,"potentialAction":[{"@type":"SearchAction","target":{"@type":"EntryPoint","urlTemplate":"https:\/\/locandadelleacque.it\/?s={search_term_string}"},"query-input":"required name=search_term_string"}],"inLanguage":"es"},{"@type":"WebPage","@id":"https:\/\/locandadelleacque.it\/es\/ubicacion-privilegiada\/#webpage","url":"https:\/\/locandadelleacque.it\/es\/ubicacion-privilegiada\/","name":"Ubicaci\u00f3n privilegiada | B&amp;B Venezia Locanda delle Acque","isPartOf":{"@id":"https:\/\/locandadelleacque.it\/#website"},"datePublished":"2016-05-02T12:40:57+00:00","dateModified":"2016-05-02T12:51:18+00:00","breadcrumb":{"@id":"https:\/\/locandadelleacque.it\/es\/ubicacion-privilegiada\/#breadcrumb"},"inLanguage":"es","potentialAction":[{"@type":"ReadAction","target":["https:\/\/locandadelleacque.it\/es\/ubicacion-privilegiada\/"]}]},{"@type":"BreadcrumbList","@id":"https:\/\/locandadelleacque.it\/es\/ubicacion-privilegiada\/#breadcrumb","itemListElement":[{"@type":"ListItem","position":1,"name":"Home","item":"https:\/\/locandadelleacque.it\/es\/"},{"@type":"ListItem","position":2,"name":"Ubicaci\u00f3n privilegiada"}]}]}},"_links":{"self":[{"href":"https:\/\/locandadelleacque.it\/es\/wp-json\/wp\/v2\/pages\/474"}],"collection":[{"href":"https:\/\/locandadelleacque.it\/es\/wp-json\/wp\/v2\/pages"}],"about":[{"href":"https:\/\/locandadelleacque.it\/es\/wp-json\/wp\/v2\/types\/page"}],"author":[{"embeddable":true,"href":"https:\/\/locandadelleacque.it\/es\/wp-json\/wp\/v2\/users\/1"}],"replies":[{"embeddable":true,"href":"https:\/\/locandadelleacque.it\/es\/wp-json\/wp\/v2\/comments?post=474"}],"version-history":[{"count":1,"href":"https:\/\/locandadelleacque.it\/es\/wp-json\/wp\/v2\/pages\/474\/revisions"}],"predecessor-version":[{"id":479,"href":"https:\/\/locandadelleacque.it\/es\/wp-json\/wp\/v2\/pages\/474\/revisions\/479"}],"wp:attachment":[{"href":"https:\/\/locandadelleacque.it\/es\/wp-json\/wp\/v2\/media?parent=474"}],"curies":[{"name":"wp","href":"https:\/\/api.w.org\/{rel}","templated":true}]}}