{"id":589,"date":"2016-05-11T14:12:05","date_gmt":"2016-05-11T14:12:05","guid":{"rendered":"http:\/\/www.locandadelleacque.it\/es\/privacy-policy\/"},"modified":"2018-06-05T09:59:19","modified_gmt":"2018-06-05T09:59:19","slug":"privacy-policy","status":"publish","type":"page","link":"https:\/\/locandadelleacque.it\/es\/privacy-policy\/","title":{"rendered":"privacy policy"},"content":{"rendered":"<p>( a free translation of this page can be found <a href=\"https:\/\/translate.google.com\/translate?sl=it&amp;tl=en&amp;js=y&amp;prev=_t&amp;hl=it&amp;ie=UTF-8&amp;u=https%3A%2F%2Flocandadelleacque.it%2Fprivacy-policy%2F&amp;edit-text=\" target=\"_blank\" rel=\"noopener\">here<\/a>)<\/p>\n<p><strong>Privacy Policy<\/strong><\/p>\n<p>I dati personali che l&#8217;Utente comunicher\u00e0 navigando su questo sito web (di seguito \u201cSito\u201d) saranno trattati con correttezza e trasparenza per fini leciti e tutelando la sua riservatezza ed i suoi diritti nel rispetto della normativa comunitaria in materia di protezione dei dati personali (Reg. UE 2016\/679).<\/p>\n<p>Il presente documento non include i trattamenti svolti su altri siti web eventualmente consultabili dall&#8217;utente tramite link presenti sul Sito.<\/p>\n<p>I trattamenti verranno effettuati con le seguenti finalit\u00e0 e modalit\u00e0:<\/p>\n<p>&nbsp;<\/p>\n<p><strong>1. Titolare del Trattamento.<\/strong><\/p>\n<p>Ai sensi della normativa citata, il Titolare del Trattamento \u00e8 la ditta Locanda delle Acque di Cobilas Ghenadie, San Marco 4991, 30121 Venezia(verificare i dati), email: info@locandadelleacque.it.<\/p>\n<p>&nbsp;<\/p>\n<p><strong>2. Oggetto del Trattamento<\/strong>.<\/p>\n<p>Il Titolare tratter\u00e0 i dati personali da comunicati dall&#8217;Utente compilando i formche si trovano nelle varie aree tematiche del Sito (nome, cognome, indirizzo, codice fiscale, e-mail, telefono e\/o cellulare, dati necessari per il pagamento) unicamente per le finalit\u00e0 indicate alla presente informativa.<\/p>\n<p>&nbsp;<\/p>\n<p><strong>3. Finalit\u00e0 del trattamento.<\/strong><\/p>\n<p>Le finalit\u00e0 del trattamento perseguite in linea generale dal Titolare possono riassumersi come segue:<\/p>\n<p>a) per consentire al Titolare di dare seguito ad un messaggio e\/o richiesta inviato dall&#8217;Utente (dati comunicati nella sezione \u201cContatti\u201d);<\/p>\n<p>b) per consentire al Titolare di evadere una richiesta di prenotazione di un soggiorno inviata dall&#8217;Utente (dati comunicati nella sezione \u201cPrenota\u201d).<\/p>\n<p>&nbsp;<\/p>\n<p><strong>4. Categorie dei dati personali trattati.<\/strong><\/p>\n<p>I dati trattati saranno quelli, descritti al punto 2, strettamente necessari per le finalit\u00e0 richiesta e\/o autorizzata.<\/p>\n<p>&nbsp;<\/p>\n<p><strong>5. Destinatari od eventuali categorie di destinatari dei dati personali.<\/strong><\/p>\n<p>I dati forniti dall&#8217;Utente saranno resi accessibili a:<\/p>\n<p>dipendenti e\/o collaboratori del titolare;<br \/>\nQuestura di Venezia, in adempimento degli obblighi di legge (limitatamente a nome, cognome ed estremi del documento di identit\u00e0);<br \/>\nSistema di prenotazione on-line: Octorate s.r.l., Largo dei Caduti di El Alamein n. 20, Roma, Italia;<br \/>\nSistema di pagamento on-line: Syspay Limited (registered number: C 51532) 3B Wied Ghomor Str., St Julians STJ 2041, Malta;<br \/>\nLo studio commercialistico incaricato di curare gli adempimenti di natura amministrativa, contabile e fiscale.<br \/>\nI dati non saranno diffusi e saranno trattati con modalit\u00e0 organizzative e logiche correlate agli scopi sopra specificati.<\/p>\n<p>&nbsp;<\/p>\n<p><strong>6. Trasferimento dei dati.<\/strong><\/p>\n<p>La gestione e la conservazione dei dati personali avverr\u00e0 su serverubicati all\u2019interno dell\u2019UE del Titolare e\/o di societ\u00e0 terze incaricate e non verr\u00e0 effettuato alcun trasferimento degli stessi al di fuori del territorio dell\u2019Unione Europea.<\/p>\n<p>&nbsp;<\/p>\n<p><strong>7. Periodo di conservazione.<\/strong><\/p>\n<p>Il Titolare tratterr\u00e0 i dati personali forniti per il tempo necessario per adempiere alle finalit\u00e0 sopra descritte ed in particolare:<\/p>\n<p>&#8211; il nome il cognome e la e-mail inserite nei formpresenti nella sezione \u201cContatti\u201d, verranno utilizzati solo per dare seguito ad eventuali messaggi e\/o richieste inviati dall&#8217;Utente e verranno cancellati una volta terminata la corrispondenza;<\/p>\n<p>&#8211; i dati comunicati nella sezione \u201cPrenota\u201d in sede di pagamento del soggiorno (nome, cognome, indirizzo, codice fiscale, telefono e\/o cellulare, numero di carta di credito) saranno conservati con le tempistiche che seguono:<\/p>\n<p>a) dopo sette giorni dalla fine del soggiorno onde dare il tempo al Titolare di verificare che l\u2019immobile sia stato restituito in buone condizioni.<\/p>\n<p>b) i soli dati fiscali (nome, cognome, indirizzo di residenza e codice fiscale), in caso di emissione di fattura, saranno conservati per 10 anni cos\u00ec come previsto per legge.<\/p>\n<p>&nbsp;<\/p>\n<p><strong>8. Diritti dell\u2019interessato.<\/strong><\/p>\n<p>Nella sua qualit\u00e0 di interessato, l&#8217;Utente ha i seguenti diritti:<\/p>\n<p>&#8211; diritto di accedereai propri dati personali (una volta avuta la conferma che i propri dati sono sottoposti ad un trattamento da parte del titolare);<\/p>\n<p>&#8211; diritto di ottenere la rettificae l\u2019integrazionedei propri dati;<\/p>\n<p>&#8211; diritto di ottenere la cancellazionedei propri dati;<\/p>\n<p>&#8211; diritto di ottenere la limitazionedel trattamento dei propri dati personali in presenza di determinate condizioni;<\/p>\n<p>&#8211; diritto di riceverei dati personali forniti al titolare in un formato strutturato e di uso comune, e di trasmetterlia diverso titolare;<\/p>\n<p>&#8211; diritto di opporsial trattamento dei dati personali qualora ricorrano motivi connessi alla sua situazione personale;<\/p>\n<p>&#8211; diritto di non essere sottoposto ad un processo decisionale automatizzato;<\/p>\n<p>&#8211; diritto di ottenere comunicazione nel caso in cui i propri dati subiscano una grave violazione;<\/p>\n<p>&#8211; diritto di revocare il consensoal trattamento in qualsiasi momento;<\/p>\n<p>&#8211; diritto di presentare reclamodavanti ad un\u2019Autorit\u00e0 di controllo.<\/p>\n<p>l&#8217;Utente potr\u00e0 esercitare i predetti diritti inviando una comunicazione al Titolare del trattamento agli indirizzi di cui al precedente art. 1).<\/p>\n<p><strong>9. Natura del conferimento dei dati e conseguenze del rifiuto di rispondere.<\/strong><\/p>\n<p>La comunicazione dei dati (nome, cognome, indirizzo, codice fiscale, indirizzo mail, telefono e\/o cellulare, dati per il pagamento) per le finalit\u00e0 sopra indicate al punto 3b) \u00e8 necessaria ed obbligatoria.In loro assenza, infatti, il Titolare non potr\u00e0 fornire all&#8217;Utente i servizi richiesti.La comunicazione dei restanti dati \u00e8 facoltativa.<\/p>\n<p>&nbsp;<\/p>\n<p>Ultima modifica 24\/05\/18<\/p>\n","protected":false},"excerpt":{"rendered":"<p>( a free translation of this page can be found here) Privacy [&hellip;]<\/p>\n","protected":false},"author":1,"featured_media":0,"parent":0,"menu_order":0,"comment_status":"closed","ping_status":"closed","template":"","meta":[],"yoast_head":"<!-- This site is optimized with the Yoast SEO plugin v19.1 - https:\/\/yoast.com\/wordpress\/plugins\/seo\/ -->\n<title>privacy policy | B&amp;B Venezia Locanda delle Acque<\/title>\n<meta name=\"robots\" content=\"index, follow, max-snippet:-1, max-image-preview:large, max-video-preview:-1\" \/>\n<link rel=\"canonical\" href=\"https:\/\/locandadelleacque.it\/es\/privacy-policy\/\" \/>\n<meta property=\"og:locale\" content=\"es_ES\" \/>\n<meta property=\"og:type\" content=\"article\" \/>\n<meta property=\"og:title\" content=\"privacy policy | B&amp;B Venezia Locanda delle Acque\" \/>\n<meta property=\"og:description\" content=\"( a free translation of this page can be found here) Privacy [&hellip;]\" \/>\n<meta property=\"og:url\" content=\"https:\/\/locandadelleacque.it\/es\/privacy-policy\/\" \/>\n<meta property=\"og:site_name\" content=\"B&amp;B Venezia Locanda delle Acque\" \/>\n<meta property=\"article:modified_time\" content=\"2018-06-05T09:59:19+00:00\" \/>\n<meta name=\"twitter:card\" content=\"summary\" \/>\n<meta name=\"twitter:label1\" content=\"Tiempo de lectura\" \/>\n\t<meta name=\"twitter:data1\" content=\"4 minutos\" \/>\n<script type=\"application\/ld+json\" class=\"yoast-schema-graph\">{\"@context\":\"https:\/\/schema.org\",\"@graph\":[{\"@type\":\"WebSite\",\"@id\":\"https:\/\/locandadelleacque.it\/#website\",\"url\":\"https:\/\/locandadelleacque.it\/\",\"name\":\"B&amp;B Venezia Locanda delle Acque\",\"description\":false,\"potentialAction\":[{\"@type\":\"SearchAction\",\"target\":{\"@type\":\"EntryPoint\",\"urlTemplate\":\"https:\/\/locandadelleacque.it\/?s={search_term_string}\"},\"query-input\":\"required name=search_term_string\"}],\"inLanguage\":\"es\"},{\"@type\":\"WebPage\",\"@id\":\"https:\/\/locandadelleacque.it\/es\/privacy-policy\/#webpage\",\"url\":\"https:\/\/locandadelleacque.it\/es\/privacy-policy\/\",\"name\":\"privacy policy | B&amp;B Venezia Locanda delle Acque\",\"isPartOf\":{\"@id\":\"https:\/\/locandadelleacque.it\/#website\"},\"datePublished\":\"2016-05-11T14:12:05+00:00\",\"dateModified\":\"2018-06-05T09:59:19+00:00\",\"breadcrumb\":{\"@id\":\"https:\/\/locandadelleacque.it\/es\/privacy-policy\/#breadcrumb\"},\"inLanguage\":\"es\",\"potentialAction\":[{\"@type\":\"ReadAction\",\"target\":[\"https:\/\/locandadelleacque.it\/es\/privacy-policy\/\"]}]},{\"@type\":\"BreadcrumbList\",\"@id\":\"https:\/\/locandadelleacque.it\/es\/privacy-policy\/#breadcrumb\",\"itemListElement\":[{\"@type\":\"ListItem\",\"position\":1,\"name\":\"Home\",\"item\":\"https:\/\/locandadelleacque.it\/es\/\"},{\"@type\":\"ListItem\",\"position\":2,\"name\":\"privacy policy\"}]}]}<\/script>\n<!-- \/ Yoast SEO plugin. -->","yoast_head_json":{"title":"privacy policy | B&amp;B Venezia Locanda delle Acque","robots":{"index":"index","follow":"follow","max-snippet":"max-snippet:-1","max-image-preview":"max-image-preview:large","max-video-preview":"max-video-preview:-1"},"canonical":"https:\/\/locandadelleacque.it\/es\/privacy-policy\/","og_locale":"es_ES","og_type":"article","og_title":"privacy policy | B&amp;B Venezia Locanda delle Acque","og_description":"( a free translation of this page can be found here) Privacy [&hellip;]","og_url":"https:\/\/locandadelleacque.it\/es\/privacy-policy\/","og_site_name":"B&amp;B Venezia Locanda delle Acque","article_modified_time":"2018-06-05T09:59:19+00:00","twitter_card":"summary","twitter_misc":{"Tiempo de lectura":"4 minutos"},"schema":{"@context":"https:\/\/schema.org","@graph":[{"@type":"WebSite","@id":"https:\/\/locandadelleacque.it\/#website","url":"https:\/\/locandadelleacque.it\/","name":"B&amp;B Venezia Locanda delle Acque","description":false,"potentialAction":[{"@type":"SearchAction","target":{"@type":"EntryPoint","urlTemplate":"https:\/\/locandadelleacque.it\/?s={search_term_string}"},"query-input":"required name=search_term_string"}],"inLanguage":"es"},{"@type":"WebPage","@id":"https:\/\/locandadelleacque.it\/es\/privacy-policy\/#webpage","url":"https:\/\/locandadelleacque.it\/es\/privacy-policy\/","name":"privacy policy | B&amp;B Venezia Locanda delle Acque","isPartOf":{"@id":"https:\/\/locandadelleacque.it\/#website"},"datePublished":"2016-05-11T14:12:05+00:00","dateModified":"2018-06-05T09:59:19+00:00","breadcrumb":{"@id":"https:\/\/locandadelleacque.it\/es\/privacy-policy\/#breadcrumb"},"inLanguage":"es","potentialAction":[{"@type":"ReadAction","target":["https:\/\/locandadelleacque.it\/es\/privacy-policy\/"]}]},{"@type":"BreadcrumbList","@id":"https:\/\/locandadelleacque.it\/es\/privacy-policy\/#breadcrumb","itemListElement":[{"@type":"ListItem","position":1,"name":"Home","item":"https:\/\/locandadelleacque.it\/es\/"},{"@type":"ListItem","position":2,"name":"privacy policy"}]}]}},"_links":{"self":[{"href":"https:\/\/locandadelleacque.it\/es\/wp-json\/wp\/v2\/pages\/589"}],"collection":[{"href":"https:\/\/locandadelleacque.it\/es\/wp-json\/wp\/v2\/pages"}],"about":[{"href":"https:\/\/locandadelleacque.it\/es\/wp-json\/wp\/v2\/types\/page"}],"author":[{"embeddable":true,"href":"https:\/\/locandadelleacque.it\/es\/wp-json\/wp\/v2\/users\/1"}],"replies":[{"embeddable":true,"href":"https:\/\/locandadelleacque.it\/es\/wp-json\/wp\/v2\/comments?post=589"}],"version-history":[{"count":6,"href":"https:\/\/locandadelleacque.it\/es\/wp-json\/wp\/v2\/pages\/589\/revisions"}],"predecessor-version":[{"id":680,"href":"https:\/\/locandadelleacque.it\/es\/wp-json\/wp\/v2\/pages\/589\/revisions\/680"}],"wp:attachment":[{"href":"https:\/\/locandadelleacque.it\/es\/wp-json\/wp\/v2\/media?parent=589"}],"curies":[{"name":"wp","href":"https:\/\/api.w.org\/{rel}","templated":true}]}}