{"id":327,"date":"2016-01-10T15:41:59","date_gmt":"2016-01-10T15:41:59","guid":{"rendered":"http:\/\/locandadelleacque.it\/wp\/camere\/?lang=fr"},"modified":"2016-05-11T13:01:51","modified_gmt":"2016-05-11T13:01:51","slug":"chambres","status":"publish","type":"page","link":"https:\/\/locandadelleacque.it\/fr\/chambres\/","title":{"rendered":"Chambres"},"content":{"rendered":"<p>[vc_row][vc_column][\/vc_column][\/vc_row][vc_row][vc_column width=\u00a0\u00bb1\/2&Prime;][vc_column_text]La sensation que vous \u00e9prouverez en logeant \u00e0 Ca&rsquo; delle Acque sera celle de celui qui se sent comme chez soi.<\/p>\n<p>Les chambres sont en effet grandes et confortables et permettent de se d\u00e9tendre apr\u00e8s avoir visit\u00e9 la ville. Si on ajoute la courtoisie et la professionnalit\u00e9 du personnel, toujours \u00e0 votre disposition pour des conseils et vos d\u00e9sirs, et la touche de romantisme offert par un petit-d\u00e9jeuner en chambre, nous pouvons affirmer que nous rendrons votre s\u00e9jour \u00e0 Venise vraiment inoubliable.<\/p>\n<p>Les chambres de Ca&rsquo; delle Acque font partie des plus accueillantes parmi toutes celles propos\u00e9es par les bed &amp; breakfast de Venise.<\/p>\n<p>Nous avons aussi des versions simples, doubles avec deux lits s\u00e9par\u00e9s ou avec un lit double qui ont toutes la salle de bains priv\u00e9e avec douche et s\u00e8che-cheveux, la t\u00e9l\u00e9vision.[\/vc_column_text][vc_cta h2=\u00a0\u00bbVous souhaitez voir toutes les photos?\u00a0\u00bb h4=\u00a0\u00bbVoir la galerie compl\u00e8te !\u00a0\u00bb add_button=\u00a0\u00bbright\u00a0\u00bb btn_title=\u00a0\u00bbGallery\u00a0\u00bb btn_link=\u00a0\u00bburl:http%3A%2F%2Fwww.locandadelleacque.it%2Ffr%2Fgallery-2%2F||\u00a0\u00bb][\/vc_cta][\/vc_column][vc_column width=\u00a0\u00bb1\/2&Prime;][vc_gallery interval=\u00a0\u00bb3&Prime; images=\u00a0\u00bb272,273,274&Prime; img_size=\u00a0\u00bbfull\u00a0\u00bb][\/vc_column][\/vc_row]<\/p>\n","protected":false},"excerpt":{"rendered":"<p>[vc_row][vc_column][\/vc_column][\/vc_row][vc_row][vc_column width=\u00a0\u00bb1\/2&Prime;][vc_column_text]La sensation que vous \u00e9prouverez en logeant \u00e0 Ca&rsquo; delle Acque [&hellip;]<\/p>\n","protected":false},"author":1,"featured_media":0,"parent":0,"menu_order":0,"comment_status":"closed","ping_status":"closed","template":"","meta":[],"yoast_head":"<!-- This site is optimized with the Yoast SEO plugin v19.1 - https:\/\/yoast.com\/wordpress\/plugins\/seo\/ -->\n<title>Chambres | B&amp;B Venezia Locanda delle Acque<\/title>\n<meta name=\"robots\" content=\"index, follow, max-snippet:-1, max-image-preview:large, max-video-preview:-1\" \/>\n<link rel=\"canonical\" href=\"https:\/\/locandadelleacque.it\/fr\/chambres\/\" \/>\n<meta property=\"og:locale\" content=\"fr_FR\" \/>\n<meta property=\"og:type\" content=\"article\" \/>\n<meta property=\"og:title\" content=\"Chambres | B&amp;B Venezia Locanda delle Acque\" \/>\n<meta property=\"og:description\" content=\"[vc_row][vc_column][\/vc_column][\/vc_row][vc_row][vc_column width=\u00a0\u00bb1\/2&Prime;][vc_column_text]La sensation que vous \u00e9prouverez en logeant \u00e0 Ca&rsquo; delle Acque [&hellip;]\" \/>\n<meta property=\"og:url\" content=\"https:\/\/locandadelleacque.it\/fr\/chambres\/\" \/>\n<meta property=\"og:site_name\" content=\"B&amp;B Venezia Locanda delle Acque\" \/>\n<meta property=\"article:modified_time\" content=\"2016-05-11T13:01:51+00:00\" \/>\n<meta name=\"twitter:card\" content=\"summary\" \/>\n<meta name=\"twitter:label1\" content=\"Dur\u00e9e de lecture estim\u00e9e\" \/>\n\t<meta name=\"twitter:data1\" content=\"1 minute\" \/>\n<script type=\"application\/ld+json\" class=\"yoast-schema-graph\">{\"@context\":\"https:\/\/schema.org\",\"@graph\":[{\"@type\":\"WebSite\",\"@id\":\"https:\/\/locandadelleacque.it\/#website\",\"url\":\"https:\/\/locandadelleacque.it\/\",\"name\":\"B&amp;B Venezia Locanda delle Acque\",\"description\":false,\"potentialAction\":[{\"@type\":\"SearchAction\",\"target\":{\"@type\":\"EntryPoint\",\"urlTemplate\":\"https:\/\/locandadelleacque.it\/?s={search_term_string}\"},\"query-input\":\"required name=search_term_string\"}],\"inLanguage\":\"fr-FR\"},{\"@type\":\"WebPage\",\"@id\":\"https:\/\/locandadelleacque.it\/fr\/chambres\/#webpage\",\"url\":\"https:\/\/locandadelleacque.it\/fr\/chambres\/\",\"name\":\"Chambres | B&amp;B Venezia Locanda delle Acque\",\"isPartOf\":{\"@id\":\"https:\/\/locandadelleacque.it\/#website\"},\"datePublished\":\"2016-01-10T15:41:59+00:00\",\"dateModified\":\"2016-05-11T13:01:51+00:00\",\"breadcrumb\":{\"@id\":\"https:\/\/locandadelleacque.it\/fr\/chambres\/#breadcrumb\"},\"inLanguage\":\"fr-FR\",\"potentialAction\":[{\"@type\":\"ReadAction\",\"target\":[\"https:\/\/locandadelleacque.it\/fr\/chambres\/\"]}]},{\"@type\":\"BreadcrumbList\",\"@id\":\"https:\/\/locandadelleacque.it\/fr\/chambres\/#breadcrumb\",\"itemListElement\":[{\"@type\":\"ListItem\",\"position\":1,\"name\":\"Home\",\"item\":\"https:\/\/locandadelleacque.it\/fr\/\"},{\"@type\":\"ListItem\",\"position\":2,\"name\":\"Chambres\"}]}]}<\/script>\n<!-- \/ Yoast SEO plugin. -->","yoast_head_json":{"title":"Chambres | B&amp;B Venezia Locanda delle Acque","robots":{"index":"index","follow":"follow","max-snippet":"max-snippet:-1","max-image-preview":"max-image-preview:large","max-video-preview":"max-video-preview:-1"},"canonical":"https:\/\/locandadelleacque.it\/fr\/chambres\/","og_locale":"fr_FR","og_type":"article","og_title":"Chambres | B&amp;B Venezia Locanda delle Acque","og_description":"[vc_row][vc_column][\/vc_column][\/vc_row][vc_row][vc_column width=\u00a0\u00bb1\/2&Prime;][vc_column_text]La sensation que vous \u00e9prouverez en logeant \u00e0 Ca&rsquo; delle Acque [&hellip;]","og_url":"https:\/\/locandadelleacque.it\/fr\/chambres\/","og_site_name":"B&amp;B Venezia Locanda delle Acque","article_modified_time":"2016-05-11T13:01:51+00:00","twitter_card":"summary","twitter_misc":{"Dur\u00e9e de lecture estim\u00e9e":"1 minute"},"schema":{"@context":"https:\/\/schema.org","@graph":[{"@type":"WebSite","@id":"https:\/\/locandadelleacque.it\/#website","url":"https:\/\/locandadelleacque.it\/","name":"B&amp;B Venezia Locanda delle Acque","description":false,"potentialAction":[{"@type":"SearchAction","target":{"@type":"EntryPoint","urlTemplate":"https:\/\/locandadelleacque.it\/?s={search_term_string}"},"query-input":"required name=search_term_string"}],"inLanguage":"fr-FR"},{"@type":"WebPage","@id":"https:\/\/locandadelleacque.it\/fr\/chambres\/#webpage","url":"https:\/\/locandadelleacque.it\/fr\/chambres\/","name":"Chambres | B&amp;B Venezia Locanda delle Acque","isPartOf":{"@id":"https:\/\/locandadelleacque.it\/#website"},"datePublished":"2016-01-10T15:41:59+00:00","dateModified":"2016-05-11T13:01:51+00:00","breadcrumb":{"@id":"https:\/\/locandadelleacque.it\/fr\/chambres\/#breadcrumb"},"inLanguage":"fr-FR","potentialAction":[{"@type":"ReadAction","target":["https:\/\/locandadelleacque.it\/fr\/chambres\/"]}]},{"@type":"BreadcrumbList","@id":"https:\/\/locandadelleacque.it\/fr\/chambres\/#breadcrumb","itemListElement":[{"@type":"ListItem","position":1,"name":"Home","item":"https:\/\/locandadelleacque.it\/fr\/"},{"@type":"ListItem","position":2,"name":"Chambres"}]}]}},"_links":{"self":[{"href":"https:\/\/locandadelleacque.it\/fr\/wp-json\/wp\/v2\/pages\/327"}],"collection":[{"href":"https:\/\/locandadelleacque.it\/fr\/wp-json\/wp\/v2\/pages"}],"about":[{"href":"https:\/\/locandadelleacque.it\/fr\/wp-json\/wp\/v2\/types\/page"}],"author":[{"embeddable":true,"href":"https:\/\/locandadelleacque.it\/fr\/wp-json\/wp\/v2\/users\/1"}],"replies":[{"embeddable":true,"href":"https:\/\/locandadelleacque.it\/fr\/wp-json\/wp\/v2\/comments?post=327"}],"version-history":[{"count":3,"href":"https:\/\/locandadelleacque.it\/fr\/wp-json\/wp\/v2\/pages\/327\/revisions"}],"predecessor-version":[{"id":568,"href":"https:\/\/locandadelleacque.it\/fr\/wp-json\/wp\/v2\/pages\/327\/revisions\/568"}],"wp:attachment":[{"href":"https:\/\/locandadelleacque.it\/fr\/wp-json\/wp\/v2\/media?parent=327"}],"curies":[{"name":"wp","href":"https:\/\/api.w.org\/{rel}","templated":true}]}}