{"id":342,"date":"2016-01-10T10:38:20","date_gmt":"2016-01-10T10:38:20","guid":{"rendered":"http:\/\/locandadelleacque.it\/wp\/fr\/descrizione\/"},"modified":"2016-05-11T12:41:23","modified_gmt":"2016-05-11T12:41:23","slug":"description","status":"publish","type":"page","link":"https:\/\/locandadelleacque.it\/fr\/description\/","title":{"rendered":"Description"},"content":{"rendered":"<p>[vc_row][vc_column][\/vc_column][\/vc_row][vc_row][vc_column width=\u00a0\u00bb2\/3&Prime;][vc_column_text]Ca&rsquo; delle Acque est un joli <strong>bed &amp; breakfast en Venise<\/strong> situ\u00e9 \u00e0 deux pas de Place <strong>Saint Marc<\/strong> et du <strong>Pont de Rialto<\/strong>. L&rsquo;atmosph\u00e8re jeune et dynamique, l&rsquo;hospitalit\u00e9 chaleureuse et l&rsquo;ambiance plaisante et informelle font de Ca&rsquo; delle Acque le lieu id\u00e9al pour des vacances amusantes et romantiques dans la plus belle ville du monde.<\/p>\n<p>L&rsquo;\u00e9quipe de Ca&rsquo; delle Acque est \u00e0 votre totale disposition pour que vous puissiez passer un s\u00e9jour tr\u00e8s agr\u00e9able dans notre B&amp;B \u00e0 Venise, o\u00f9 vous pourrez choisir selon vos pr\u00e9f\u00e9rences entre les confortables chambres doubles avec salle de bains priv\u00e9e un par \u00e9tage, une caract\u00e9ristique unique \u00e0 Venise.<\/p>\n<p>A votre arriv\u00e9e vous recevrez une carte tr\u00e8s utile de la ville et de nombreux conseils sur les restaurants, expositions et spectacles \u00e0 ne pas manquer. Gratuite pout les clients, l&rsquo;excursion guid\u00e9e dans une c\u00e9l\u00e8bre verrerie sur <strong>l&rsquo;Ile de Murano<\/strong>.[\/vc_column_text][vc_cta h2=\u00a0\u00bbVous souhaitez visiter Venise \u00e0 un prix exceptionnel?\u00a0\u00bb h4=\u00a0\u00bbD\u00e9couvrez nos offres!\u00a0\u00bb add_button=\u00a0\u00bbright\u00a0\u00bb btn_title=\u00a0\u00bbOffres sp\u00e9ciales\u00a0\u00bb css=\u00a0\u00bb.vc_custom_1462970478137{margin-top: 30px !important;}\u00a0\u00bb btn_link=\u00a0\u00bburl:http%3A%2F%2Fwww.locandadelleacque.it%2Ffr%2Fofferte-speciali%2F||\u00a0\u00bb][\/vc_cta][\/vc_column][vc_column width=\u00a0\u00bb1\/3&Prime;][vc_single_image image=\u00a0\u00bb252&Prime; img_size=\u00a0\u00bbfull\u00a0\u00bb alignment=\u00a0\u00bbright\u00a0\u00bb][\/vc_column][\/vc_row]<\/p>\n","protected":false},"excerpt":{"rendered":"<p>[vc_row][vc_column][\/vc_column][\/vc_row][vc_row][vc_column width=\u00a0\u00bb2\/3&Prime;][vc_column_text]Ca&rsquo; delle Acque est un joli bed &amp; breakfast en Venise [&hellip;]<\/p>\n","protected":false},"author":1,"featured_media":0,"parent":0,"menu_order":0,"comment_status":"closed","ping_status":"closed","template":"","meta":[],"yoast_head":"<!-- This site is optimized with the Yoast SEO plugin v19.1 - https:\/\/yoast.com\/wordpress\/plugins\/seo\/ -->\n<title>Description | B&amp;B Venezia Locanda delle Acque<\/title>\n<meta name=\"robots\" content=\"index, follow, max-snippet:-1, max-image-preview:large, max-video-preview:-1\" \/>\n<link rel=\"canonical\" href=\"https:\/\/locandadelleacque.it\/fr\/description\/\" \/>\n<meta property=\"og:locale\" content=\"fr_FR\" \/>\n<meta property=\"og:type\" content=\"article\" \/>\n<meta property=\"og:title\" content=\"Description | B&amp;B Venezia Locanda delle Acque\" \/>\n<meta property=\"og:description\" content=\"[vc_row][vc_column][\/vc_column][\/vc_row][vc_row][vc_column width=\u00a0\u00bb2\/3&Prime;][vc_column_text]Ca&rsquo; delle Acque est un joli bed &amp; breakfast en Venise [&hellip;]\" \/>\n<meta property=\"og:url\" content=\"https:\/\/locandadelleacque.it\/fr\/description\/\" \/>\n<meta property=\"og:site_name\" content=\"B&amp;B Venezia Locanda delle Acque\" \/>\n<meta property=\"article:modified_time\" content=\"2016-05-11T12:41:23+00:00\" \/>\n<meta name=\"twitter:card\" content=\"summary\" \/>\n<meta name=\"twitter:label1\" content=\"Dur\u00e9e de lecture estim\u00e9e\" \/>\n\t<meta name=\"twitter:data1\" content=\"1 minute\" \/>\n<script type=\"application\/ld+json\" class=\"yoast-schema-graph\">{\"@context\":\"https:\/\/schema.org\",\"@graph\":[{\"@type\":\"WebSite\",\"@id\":\"https:\/\/locandadelleacque.it\/#website\",\"url\":\"https:\/\/locandadelleacque.it\/\",\"name\":\"B&amp;B Venezia Locanda delle Acque\",\"description\":false,\"potentialAction\":[{\"@type\":\"SearchAction\",\"target\":{\"@type\":\"EntryPoint\",\"urlTemplate\":\"https:\/\/locandadelleacque.it\/?s={search_term_string}\"},\"query-input\":\"required name=search_term_string\"}],\"inLanguage\":\"fr-FR\"},{\"@type\":\"WebPage\",\"@id\":\"https:\/\/locandadelleacque.it\/fr\/description\/#webpage\",\"url\":\"https:\/\/locandadelleacque.it\/fr\/description\/\",\"name\":\"Description | B&amp;B Venezia Locanda delle Acque\",\"isPartOf\":{\"@id\":\"https:\/\/locandadelleacque.it\/#website\"},\"datePublished\":\"2016-01-10T10:38:20+00:00\",\"dateModified\":\"2016-05-11T12:41:23+00:00\",\"breadcrumb\":{\"@id\":\"https:\/\/locandadelleacque.it\/fr\/description\/#breadcrumb\"},\"inLanguage\":\"fr-FR\",\"potentialAction\":[{\"@type\":\"ReadAction\",\"target\":[\"https:\/\/locandadelleacque.it\/fr\/description\/\"]}]},{\"@type\":\"BreadcrumbList\",\"@id\":\"https:\/\/locandadelleacque.it\/fr\/description\/#breadcrumb\",\"itemListElement\":[{\"@type\":\"ListItem\",\"position\":1,\"name\":\"Home\",\"item\":\"https:\/\/locandadelleacque.it\/fr\/\"},{\"@type\":\"ListItem\",\"position\":2,\"name\":\"Description\"}]}]}<\/script>\n<!-- \/ Yoast SEO plugin. -->","yoast_head_json":{"title":"Description | B&amp;B Venezia Locanda delle Acque","robots":{"index":"index","follow":"follow","max-snippet":"max-snippet:-1","max-image-preview":"max-image-preview:large","max-video-preview":"max-video-preview:-1"},"canonical":"https:\/\/locandadelleacque.it\/fr\/description\/","og_locale":"fr_FR","og_type":"article","og_title":"Description | B&amp;B Venezia Locanda delle Acque","og_description":"[vc_row][vc_column][\/vc_column][\/vc_row][vc_row][vc_column width=\u00a0\u00bb2\/3&Prime;][vc_column_text]Ca&rsquo; delle Acque est un joli bed &amp; breakfast en Venise [&hellip;]","og_url":"https:\/\/locandadelleacque.it\/fr\/description\/","og_site_name":"B&amp;B Venezia Locanda delle Acque","article_modified_time":"2016-05-11T12:41:23+00:00","twitter_card":"summary","twitter_misc":{"Dur\u00e9e de lecture estim\u00e9e":"1 minute"},"schema":{"@context":"https:\/\/schema.org","@graph":[{"@type":"WebSite","@id":"https:\/\/locandadelleacque.it\/#website","url":"https:\/\/locandadelleacque.it\/","name":"B&amp;B Venezia Locanda delle Acque","description":false,"potentialAction":[{"@type":"SearchAction","target":{"@type":"EntryPoint","urlTemplate":"https:\/\/locandadelleacque.it\/?s={search_term_string}"},"query-input":"required name=search_term_string"}],"inLanguage":"fr-FR"},{"@type":"WebPage","@id":"https:\/\/locandadelleacque.it\/fr\/description\/#webpage","url":"https:\/\/locandadelleacque.it\/fr\/description\/","name":"Description | B&amp;B Venezia Locanda delle Acque","isPartOf":{"@id":"https:\/\/locandadelleacque.it\/#website"},"datePublished":"2016-01-10T10:38:20+00:00","dateModified":"2016-05-11T12:41:23+00:00","breadcrumb":{"@id":"https:\/\/locandadelleacque.it\/fr\/description\/#breadcrumb"},"inLanguage":"fr-FR","potentialAction":[{"@type":"ReadAction","target":["https:\/\/locandadelleacque.it\/fr\/description\/"]}]},{"@type":"BreadcrumbList","@id":"https:\/\/locandadelleacque.it\/fr\/description\/#breadcrumb","itemListElement":[{"@type":"ListItem","position":1,"name":"Home","item":"https:\/\/locandadelleacque.it\/fr\/"},{"@type":"ListItem","position":2,"name":"Description"}]}]}},"_links":{"self":[{"href":"https:\/\/locandadelleacque.it\/fr\/wp-json\/wp\/v2\/pages\/342"}],"collection":[{"href":"https:\/\/locandadelleacque.it\/fr\/wp-json\/wp\/v2\/pages"}],"about":[{"href":"https:\/\/locandadelleacque.it\/fr\/wp-json\/wp\/v2\/types\/page"}],"author":[{"embeddable":true,"href":"https:\/\/locandadelleacque.it\/fr\/wp-json\/wp\/v2\/users\/1"}],"replies":[{"embeddable":true,"href":"https:\/\/locandadelleacque.it\/fr\/wp-json\/wp\/v2\/comments?post=342"}],"version-history":[{"count":6,"href":"https:\/\/locandadelleacque.it\/fr\/wp-json\/wp\/v2\/pages\/342\/revisions"}],"predecessor-version":[{"id":563,"href":"https:\/\/locandadelleacque.it\/fr\/wp-json\/wp\/v2\/pages\/342\/revisions\/563"}],"wp:attachment":[{"href":"https:\/\/locandadelleacque.it\/fr\/wp-json\/wp\/v2\/media?parent=342"}],"curies":[{"name":"wp","href":"https:\/\/api.w.org\/{rel}","templated":true}]}}