{"id":359,"date":"2016-01-10T16:01:32","date_gmt":"2016-01-10T16:01:32","guid":{"rendered":"http:\/\/locandadelleacque.it\/wp\/fr\/dove-siamo\/"},"modified":"2018-06-05T09:34:08","modified_gmt":"2018-06-05T09:34:08","slug":"comment-nous-rejoindre","status":"publish","type":"page","link":"https:\/\/locandadelleacque.it\/fr\/comment-nous-rejoindre\/","title":{"rendered":"Comment nous rejoindre"},"content":{"rendered":"<p>[vc_row][vc_column][vc_raw_js]JTNDc3R5bGUlM0UlMEElMjAlMjAlMjAlMjAlMjAlMjAlMjNtYXAlMjAlN0IlMEElMjAlMjAlMjAlMjAlMjAlMjAlMjAlMjBoZWlnaHQlM0ElMjA2MDBweCUzQiUwQSUyMCUyMCUyMCUyMCUyMCUyMCUyMCUyMHdpZHRoJTNBJTIwMTAwJTI1JTNCJTBBJTIwJTIwJTIwJTIwJTIwJTIwJTIwJTdEJTBBJTIwJTIwJTIwJTIwJTNDJTJGc3R5bGUlM0UlMEElMjAlM0NkaXYlMjBpZCUzRCUyMm1hcCUyMiUzRSUzQyUyRmRpdiUzRSUwQSUyMCUyMCUyMCUyMCUzQ3NjcmlwdCUzRSUwQSUyMCUyMCUyMCUyMCUyMCUyMGZ1bmN0aW9uJTIwaW5pdE1hcCUyOCUyOSUyMCU3QiUwQSUyMCUyMCUyMCUyMCUyMCUyMCUyMCUyMHZhciUyMHVsdXJ1JTIwJTNEJTIwJTdCbGF0JTNBJTIwNDUuNDM2NTM0JTJDJTIwbG5nJTNBJTIwMTIuMzM3NTAyJTdEJTNCJTBBJTIwJTIwJTIwJTIwJTIwJTIwJTIwJTIwdmFyJTIwbWFwJTIwJTNEJTIwbmV3JTIwZ29vZ2xlLm1hcHMuTWFwJTI4ZG9jdW1lbnQuZ2V0RWxlbWVudEJ5SWQlMjglMjdtYXAlMjclMjklMkMlMjAlN0IlMEElMjAlMjAlMjAlMjAlMjAlMjAlMjAlMjAlMjAlMjB6b29tJTNBJTIwMTYlMkMlMEElMjAlMjAlMjAlMjAlMjAlMjAlMjAlMjAlMjAlMjBjZW50ZXIlM0ElMjB1bHVydSUwQSUyMCUyMCUyMCUyMCUyMCUyMCUyMCUyMCU3RCUyOSUzQiUwQSUyMCUyMCUyMCUyMCUyMCUyMCUyMCUyMHZhciUyMG1hcmtlciUyMCUzRCUyMG5ldyUyMGdvb2dsZS5tYXBzLk1hcmtlciUyOCU3QiUwQSUyMCUyMCUyMCUyMCUyMCUyMCUyMCUyMCUyMCUyMHBvc2l0aW9uJTNBJTIwdWx1cnUlMkMlMEElMjAlMjAlMjAlMjAlMjAlMjAlMjAlMjAlMjAlMjBtYXAlM0ElMjBtYXAlMkMlMEElMjAlMjAlMjAlMjAlMjAlMjAlMjAlMjAlMjAlMjB0aXRsZSUzQSUyMCUyN0xvY2FuZGElMjBkZWxsZSUyMEFjcXVlJTI3JTBBJTIwJTIwJTIwJTIwJTIwJTIwJTIwJTIwJTdEJTI5JTNCJTBBJTIwJTIwJTIwJTIwJTIwJTIwJTdEJTBBJTIwJTIwJTIwJTIwJTNDJTJGc2NyaXB0JTNFJTBBJTIwJTIwJTIwJTIwJTNDc2NyaXB0JTIwYXN5bmMlMjBkZWZlciUwQSUyMCUyMCUyMCUyMHNyYyUzRCUyMmh0dHBzJTNBJTJGJTJGbWFwcy5nb29nbGVhcGlzLmNvbSUyRm1hcHMlMkZhcGklMkZqcyUzRmtleSUzREFJemFTeUI1RndFN3pvelFXSndIZlJpakxDTS11Zml3M0Z2YXI1dyUyNmNhbGxiYWNrJTNEaW5pdE1hcCUyMiUzRSUwQSUyMCUyMCUyMCUyMCUzQyUyRnNjcmlwdCUzRSUyMA==[\/vc_raw_js][\/vc_column][\/vc_row][vc_row][vc_column][vc_column_text]<\/p>\n<h3>COMMENT NOUS REJOINDRE<\/h3>\n<p>Il y a plusieurs possibilit\u00e9 pour rejoindre Ca&rsquo; delle Acque:<\/p>\n<p><b>En avion<br \/>\n<\/b>De l&rsquo;<b>a\u00e9roport de Venise \u00ab\u00a0Marco Polo\u00a0\u00bb<\/b>\u00a0vous pouvez choisir le bus \u00ab\u00a0Fly bus\u00a0\u00bb de l&rsquo;ATVO, qui effectue une service r\u00e9gulier de navette jusqu&rsquo;\u00e0 Piazzale Roma (environ 20 minutes), ou le bus n. 5 de l&rsquo;ACTV toujours en direction de Piazzale Roma. D&rsquo;autres possibilit\u00e9s sont le canot \u00e0 moteur public \u00ab\u00a0Alilaguna\u00a0\u00bb qui en environ 1 heure vous am\u00e8nera \u00e0 Place Saint Marc (arr\u00eat St Marc), et le taxi d&rsquo;eau priv\u00e9 qui vous am\u00e8nera directement \u00e0 l&rsquo;h\u00f4tel.<br \/>\nDe l&rsquo;<b>a\u00e9roport de Tr\u00e9vise \u00ab\u00a0S. Angelo\u00a0\u00bb<\/b>\u00a0la compagnie ATVO offre un service r\u00e9gulier de liaison rapide de l&rsquo;a\u00e9roport jusqu&rsquo;\u00e0 Piazzale Roma en autobus \u00e9quip\u00e9s d&rsquo;air conditionn\u00e9 avec une grande soute \u00e0 bagages.<br \/>\nDe l\u00e0 prenez le vaporetto n\u00b01 ou n\u00b082 et descendez au Rialto. D\u00e8s que vous descendez, allez toujours tout droit en parcourant Calle Larga Mazzini jusqu&rsquo;\u00e0 la fin, puis les Merceries, et toujours tout droit, Calle delle Acque: passez le porche et vous trouverez Ca&rsquo; delle Acque. Ca&rsquo; delle Acque se trouve dans le sestriere de Saint Marc au n\u00b0 4991.<\/p>\n<p><b>En voiture<br \/>\n<\/b>Si vous arrivez en voiture vous pouvez vous garer au Tronchetto ou Piazzale Roma, qui se trouvent apr\u00e8s le \u00ab\u00a0Ponte della Libert\u00e0\u00a0\u00bb qui relie Venise \u00e0 la terre ferme. De l\u00e0 prenez le vaporetto n\u00b082 et descendez au Rialto. D\u00e8s que vous descendez, allez toujours tout droit en parcourant Calle Larga Mazzini jusqu&rsquo;\u00e0 la fin, puis les Merceries, et toujours tout droit, Calle delle Acque: passez le porche et vous trouverez Ca&rsquo; delle Acque. Ca&rsquo; delle Acque se trouve dans le sestriere de Saint Marc au n\u00b0 4991.<\/p>\n<p><b>En train<br \/>\n<\/b>A partir de la gare de Santa Lucia prendre le vaporetto n\u00b082 et descendre au Rialto. D\u00e8s que vous descendez, allez toujours tout droit en parcourant Calle Larga Mazzini jusqu&rsquo;\u00e0 la fin, puis les Merceries, et toujours tout droit, Calle delle Acque: passez le porche et vous trouverez Ca&rsquo; delle Acque. Ca&rsquo; delle Acque se trouve dans le sestriere de Saint Marc au n\u00b0 4991.[\/vc_column_text][\/vc_column][\/vc_row]<\/p>\n","protected":false},"excerpt":{"rendered":"<p>[vc_row][vc_column][vc_raw_js]JTNDc3R5bGUlM0UlMEElMjAlMjAlMjAlMjAlMjAlMjAlMjNtYXAlMjAlN0IlMEElMjAlMjAlMjAlMjAlMjAlMjAlMjAlMjBoZWlnaHQlM0ElMjA2MDBweCUzQiUwQSUyMCUyMCUyMCUyMCUyMCUyMCUyMCUyMHdpZHRoJTNBJTIwMTAwJTI1JTNCJTBBJTIwJTIwJTIwJTIwJTIwJTIwJTIwJTdEJTBBJTIwJTIwJTIwJTIwJTNDJTJGc3R5bGUlM0UlMEElMjAlM0NkaXYlMjBpZCUzRCUyMm1hcCUyMiUzRSUzQyUyRmRpdiUzRSUwQSUyMCUyMCUyMCUyMCUzQ3NjcmlwdCUzRSUwQSUyMCUyMCUyMCUyMCUyMCUyMGZ1bmN0aW9uJTIwaW5pdE1hcCUyOCUyOSUyMCU3QiUwQSUyMCUyMCUyMCUyMCUyMCUyMCUyMCUyMHZhciUyMHVsdXJ1JTIwJTNEJTIwJTdCbGF0JTNBJTIwNDUuNDM2NTM0JTJDJTIwbG5nJTNBJTIwMTIuMzM3NTAyJTdEJTNCJTBBJTIwJTIwJTIwJTIwJTIwJTIwJTIwJTIwdmFyJTIwbWFwJTIwJTNEJTIwbmV3JTIwZ29vZ2xlLm1hcHMuTWFwJTI4ZG9jdW1lbnQuZ2V0RWxlbWVudEJ5SWQlMjglMjdtYXAlMjclMjklMkMlMjAlN0IlMEElMjAlMjAlMjAlMjAlMjAlMjAlMjAlMjAlMjAlMjB6b29tJTNBJTIwMTYlMkMlMEElMjAlMjAlMjAlMjAlMjAlMjAlMjAlMjAlMjAlMjBjZW50ZXIlM0ElMjB1bHVydSUwQSUyMCUyMCUyMCUyMCUyMCUyMCUyMCUyMCU3RCUyOSUzQiUwQSUyMCUyMCUyMCUyMCUyMCUyMCUyMCUyMHZhciUyMG1hcmtlciUyMCUzRCUyMG5ldyUyMGdvb2dsZS5tYXBzLk1hcmtlciUyOCU3QiUwQSUyMCUyMCUyMCUyMCUyMCUyMCUyMCUyMCUyMCUyMHBvc2l0aW9uJTNBJTIwdWx1cnUlMkMlMEElMjAlMjAlMjAlMjAlMjAlMjAlMjAlMjAlMjAlMjBtYXAlM0ElMjBtYXAlMkMlMEElMjAlMjAlMjAlMjAlMjAlMjAlMjAlMjAlMjAlMjB0aXRsZSUzQSUyMCUyN0xvY2FuZGElMjBkZWxsZSUyMEFjcXVlJTI3JTBBJTIwJTIwJTIwJTIwJTIwJTIwJTIwJTIwJTdEJTI5JTNCJTBBJTIwJTIwJTIwJTIwJTIwJTIwJTdEJTBBJTIwJTIwJTIwJTIwJTNDJTJGc2NyaXB0JTNFJTBBJTIwJTIwJTIwJTIwJTNDc2NyaXB0JTIwYXN5bmMlMjBkZWZlciUwQSUyMCUyMCUyMCUyMHNyYyUzRCUyMmh0dHBzJTNBJTJGJTJGbWFwcy5nb29nbGVhcGlzLmNvbSUyRm1hcHMlMkZhcGklMkZqcyUzRmtleSUzREFJemFTeUI1RndFN3pvelFXSndIZlJpakxDTS11Zml3M0Z2YXI1dyUyNmNhbGxiYWNrJTNEaW5pdE1hcCUyMiUzRSUwQSUyMCUyMCUyMCUyMCUzQyUyRnNjcmlwdCUzRSUyMA==[\/vc_raw_js][\/vc_column][\/vc_row][vc_row][vc_column][vc_column_text] COMMENT NOUS REJOINDRE Il y a plusieurs possibilit\u00e9 pour rejoindre Ca&rsquo; [&hellip;]<\/p>\n","protected":false},"author":1,"featured_media":0,"parent":0,"menu_order":0,"comment_status":"closed","ping_status":"closed","template":"","meta":[],"yoast_head":"<!-- This site is optimized with the Yoast SEO plugin v19.1 - https:\/\/yoast.com\/wordpress\/plugins\/seo\/ -->\n<title>Comment nous rejoindre | B&amp;B Venezia Locanda delle Acque<\/title>\n<meta name=\"robots\" content=\"index, follow, max-snippet:-1, max-image-preview:large, max-video-preview:-1\" \/>\n<link rel=\"canonical\" href=\"https:\/\/locandadelleacque.it\/fr\/comment-nous-rejoindre\/\" \/>\n<meta property=\"og:locale\" content=\"fr_FR\" \/>\n<meta property=\"og:type\" content=\"article\" \/>\n<meta property=\"og:title\" content=\"Comment nous rejoindre | B&amp;B Venezia Locanda delle Acque\" \/>\n<meta property=\"og:description\" content=\"[vc_row][vc_column][vc_raw_js]JTNDc3R5bGUlM0UlMEElMjAlMjAlMjAlMjAlMjAlMjAlMjNtYXAlMjAlN0IlMEElMjAlMjAlMjAlMjAlMjAlMjAlMjAlMjBoZWlnaHQlM0ElMjA2MDBweCUzQiUwQSUyMCUyMCUyMCUyMCUyMCUyMCUyMCUyMHdpZHRoJTNBJTIwMTAwJTI1JTNCJTBBJTIwJTIwJTIwJTIwJTIwJTIwJTIwJTdEJTBBJTIwJTIwJTIwJTIwJTNDJTJGc3R5bGUlM0UlMEElMjAlM0NkaXYlMjBpZCUzRCUyMm1hcCUyMiUzRSUzQyUyRmRpdiUzRSUwQSUyMCUyMCUyMCUyMCUzQ3NjcmlwdCUzRSUwQSUyMCUyMCUyMCUyMCUyMCUyMGZ1bmN0aW9uJTIwaW5pdE1hcCUyOCUyOSUyMCU3QiUwQSUyMCUyMCUyMCUyMCUyMCUyMCUyMCUyMHZhciUyMHVsdXJ1JTIwJTNEJTIwJTdCbGF0JTNBJTIwNDUuNDM2NTM0JTJDJTIwbG5nJTNBJTIwMTIuMzM3NTAyJTdEJTNCJTBBJTIwJTIwJTIwJTIwJTIwJTIwJTIwJTIwdmFyJTIwbWFwJTIwJTNEJTIwbmV3JTIwZ29vZ2xlLm1hcHMuTWFwJTI4ZG9jdW1lbnQuZ2V0RWxlbWVudEJ5SWQlMjglMjdtYXAlMjclMjklMkMlMjAlN0IlMEElMjAlMjAlMjAlMjAlMjAlMjAlMjAlMjAlMjAlMjB6b29tJTNBJTIwMTYlMkMlMEElMjAlMjAlMjAlMjAlMjAlMjAlMjAlMjAlMjAlMjBjZW50ZXIlM0ElMjB1bHVydSUwQSUyMCUyMCUyMCUyMCUyMCUyMCUyMCUyMCU3RCUyOSUzQiUwQSUyMCUyMCUyMCUyMCUyMCUyMCUyMCUyMHZhciUyMG1hcmtlciUyMCUzRCUyMG5ldyUyMGdvb2dsZS5tYXBzLk1hcmtlciUyOCU3QiUwQSUyMCUyMCUyMCUyMCUyMCUyMCUyMCUyMCUyMCUyMHBvc2l0aW9uJTNBJTIwdWx1cnUlMkMlMEElMjAlMjAlMjAlMjAlMjAlMjAlMjAlMjAlMjAlMjBtYXAlM0ElMjBtYXAlMkMlMEElMjAlMjAlMjAlMjAlMjAlMjAlMjAlMjAlMjAlMjB0aXRsZSUzQSUyMCUyN0xvY2FuZGElMjBkZWxsZSUyMEFjcXVlJTI3JTBBJTIwJTIwJTIwJTIwJTIwJTIwJTIwJTIwJTdEJTI5JTNCJTBBJTIwJTIwJTIwJTIwJTIwJTIwJTdEJTBBJTIwJTIwJTIwJTIwJTNDJTJGc2NyaXB0JTNFJTBBJTIwJTIwJTIwJTIwJTNDc2NyaXB0JTIwYXN5bmMlMjBkZWZlciUwQSUyMCUyMCUyMCUyMHNyYyUzRCUyMmh0dHBzJTNBJTJGJTJGbWFwcy5nb29nbGVhcGlzLmNvbSUyRm1hcHMlMkZhcGklMkZqcyUzRmtleSUzREFJemFTeUI1RndFN3pvelFXSndIZlJpakxDTS11Zml3M0Z2YXI1dyUyNmNhbGxiYWNrJTNEaW5pdE1hcCUyMiUzRSUwQSUyMCUyMCUyMCUyMCUzQyUyRnNjcmlwdCUzRSUyMA==[\/vc_raw_js][\/vc_column][\/vc_row][vc_row][vc_column][vc_column_text] COMMENT NOUS REJOINDRE Il y a plusieurs possibilit\u00e9 pour rejoindre Ca&rsquo; [&hellip;]\" \/>\n<meta property=\"og:url\" content=\"https:\/\/locandadelleacque.it\/fr\/comment-nous-rejoindre\/\" \/>\n<meta property=\"og:site_name\" content=\"B&amp;B Venezia Locanda delle Acque\" \/>\n<meta property=\"article:modified_time\" content=\"2018-06-05T09:34:08+00:00\" \/>\n<meta name=\"twitter:card\" content=\"summary\" \/>\n<meta name=\"twitter:label1\" content=\"Dur\u00e9e de lecture estim\u00e9e\" \/>\n\t<meta name=\"twitter:data1\" content=\"2 minutes\" \/>\n<script type=\"application\/ld+json\" class=\"yoast-schema-graph\">{\"@context\":\"https:\/\/schema.org\",\"@graph\":[{\"@type\":\"WebSite\",\"@id\":\"https:\/\/locandadelleacque.it\/#website\",\"url\":\"https:\/\/locandadelleacque.it\/\",\"name\":\"B&amp;B Venezia Locanda delle Acque\",\"description\":false,\"potentialAction\":[{\"@type\":\"SearchAction\",\"target\":{\"@type\":\"EntryPoint\",\"urlTemplate\":\"https:\/\/locandadelleacque.it\/?s={search_term_string}\"},\"query-input\":\"required name=search_term_string\"}],\"inLanguage\":\"fr-FR\"},{\"@type\":\"WebPage\",\"@id\":\"https:\/\/locandadelleacque.it\/fr\/comment-nous-rejoindre\/#webpage\",\"url\":\"https:\/\/locandadelleacque.it\/fr\/comment-nous-rejoindre\/\",\"name\":\"Comment nous rejoindre | B&amp;B Venezia Locanda delle Acque\",\"isPartOf\":{\"@id\":\"https:\/\/locandadelleacque.it\/#website\"},\"datePublished\":\"2016-01-10T16:01:32+00:00\",\"dateModified\":\"2018-06-05T09:34:08+00:00\",\"breadcrumb\":{\"@id\":\"https:\/\/locandadelleacque.it\/fr\/comment-nous-rejoindre\/#breadcrumb\"},\"inLanguage\":\"fr-FR\",\"potentialAction\":[{\"@type\":\"ReadAction\",\"target\":[\"https:\/\/locandadelleacque.it\/fr\/comment-nous-rejoindre\/\"]}]},{\"@type\":\"BreadcrumbList\",\"@id\":\"https:\/\/locandadelleacque.it\/fr\/comment-nous-rejoindre\/#breadcrumb\",\"itemListElement\":[{\"@type\":\"ListItem\",\"position\":1,\"name\":\"Home\",\"item\":\"https:\/\/locandadelleacque.it\/fr\/\"},{\"@type\":\"ListItem\",\"position\":2,\"name\":\"Comment nous rejoindre\"}]}]}<\/script>\n<!-- \/ Yoast SEO plugin. -->","yoast_head_json":{"title":"Comment nous rejoindre | B&amp;B Venezia Locanda delle Acque","robots":{"index":"index","follow":"follow","max-snippet":"max-snippet:-1","max-image-preview":"max-image-preview:large","max-video-preview":"max-video-preview:-1"},"canonical":"https:\/\/locandadelleacque.it\/fr\/comment-nous-rejoindre\/","og_locale":"fr_FR","og_type":"article","og_title":"Comment nous rejoindre | B&amp;B Venezia Locanda delle Acque","og_description":"[vc_row][vc_column][vc_raw_js]JTNDc3R5bGUlM0UlMEElMjAlMjAlMjAlMjAlMjAlMjAlMjNtYXAlMjAlN0IlMEElMjAlMjAlMjAlMjAlMjAlMjAlMjAlMjBoZWlnaHQlM0ElMjA2MDBweCUzQiUwQSUyMCUyMCUyMCUyMCUyMCUyMCUyMCUyMHdpZHRoJTNBJTIwMTAwJTI1JTNCJTBBJTIwJTIwJTIwJTIwJTIwJTIwJTIwJTdEJTBBJTIwJTIwJTIwJTIwJTNDJTJGc3R5bGUlM0UlMEElMjAlM0NkaXYlMjBpZCUzRCUyMm1hcCUyMiUzRSUzQyUyRmRpdiUzRSUwQSUyMCUyMCUyMCUyMCUzQ3NjcmlwdCUzRSUwQSUyMCUyMCUyMCUyMCUyMCUyMGZ1bmN0aW9uJTIwaW5pdE1hcCUyOCUyOSUyMCU3QiUwQSUyMCUyMCUyMCUyMCUyMCUyMCUyMCUyMHZhciUyMHVsdXJ1JTIwJTNEJTIwJTdCbGF0JTNBJTIwNDUuNDM2NTM0JTJDJTIwbG5nJTNBJTIwMTIuMzM3NTAyJTdEJTNCJTBBJTIwJTIwJTIwJTIwJTIwJTIwJTIwJTIwdmFyJTIwbWFwJTIwJTNEJTIwbmV3JTIwZ29vZ2xlLm1hcHMuTWFwJTI4ZG9jdW1lbnQuZ2V0RWxlbWVudEJ5SWQlMjglMjdtYXAlMjclMjklMkMlMjAlN0IlMEElMjAlMjAlMjAlMjAlMjAlMjAlMjAlMjAlMjAlMjB6b29tJTNBJTIwMTYlMkMlMEElMjAlMjAlMjAlMjAlMjAlMjAlMjAlMjAlMjAlMjBjZW50ZXIlM0ElMjB1bHVydSUwQSUyMCUyMCUyMCUyMCUyMCUyMCUyMCUyMCU3RCUyOSUzQiUwQSUyMCUyMCUyMCUyMCUyMCUyMCUyMCUyMHZhciUyMG1hcmtlciUyMCUzRCUyMG5ldyUyMGdvb2dsZS5tYXBzLk1hcmtlciUyOCU3QiUwQSUyMCUyMCUyMCUyMCUyMCUyMCUyMCUyMCUyMCUyMHBvc2l0aW9uJTNBJTIwdWx1cnUlMkMlMEElMjAlMjAlMjAlMjAlMjAlMjAlMjAlMjAlMjAlMjBtYXAlM0ElMjBtYXAlMkMlMEElMjAlMjAlMjAlMjAlMjAlMjAlMjAlMjAlMjAlMjB0aXRsZSUzQSUyMCUyN0xvY2FuZGElMjBkZWxsZSUyMEFjcXVlJTI3JTBBJTIwJTIwJTIwJTIwJTIwJTIwJTIwJTIwJTdEJTI5JTNCJTBBJTIwJTIwJTIwJTIwJTIwJTIwJTdEJTBBJTIwJTIwJTIwJTIwJTNDJTJGc2NyaXB0JTNFJTBBJTIwJTIwJTIwJTIwJTNDc2NyaXB0JTIwYXN5bmMlMjBkZWZlciUwQSUyMCUyMCUyMCUyMHNyYyUzRCUyMmh0dHBzJTNBJTJGJTJGbWFwcy5nb29nbGVhcGlzLmNvbSUyRm1hcHMlMkZhcGklMkZqcyUzRmtleSUzREFJemFTeUI1RndFN3pvelFXSndIZlJpakxDTS11Zml3M0Z2YXI1dyUyNmNhbGxiYWNrJTNEaW5pdE1hcCUyMiUzRSUwQSUyMCUyMCUyMCUyMCUzQyUyRnNjcmlwdCUzRSUyMA==[\/vc_raw_js][\/vc_column][\/vc_row][vc_row][vc_column][vc_column_text] COMMENT NOUS REJOINDRE Il y a plusieurs possibilit\u00e9 pour rejoindre Ca&rsquo; [&hellip;]","og_url":"https:\/\/locandadelleacque.it\/fr\/comment-nous-rejoindre\/","og_site_name":"B&amp;B Venezia Locanda delle Acque","article_modified_time":"2018-06-05T09:34:08+00:00","twitter_card":"summary","twitter_misc":{"Dur\u00e9e de lecture estim\u00e9e":"2 minutes"},"schema":{"@context":"https:\/\/schema.org","@graph":[{"@type":"WebSite","@id":"https:\/\/locandadelleacque.it\/#website","url":"https:\/\/locandadelleacque.it\/","name":"B&amp;B Venezia Locanda delle Acque","description":false,"potentialAction":[{"@type":"SearchAction","target":{"@type":"EntryPoint","urlTemplate":"https:\/\/locandadelleacque.it\/?s={search_term_string}"},"query-input":"required name=search_term_string"}],"inLanguage":"fr-FR"},{"@type":"WebPage","@id":"https:\/\/locandadelleacque.it\/fr\/comment-nous-rejoindre\/#webpage","url":"https:\/\/locandadelleacque.it\/fr\/comment-nous-rejoindre\/","name":"Comment nous rejoindre | B&amp;B Venezia Locanda delle Acque","isPartOf":{"@id":"https:\/\/locandadelleacque.it\/#website"},"datePublished":"2016-01-10T16:01:32+00:00","dateModified":"2018-06-05T09:34:08+00:00","breadcrumb":{"@id":"https:\/\/locandadelleacque.it\/fr\/comment-nous-rejoindre\/#breadcrumb"},"inLanguage":"fr-FR","potentialAction":[{"@type":"ReadAction","target":["https:\/\/locandadelleacque.it\/fr\/comment-nous-rejoindre\/"]}]},{"@type":"BreadcrumbList","@id":"https:\/\/locandadelleacque.it\/fr\/comment-nous-rejoindre\/#breadcrumb","itemListElement":[{"@type":"ListItem","position":1,"name":"Home","item":"https:\/\/locandadelleacque.it\/fr\/"},{"@type":"ListItem","position":2,"name":"Comment nous rejoindre"}]}]}},"_links":{"self":[{"href":"https:\/\/locandadelleacque.it\/fr\/wp-json\/wp\/v2\/pages\/359"}],"collection":[{"href":"https:\/\/locandadelleacque.it\/fr\/wp-json\/wp\/v2\/pages"}],"about":[{"href":"https:\/\/locandadelleacque.it\/fr\/wp-json\/wp\/v2\/types\/page"}],"author":[{"embeddable":true,"href":"https:\/\/locandadelleacque.it\/fr\/wp-json\/wp\/v2\/users\/1"}],"replies":[{"embeddable":true,"href":"https:\/\/locandadelleacque.it\/fr\/wp-json\/wp\/v2\/comments?post=359"}],"version-history":[{"count":4,"href":"https:\/\/locandadelleacque.it\/fr\/wp-json\/wp\/v2\/pages\/359\/revisions"}],"predecessor-version":[{"id":665,"href":"https:\/\/locandadelleacque.it\/fr\/wp-json\/wp\/v2\/pages\/359\/revisions\/665"}],"wp:attachment":[{"href":"https:\/\/locandadelleacque.it\/fr\/wp-json\/wp\/v2\/media?parent=359"}],"curies":[{"name":"wp","href":"https:\/\/api.w.org\/{rel}","templated":true}]}}