{"id":389,"date":"2016-01-10T11:12:43","date_gmt":"2016-01-10T11:12:43","guid":{"rendered":"http:\/\/locandadelleacque.it\/wp\/fr\/posizione\/"},"modified":"2016-05-11T13:12:52","modified_gmt":"2016-05-11T13:12:52","slug":"position","status":"publish","type":"page","link":"https:\/\/locandadelleacque.it\/fr\/position\/","title":{"rendered":"Position"},"content":{"rendered":"<p>[vc_row][vc_column width=\u00a0\u00bb2\/3&Prime;][vc_column_text]Ca&rsquo; delle Acque est un accueillant <strong>bed &amp; breakfast en Venise<\/strong> situ\u00e9 dans une position tr\u00e8s centrale et pratique. Depuis Ca&rsquo; delle Acque on peut atteindre tr\u00e8s rapidement les lieux d&rsquo;int\u00e9r\u00eat touristique les plus connus, et ce sera un plaisir de promener parmi les ruelles et les petites places sans une destination pr\u00e9cise, en d\u00e9couvrant les boutiques antiques des maitres-artisans, qui ne se trouvent pas toujours sur les parcours indiqu\u00e9s par les guides, ou d\u00e9couvrir un merveilleux coin de la ville qui m\u00e9rite certainement une photo.<\/p>\n<p>Nos clients auront la possibilit\u00e9 d&rsquo;explorer Venise en partant exactement de son centre: pour commencer nous vous conseillons de vous rendre \u00e0 <strong>Rialto<\/strong>, coeur de Venise, qui traverse le <strong>Grand Canal<\/strong>, le plus long, large et profond de la ville.<\/p>\n<p>Admirer le Grand Canal, l&rsquo;art\u00e8re principale de Venise aussi fourmillant de vie, sera un des moments les plus \u00e9mouvants de votre voyage. Aux pieds du <strong>Pont de Rialto<\/strong>, se trouvent le march\u00e9 des fruits et l\u00e9gumes, le march\u00e9 du poisson et quelques boutiques typiques qui offrent une vision de quotidiennet\u00e9 v\u00e9nitienne.<\/p>\n<p><strong>Saint Marc<\/strong> est sans aucun doute une \u00e9tape oblig\u00e9e, que vous pourrez atteindre en suivant ces indications: en partant de Ca&rsquo; delle Acque en quelques minutes vous vous trouverez sur la Place Saint Marc un v\u00e9ritable mus\u00e9e \u00e0 ciel ouvert o\u00f9 sont conserv\u00e9es des oeuvres d&rsquo;art spectaculaires, comme la splendide Basilique de Saint Marc, chef-d&rsquo;oeuvre en style byzantin que le V\u00e9nitiens ont enrichi au cours des si\u00e8cles avec des oeuvres, des produits manufactur\u00e9s et des mat\u00e9riaux pr\u00e9cieux import\u00e9s des pays lointains.<\/p>\n<p>Pour finir, nous vous conseillons de ne pas manquer une promenade romantique en gondole, au coucher du soleil, sur les canaux de la ville. La promenande peut \u00eatre r\u00e9serv\u00e9e juste \u00e0 l&rsquo;ext\u00e9rieur de l&rsquo;auberge.<\/p>\n<p><em><strong>Votre s\u00e9jour restera certainement grav\u00e9 pour toujours dans votre m\u00e9moire.<\/strong><\/em>[\/vc_column_text][vc_cta h2=\u00a0\u00bbD\u00e9couvrez comment nous joindre\u00a0\u00bb h4=\u00a0\u00bbC&rsquo;est facile, regardez la carte!\u00a0\u00bb add_button=\u00a0\u00bbright\u00a0\u00bb btn_title=\u00a0\u00bbComment nous joindre\u00a0\u00bb css=\u00a0\u00bb.vc_custom_1462972367482{margin-top: 30px !important;}\u00a0\u00bb btn_link=\u00a0\u00bburl:http%3A%2F%2Fwww.locandadelleacque.it%2Ffr%2Fcomment-nous-rejoindre%2F||\u00a0\u00bb][\/vc_cta][\/vc_column][vc_column width=\u00a0\u00bb1\/3&Prime;][vc_single_image image=\u00a0\u00bb262&Prime; img_size=\u00a0\u00bbfull\u00a0\u00bb][vc_single_image image=\u00a0\u00bb263&Prime; img_size=\u00a0\u00bbfull\u00a0\u00bb][\/vc_column][\/vc_row]<\/p>\n","protected":false},"excerpt":{"rendered":"<p>[vc_row][vc_column width=\u00a0\u00bb2\/3&Prime;][vc_column_text]Ca&rsquo; delle Acque est un accueillant bed &amp; breakfast en Venise [&hellip;]<\/p>\n","protected":false},"author":1,"featured_media":0,"parent":0,"menu_order":0,"comment_status":"closed","ping_status":"closed","template":"","meta":[],"yoast_head":"<!-- This site is optimized with the Yoast SEO plugin v19.1 - https:\/\/yoast.com\/wordpress\/plugins\/seo\/ -->\n<title>Position | B&amp;B Venezia Locanda delle Acque<\/title>\n<meta name=\"robots\" content=\"index, follow, max-snippet:-1, max-image-preview:large, max-video-preview:-1\" \/>\n<link rel=\"canonical\" href=\"https:\/\/locandadelleacque.it\/fr\/position\/\" \/>\n<meta property=\"og:locale\" content=\"fr_FR\" \/>\n<meta property=\"og:type\" content=\"article\" \/>\n<meta property=\"og:title\" content=\"Position | B&amp;B Venezia Locanda delle Acque\" \/>\n<meta property=\"og:description\" content=\"[vc_row][vc_column width=\u00a0\u00bb2\/3&Prime;][vc_column_text]Ca&rsquo; delle Acque est un accueillant bed &amp; breakfast en Venise [&hellip;]\" \/>\n<meta property=\"og:url\" content=\"https:\/\/locandadelleacque.it\/fr\/position\/\" \/>\n<meta property=\"og:site_name\" content=\"B&amp;B Venezia Locanda delle Acque\" \/>\n<meta property=\"article:modified_time\" content=\"2016-05-11T13:12:52+00:00\" \/>\n<meta name=\"twitter:card\" content=\"summary\" \/>\n<meta name=\"twitter:label1\" content=\"Dur\u00e9e de lecture estim\u00e9e\" \/>\n\t<meta name=\"twitter:data1\" content=\"2 minutes\" \/>\n<script type=\"application\/ld+json\" class=\"yoast-schema-graph\">{\"@context\":\"https:\/\/schema.org\",\"@graph\":[{\"@type\":\"WebSite\",\"@id\":\"https:\/\/locandadelleacque.it\/#website\",\"url\":\"https:\/\/locandadelleacque.it\/\",\"name\":\"B&amp;B Venezia Locanda delle Acque\",\"description\":false,\"potentialAction\":[{\"@type\":\"SearchAction\",\"target\":{\"@type\":\"EntryPoint\",\"urlTemplate\":\"https:\/\/locandadelleacque.it\/?s={search_term_string}\"},\"query-input\":\"required name=search_term_string\"}],\"inLanguage\":\"fr-FR\"},{\"@type\":\"WebPage\",\"@id\":\"https:\/\/locandadelleacque.it\/fr\/position\/#webpage\",\"url\":\"https:\/\/locandadelleacque.it\/fr\/position\/\",\"name\":\"Position | B&amp;B Venezia Locanda delle Acque\",\"isPartOf\":{\"@id\":\"https:\/\/locandadelleacque.it\/#website\"},\"datePublished\":\"2016-01-10T11:12:43+00:00\",\"dateModified\":\"2016-05-11T13:12:52+00:00\",\"breadcrumb\":{\"@id\":\"https:\/\/locandadelleacque.it\/fr\/position\/#breadcrumb\"},\"inLanguage\":\"fr-FR\",\"potentialAction\":[{\"@type\":\"ReadAction\",\"target\":[\"https:\/\/locandadelleacque.it\/fr\/position\/\"]}]},{\"@type\":\"BreadcrumbList\",\"@id\":\"https:\/\/locandadelleacque.it\/fr\/position\/#breadcrumb\",\"itemListElement\":[{\"@type\":\"ListItem\",\"position\":1,\"name\":\"Home\",\"item\":\"https:\/\/locandadelleacque.it\/fr\/\"},{\"@type\":\"ListItem\",\"position\":2,\"name\":\"Position\"}]}]}<\/script>\n<!-- \/ Yoast SEO plugin. -->","yoast_head_json":{"title":"Position | B&amp;B Venezia Locanda delle Acque","robots":{"index":"index","follow":"follow","max-snippet":"max-snippet:-1","max-image-preview":"max-image-preview:large","max-video-preview":"max-video-preview:-1"},"canonical":"https:\/\/locandadelleacque.it\/fr\/position\/","og_locale":"fr_FR","og_type":"article","og_title":"Position | B&amp;B Venezia Locanda delle Acque","og_description":"[vc_row][vc_column width=\u00a0\u00bb2\/3&Prime;][vc_column_text]Ca&rsquo; delle Acque est un accueillant bed &amp; breakfast en Venise [&hellip;]","og_url":"https:\/\/locandadelleacque.it\/fr\/position\/","og_site_name":"B&amp;B Venezia Locanda delle Acque","article_modified_time":"2016-05-11T13:12:52+00:00","twitter_card":"summary","twitter_misc":{"Dur\u00e9e de lecture estim\u00e9e":"2 minutes"},"schema":{"@context":"https:\/\/schema.org","@graph":[{"@type":"WebSite","@id":"https:\/\/locandadelleacque.it\/#website","url":"https:\/\/locandadelleacque.it\/","name":"B&amp;B Venezia Locanda delle Acque","description":false,"potentialAction":[{"@type":"SearchAction","target":{"@type":"EntryPoint","urlTemplate":"https:\/\/locandadelleacque.it\/?s={search_term_string}"},"query-input":"required name=search_term_string"}],"inLanguage":"fr-FR"},{"@type":"WebPage","@id":"https:\/\/locandadelleacque.it\/fr\/position\/#webpage","url":"https:\/\/locandadelleacque.it\/fr\/position\/","name":"Position | B&amp;B Venezia Locanda delle Acque","isPartOf":{"@id":"https:\/\/locandadelleacque.it\/#website"},"datePublished":"2016-01-10T11:12:43+00:00","dateModified":"2016-05-11T13:12:52+00:00","breadcrumb":{"@id":"https:\/\/locandadelleacque.it\/fr\/position\/#breadcrumb"},"inLanguage":"fr-FR","potentialAction":[{"@type":"ReadAction","target":["https:\/\/locandadelleacque.it\/fr\/position\/"]}]},{"@type":"BreadcrumbList","@id":"https:\/\/locandadelleacque.it\/fr\/position\/#breadcrumb","itemListElement":[{"@type":"ListItem","position":1,"name":"Home","item":"https:\/\/locandadelleacque.it\/fr\/"},{"@type":"ListItem","position":2,"name":"Position"}]}]}},"_links":{"self":[{"href":"https:\/\/locandadelleacque.it\/fr\/wp-json\/wp\/v2\/pages\/389"}],"collection":[{"href":"https:\/\/locandadelleacque.it\/fr\/wp-json\/wp\/v2\/pages"}],"about":[{"href":"https:\/\/locandadelleacque.it\/fr\/wp-json\/wp\/v2\/types\/page"}],"author":[{"embeddable":true,"href":"https:\/\/locandadelleacque.it\/fr\/wp-json\/wp\/v2\/users\/1"}],"replies":[{"embeddable":true,"href":"https:\/\/locandadelleacque.it\/fr\/wp-json\/wp\/v2\/comments?post=389"}],"version-history":[{"count":6,"href":"https:\/\/locandadelleacque.it\/fr\/wp-json\/wp\/v2\/pages\/389\/revisions"}],"predecessor-version":[{"id":573,"href":"https:\/\/locandadelleacque.it\/fr\/wp-json\/wp\/v2\/pages\/389\/revisions\/573"}],"wp:attachment":[{"href":"https:\/\/locandadelleacque.it\/fr\/wp-json\/wp\/v2\/media?parent=389"}],"curies":[{"name":"wp","href":"https:\/\/api.w.org\/{rel}","templated":true}]}}