{"id":472,"date":"2016-05-02T12:40:57","date_gmt":"2016-05-02T12:40:57","guid":{"rendered":"http:\/\/locandadelleacque.it\/wp\/fr\/hotel-ottima-posizione\/"},"modified":"2016-05-02T12:46:18","modified_gmt":"2016-05-02T12:46:18","slug":"emplacement-de-premier-choix","status":"publish","type":"page","link":"https:\/\/locandadelleacque.it\/fr\/emplacement-de-premier-choix\/","title":{"rendered":"Emplacement de premier choix"},"content":{"rendered":"<p>[vc_row][vc_column width=\u00a0\u00bb1\/4&Prime;][vc_single_image image=\u00a0\u00bb468&Prime;][\/vc_column][vc_column width=\u00a0\u00bb3\/4&Prime;][vc_column_text]<\/p>\n<div><span id=\"noHighlight_0.09631544328294694\">CA &lsquo; delle Acque a \u00e9t\u00e9 jug\u00e9e excellente situation Hotel Venere.com utilisateurs du monde entier.<\/span><\/div>\n<div><span id=\"noHighlight_0.5513785423245281\">Ce que cela signifie ?<\/span><\/div>\n<p>Ce badge est bas\u00e9 uniquement sur l&rsquo;utilisateur v\u00e9rifi\u00e9. Venere.com a s\u00e9lectionn\u00e9 les meilleurs h\u00f4tels de diff\u00e9rentes cat\u00e9gories (emplacement, etc.), et la locanda delle Acque est Hotel <span id=\"ouHighlight__0_2TO0_2\" class=\"\">Top<\/span><span id=\"noHighlight_0.505230967188254\">\u00a0<\/span><span id=\"ouHighlight__4_11TO4_14\" class=\"\">emplacement<\/span> ![\/vc_column_text][\/vc_column][\/vc_row]<\/p>\n","protected":false},"excerpt":{"rendered":"<p>[vc_row][vc_column width=\u00a0\u00bb1\/4&Prime;][vc_single_image image=\u00a0\u00bb468&Prime;][\/vc_column][vc_column width=\u00a0\u00bb3\/4&Prime;][vc_column_text] CA &lsquo; delle Acque a \u00e9t\u00e9 jug\u00e9e excellente [&hellip;]<\/p>\n","protected":false},"author":1,"featured_media":0,"parent":0,"menu_order":0,"comment_status":"closed","ping_status":"closed","template":"","meta":[],"yoast_head":"<!-- This site is optimized with the Yoast SEO plugin v19.1 - https:\/\/yoast.com\/wordpress\/plugins\/seo\/ -->\n<title>Emplacement de premier choix | B&amp;B Venezia Locanda delle Acque<\/title>\n<meta name=\"robots\" content=\"index, follow, max-snippet:-1, max-image-preview:large, max-video-preview:-1\" \/>\n<link rel=\"canonical\" href=\"https:\/\/locandadelleacque.it\/fr\/emplacement-de-premier-choix\/\" \/>\n<meta property=\"og:locale\" content=\"fr_FR\" \/>\n<meta property=\"og:type\" content=\"article\" \/>\n<meta property=\"og:title\" content=\"Emplacement de premier choix | B&amp;B Venezia Locanda delle Acque\" \/>\n<meta property=\"og:description\" content=\"[vc_row][vc_column width=\u00a0\u00bb1\/4&Prime;][vc_single_image image=\u00a0\u00bb468&Prime;][\/vc_column][vc_column width=\u00a0\u00bb3\/4&Prime;][vc_column_text] CA &lsquo; delle Acque a \u00e9t\u00e9 jug\u00e9e excellente [&hellip;]\" \/>\n<meta property=\"og:url\" content=\"https:\/\/locandadelleacque.it\/fr\/emplacement-de-premier-choix\/\" \/>\n<meta property=\"og:site_name\" content=\"B&amp;B Venezia Locanda delle Acque\" \/>\n<meta property=\"article:modified_time\" content=\"2016-05-02T12:46:18+00:00\" \/>\n<meta name=\"twitter:card\" content=\"summary\" \/>\n<script type=\"application\/ld+json\" class=\"yoast-schema-graph\">{\"@context\":\"https:\/\/schema.org\",\"@graph\":[{\"@type\":\"WebSite\",\"@id\":\"https:\/\/locandadelleacque.it\/#website\",\"url\":\"https:\/\/locandadelleacque.it\/\",\"name\":\"B&amp;B Venezia Locanda delle Acque\",\"description\":false,\"potentialAction\":[{\"@type\":\"SearchAction\",\"target\":{\"@type\":\"EntryPoint\",\"urlTemplate\":\"https:\/\/locandadelleacque.it\/?s={search_term_string}\"},\"query-input\":\"required name=search_term_string\"}],\"inLanguage\":\"fr-FR\"},{\"@type\":\"WebPage\",\"@id\":\"https:\/\/locandadelleacque.it\/fr\/emplacement-de-premier-choix\/#webpage\",\"url\":\"https:\/\/locandadelleacque.it\/fr\/emplacement-de-premier-choix\/\",\"name\":\"Emplacement de premier choix | B&amp;B Venezia Locanda delle Acque\",\"isPartOf\":{\"@id\":\"https:\/\/locandadelleacque.it\/#website\"},\"datePublished\":\"2016-05-02T12:40:57+00:00\",\"dateModified\":\"2016-05-02T12:46:18+00:00\",\"breadcrumb\":{\"@id\":\"https:\/\/locandadelleacque.it\/fr\/emplacement-de-premier-choix\/#breadcrumb\"},\"inLanguage\":\"fr-FR\",\"potentialAction\":[{\"@type\":\"ReadAction\",\"target\":[\"https:\/\/locandadelleacque.it\/fr\/emplacement-de-premier-choix\/\"]}]},{\"@type\":\"BreadcrumbList\",\"@id\":\"https:\/\/locandadelleacque.it\/fr\/emplacement-de-premier-choix\/#breadcrumb\",\"itemListElement\":[{\"@type\":\"ListItem\",\"position\":1,\"name\":\"Home\",\"item\":\"https:\/\/locandadelleacque.it\/fr\/\"},{\"@type\":\"ListItem\",\"position\":2,\"name\":\"Emplacement de premier choix\"}]}]}<\/script>\n<!-- \/ Yoast SEO plugin. -->","yoast_head_json":{"title":"Emplacement de premier choix | B&amp;B Venezia Locanda delle Acque","robots":{"index":"index","follow":"follow","max-snippet":"max-snippet:-1","max-image-preview":"max-image-preview:large","max-video-preview":"max-video-preview:-1"},"canonical":"https:\/\/locandadelleacque.it\/fr\/emplacement-de-premier-choix\/","og_locale":"fr_FR","og_type":"article","og_title":"Emplacement de premier choix | B&amp;B Venezia Locanda delle Acque","og_description":"[vc_row][vc_column width=\u00a0\u00bb1\/4&Prime;][vc_single_image image=\u00a0\u00bb468&Prime;][\/vc_column][vc_column width=\u00a0\u00bb3\/4&Prime;][vc_column_text] CA &lsquo; delle Acque a \u00e9t\u00e9 jug\u00e9e excellente [&hellip;]","og_url":"https:\/\/locandadelleacque.it\/fr\/emplacement-de-premier-choix\/","og_site_name":"B&amp;B Venezia Locanda delle Acque","article_modified_time":"2016-05-02T12:46:18+00:00","twitter_card":"summary","schema":{"@context":"https:\/\/schema.org","@graph":[{"@type":"WebSite","@id":"https:\/\/locandadelleacque.it\/#website","url":"https:\/\/locandadelleacque.it\/","name":"B&amp;B Venezia Locanda delle Acque","description":false,"potentialAction":[{"@type":"SearchAction","target":{"@type":"EntryPoint","urlTemplate":"https:\/\/locandadelleacque.it\/?s={search_term_string}"},"query-input":"required name=search_term_string"}],"inLanguage":"fr-FR"},{"@type":"WebPage","@id":"https:\/\/locandadelleacque.it\/fr\/emplacement-de-premier-choix\/#webpage","url":"https:\/\/locandadelleacque.it\/fr\/emplacement-de-premier-choix\/","name":"Emplacement de premier choix | B&amp;B Venezia Locanda delle Acque","isPartOf":{"@id":"https:\/\/locandadelleacque.it\/#website"},"datePublished":"2016-05-02T12:40:57+00:00","dateModified":"2016-05-02T12:46:18+00:00","breadcrumb":{"@id":"https:\/\/locandadelleacque.it\/fr\/emplacement-de-premier-choix\/#breadcrumb"},"inLanguage":"fr-FR","potentialAction":[{"@type":"ReadAction","target":["https:\/\/locandadelleacque.it\/fr\/emplacement-de-premier-choix\/"]}]},{"@type":"BreadcrumbList","@id":"https:\/\/locandadelleacque.it\/fr\/emplacement-de-premier-choix\/#breadcrumb","itemListElement":[{"@type":"ListItem","position":1,"name":"Home","item":"https:\/\/locandadelleacque.it\/fr\/"},{"@type":"ListItem","position":2,"name":"Emplacement de premier choix"}]}]}},"_links":{"self":[{"href":"https:\/\/locandadelleacque.it\/fr\/wp-json\/wp\/v2\/pages\/472"}],"collection":[{"href":"https:\/\/locandadelleacque.it\/fr\/wp-json\/wp\/v2\/pages"}],"about":[{"href":"https:\/\/locandadelleacque.it\/fr\/wp-json\/wp\/v2\/types\/page"}],"author":[{"embeddable":true,"href":"https:\/\/locandadelleacque.it\/fr\/wp-json\/wp\/v2\/users\/1"}],"replies":[{"embeddable":true,"href":"https:\/\/locandadelleacque.it\/fr\/wp-json\/wp\/v2\/comments?post=472"}],"version-history":[{"count":1,"href":"https:\/\/locandadelleacque.it\/fr\/wp-json\/wp\/v2\/pages\/472\/revisions"}],"predecessor-version":[{"id":477,"href":"https:\/\/locandadelleacque.it\/fr\/wp-json\/wp\/v2\/pages\/472\/revisions\/477"}],"wp:attachment":[{"href":"https:\/\/locandadelleacque.it\/fr\/wp-json\/wp\/v2\/media?parent=472"}],"curies":[{"name":"wp","href":"https:\/\/api.w.org\/{rel}","templated":true}]}}