{"id":340,"date":"2016-01-10T10:38:20","date_gmt":"2016-01-10T10:38:20","guid":{"rendered":"http:\/\/locandadelleacque.it\/wp\/nl\/descrizione\/"},"modified":"2016-05-11T12:38:48","modified_gmt":"2016-05-11T12:38:48","slug":"beschrijving","status":"publish","type":"page","link":"https:\/\/locandadelleacque.it\/nl\/beschrijving\/","title":{"rendered":"Beschrijving"},"content":{"rendered":"<p>[vc_row][vc_column][\/vc_column][\/vc_row][vc_row][vc_column width=&#8221;2\/3&#8243;][vc_column_text]Ca&#8217; delle Acque is een bekoorlijke <strong>bed &amp; breakfast Veneti\u00eb<\/strong>, gelegen vlakbij het San Marcoplein en de Rialtobrug. De jeugdige en dynamische sfeer, de warme gastvrijheid en de aangename en informele omgeving maken van Ca&#8217; delle Acque de ideale locatie voor een prettige en romantische vakantie in de mooiste stad van de wereld.<\/p>\n<p>Het personeel van Ca&#8217; delle Acque staat geheel tot uw dienst om u een fijn verblijf in onze B&amp;B in Veneti\u00eb te bezorgen. Al naar gelang van uw wensen hebt u de keuze uit comfortabele tweepersoonskamers met priv\u00e9-badkamer een per verdieping, een eigenschap uniek voor Veneti\u00eb.<\/p>\n<p>Bij uw aankomst ontvangt u een uiterst handig plan van de stad en een heleboel handige tips over niet te missen bekende plaatsjes, restaurantjes, tentoonstellingen en spektakels. Voor alle gasten is er een geleide excursie naar een bekende glasblazerij op het Eiland Murano.[\/vc_column_text][vc_cta h2=&#8221;Zou u graag bezoeken van Veneti\u00eb op een koopje?&#8221; h4=&#8221;Bekijk onze aanbiedingen!&#8221; add_button=&#8221;right&#8221; btn_title=&#8221;Speciale aanbiedingen&#8221; css=&#8221;.vc_custom_1462970325145{margin-top: 30px !important;}&#8221; btn_link=&#8221;url:http%3A%2F%2Fwww.locandadelleacque.it%2Fnl%2Fofferte-speciali%2F||&#8221;][\/vc_cta][\/vc_column][vc_column width=&#8221;1\/3&#8243;][vc_single_image image=&#8221;252&#8243; img_size=&#8221;full&#8221; alignment=&#8221;right&#8221;][\/vc_column][\/vc_row]<\/p>\n","protected":false},"excerpt":{"rendered":"<p>[vc_row][vc_column][\/vc_column][\/vc_row][vc_row][vc_column width=&#8221;2\/3&#8243;][vc_column_text]Ca&#8217; delle Acque is een bekoorlijke bed &amp; breakfast Veneti\u00eb, gelegen [&hellip;]<\/p>\n","protected":false},"author":1,"featured_media":0,"parent":0,"menu_order":0,"comment_status":"closed","ping_status":"closed","template":"","meta":[],"yoast_head":"<!-- This site is optimized with the Yoast SEO plugin v19.1 - https:\/\/yoast.com\/wordpress\/plugins\/seo\/ -->\n<title>Beschrijving | B&amp;B Venezia Locanda delle Acque<\/title>\n<meta name=\"robots\" content=\"index, follow, max-snippet:-1, max-image-preview:large, max-video-preview:-1\" \/>\n<link rel=\"canonical\" href=\"https:\/\/locandadelleacque.it\/nl\/beschrijving\/\" \/>\n<meta property=\"og:locale\" content=\"nl_NL\" \/>\n<meta property=\"og:type\" content=\"article\" \/>\n<meta property=\"og:title\" content=\"Beschrijving | B&amp;B Venezia Locanda delle Acque\" \/>\n<meta property=\"og:description\" content=\"[vc_row][vc_column][\/vc_column][\/vc_row][vc_row][vc_column width=&#8221;2\/3&#8243;][vc_column_text]Ca&#8217; delle Acque is een bekoorlijke bed &amp; breakfast Veneti\u00eb, gelegen [&hellip;]\" \/>\n<meta property=\"og:url\" content=\"https:\/\/locandadelleacque.it\/nl\/beschrijving\/\" \/>\n<meta property=\"og:site_name\" content=\"B&amp;B Venezia Locanda delle Acque\" \/>\n<meta property=\"article:modified_time\" content=\"2016-05-11T12:38:48+00:00\" \/>\n<meta name=\"twitter:card\" content=\"summary\" \/>\n<meta name=\"twitter:label1\" content=\"Geschatte leestijd\" \/>\n\t<meta name=\"twitter:data1\" content=\"1 minuut\" \/>\n<script type=\"application\/ld+json\" class=\"yoast-schema-graph\">{\"@context\":\"https:\/\/schema.org\",\"@graph\":[{\"@type\":\"WebSite\",\"@id\":\"https:\/\/locandadelleacque.it\/#website\",\"url\":\"https:\/\/locandadelleacque.it\/\",\"name\":\"B&amp;B Venezia Locanda delle Acque\",\"description\":false,\"potentialAction\":[{\"@type\":\"SearchAction\",\"target\":{\"@type\":\"EntryPoint\",\"urlTemplate\":\"https:\/\/locandadelleacque.it\/?s={search_term_string}\"},\"query-input\":\"required name=search_term_string\"}],\"inLanguage\":\"nl\"},{\"@type\":\"WebPage\",\"@id\":\"https:\/\/locandadelleacque.it\/nl\/beschrijving\/#webpage\",\"url\":\"https:\/\/locandadelleacque.it\/nl\/beschrijving\/\",\"name\":\"Beschrijving | B&amp;B Venezia Locanda delle Acque\",\"isPartOf\":{\"@id\":\"https:\/\/locandadelleacque.it\/#website\"},\"datePublished\":\"2016-01-10T10:38:20+00:00\",\"dateModified\":\"2016-05-11T12:38:48+00:00\",\"breadcrumb\":{\"@id\":\"https:\/\/locandadelleacque.it\/nl\/beschrijving\/#breadcrumb\"},\"inLanguage\":\"nl\",\"potentialAction\":[{\"@type\":\"ReadAction\",\"target\":[\"https:\/\/locandadelleacque.it\/nl\/beschrijving\/\"]}]},{\"@type\":\"BreadcrumbList\",\"@id\":\"https:\/\/locandadelleacque.it\/nl\/beschrijving\/#breadcrumb\",\"itemListElement\":[{\"@type\":\"ListItem\",\"position\":1,\"name\":\"Home\",\"item\":\"https:\/\/locandadelleacque.it\/nl\/\"},{\"@type\":\"ListItem\",\"position\":2,\"name\":\"Beschrijving\"}]}]}<\/script>\n<!-- \/ Yoast SEO plugin. -->","yoast_head_json":{"title":"Beschrijving | B&amp;B Venezia Locanda delle Acque","robots":{"index":"index","follow":"follow","max-snippet":"max-snippet:-1","max-image-preview":"max-image-preview:large","max-video-preview":"max-video-preview:-1"},"canonical":"https:\/\/locandadelleacque.it\/nl\/beschrijving\/","og_locale":"nl_NL","og_type":"article","og_title":"Beschrijving | B&amp;B Venezia Locanda delle Acque","og_description":"[vc_row][vc_column][\/vc_column][\/vc_row][vc_row][vc_column width=&#8221;2\/3&#8243;][vc_column_text]Ca&#8217; delle Acque is een bekoorlijke bed &amp; breakfast Veneti\u00eb, gelegen [&hellip;]","og_url":"https:\/\/locandadelleacque.it\/nl\/beschrijving\/","og_site_name":"B&amp;B Venezia Locanda delle Acque","article_modified_time":"2016-05-11T12:38:48+00:00","twitter_card":"summary","twitter_misc":{"Geschatte leestijd":"1 minuut"},"schema":{"@context":"https:\/\/schema.org","@graph":[{"@type":"WebSite","@id":"https:\/\/locandadelleacque.it\/#website","url":"https:\/\/locandadelleacque.it\/","name":"B&amp;B Venezia Locanda delle Acque","description":false,"potentialAction":[{"@type":"SearchAction","target":{"@type":"EntryPoint","urlTemplate":"https:\/\/locandadelleacque.it\/?s={search_term_string}"},"query-input":"required name=search_term_string"}],"inLanguage":"nl"},{"@type":"WebPage","@id":"https:\/\/locandadelleacque.it\/nl\/beschrijving\/#webpage","url":"https:\/\/locandadelleacque.it\/nl\/beschrijving\/","name":"Beschrijving | B&amp;B Venezia Locanda delle Acque","isPartOf":{"@id":"https:\/\/locandadelleacque.it\/#website"},"datePublished":"2016-01-10T10:38:20+00:00","dateModified":"2016-05-11T12:38:48+00:00","breadcrumb":{"@id":"https:\/\/locandadelleacque.it\/nl\/beschrijving\/#breadcrumb"},"inLanguage":"nl","potentialAction":[{"@type":"ReadAction","target":["https:\/\/locandadelleacque.it\/nl\/beschrijving\/"]}]},{"@type":"BreadcrumbList","@id":"https:\/\/locandadelleacque.it\/nl\/beschrijving\/#breadcrumb","itemListElement":[{"@type":"ListItem","position":1,"name":"Home","item":"https:\/\/locandadelleacque.it\/nl\/"},{"@type":"ListItem","position":2,"name":"Beschrijving"}]}]}},"_links":{"self":[{"href":"https:\/\/locandadelleacque.it\/nl\/wp-json\/wp\/v2\/pages\/340"}],"collection":[{"href":"https:\/\/locandadelleacque.it\/nl\/wp-json\/wp\/v2\/pages"}],"about":[{"href":"https:\/\/locandadelleacque.it\/nl\/wp-json\/wp\/v2\/types\/page"}],"author":[{"embeddable":true,"href":"https:\/\/locandadelleacque.it\/nl\/wp-json\/wp\/v2\/users\/1"}],"replies":[{"embeddable":true,"href":"https:\/\/locandadelleacque.it\/nl\/wp-json\/wp\/v2\/comments?post=340"}],"version-history":[{"count":6,"href":"https:\/\/locandadelleacque.it\/nl\/wp-json\/wp\/v2\/pages\/340\/revisions"}],"predecessor-version":[{"id":561,"href":"https:\/\/locandadelleacque.it\/nl\/wp-json\/wp\/v2\/pages\/340\/revisions\/561"}],"wp:attachment":[{"href":"https:\/\/locandadelleacque.it\/nl\/wp-json\/wp\/v2\/media?parent=340"}],"curies":[{"name":"wp","href":"https:\/\/api.w.org\/{rel}","templated":true}]}}