{"id":671,"date":"2018-06-05T09:52:41","date_gmt":"2018-06-05T09:52:41","guid":{"rendered":"https:\/\/locandadelleacque.it\/nl\/cookie-policy\/"},"modified":"2018-06-05T09:52:41","modified_gmt":"2018-06-05T09:52:41","slug":"cookie-policy","status":"publish","type":"page","link":"https:\/\/locandadelleacque.it\/nl\/cookie-policy\/","title":{"rendered":"cookie policy"},"content":{"rendered":"<p>(free translation of this page can be found <a href=\"https:\/\/translate.google.com\/translate?hl=it&amp;sl=it&amp;tl=en&amp;u=https%3A%2F%2Flocandadelleacque.it%2Fcookie-policy%2F\" target=\"_blank\" rel=\"noopener\">here<\/a>)<\/p>\n<p><strong>Di seguito Vi informiamo in maniera trasparente circa l\u2019operativit\u00e0 su questo sito web (di\u00a0<\/strong><strong>seguito \u201cSito\u201d) dei c.d. Cookie.<\/strong><\/p>\n<p><strong>Definizione di \u201ccookie\u201d.<\/strong><\/p>\n<p>I cookie sono brevi frammenti di testo (lettere e\/o numeri) che permettono al server web di\u00a0memorizzare sul client (il browser, ad es. Internet Explorer, Chrome, Firefox, Opera\u2026)\u00a0informazioni da riutilizzare nel corso della medesima visita al sito (cookie di sessione) o in seguito,\u00a0anche a distanza di giorni (cookie persistenti). I cookie vengono memorizzati, in base alle\u00a0preferenze dell\u2019utente, dal singolo browser sullo specifico dispositivo utilizzato (computer, tablet,\u00a0smartphone).<\/p>\n<p>Tecnologie similari, come, ad esempio, web beacon, GIF trasparenti e tutte le forme di storage\u00a0locale introdotte con HTML5, sono utilizzabili per raccogliere informazioni sul comportamento\u00a0dell\u2019utente e sull\u2019utilizzo dei servizi.<\/p>\n<p>Un cookie non pu\u00f2 richiamare nessun altro dato dal disco fisso dell\u2019utente n\u00e8 trasmettere virus\u00a0informatici o acquisire indirizzi email. Ogni cookie \u00e8 unico per il web browser dell\u2019utente. Alcune\u00a0delle funzioni dei Cookie possono essere demandate ad altre tecnologie. Con il termine \u2018Cookie\u2019 si\u00a0vuol far riferimento ai Cookie e a tutte le tecnologie similari.<\/p>\n<p>In base alle caratteristiche e all\u2019utilizzo dei cookie possono distinguersi varie tipologie di Cookie:<\/p>\n<p>Cookie tecnici strettamente necessari. Si tratta di cookie indispensabili per il corretto\u00a0funzionamento di un sito web che vengono utilizzati per gestire diversi servizi legati ai siti web\u00a0(come ad esempio un login o l\u2019accesso alle funzioni riservate nei siti). La durata dei cookie \u00e8\u00a0strettamente limitata alla sessione di lavoro oppure possono avvalersi di un tempo di permanenza\u00a0pi\u00f9 lungo al fine di ricordare le scelte del visitatore. La disattivazione dei cookie strettamente\u00a0necessari pu\u00f2 compromettere l\u2019esperienza d\u2019uso e di navigazione del sito web.<\/p>\n<p>Cookie di analisi (analytics) e prestazioni. Sono Cookie utilizzati per raccogliere e analizzare il\u00a0traffico e l\u2019utilizzo di un sito web in modo anonimo. Questi Cookie, pur senza identificare l\u2019utente,\u00a0consentono, per esempio, di rilevare se il medesimo utente torna a collegarsi in momenti diversi.<\/p>\n<p>Permettono inoltre di monitorare il sistema e migliorarne le prestazioni e l\u2019usabilit\u00e0. La\u00a0disattivazione di tali cookie pu\u00f2 essere eseguita senza alcuna perdita di funzionalit\u00e0 e sar\u00e0 trattata\u00a0nel dettaglio successivamente.<\/p>\n<p>Cookie di profilazione. Si tratta di Cookie permanenti utilizzati per identificare (in modo anonimo e\u00a0non) le preferenze dell\u2019utente e migliorare la sua esperienza di navigazione. Nel corso della\u00a0navigazione su un sito, l\u2019utente pu\u00f2 ricevere sul suo terminale anche cookie che vengono inviati da\u00a0siti o da web server diversi (c.d. \u201cterze parti\u201d), sui quali possono risiedere alcuni elementi (quali, ade sempio, immagini, mappe, suoni, specifici link a pagine di altri domini).<\/p>\n<p>Per maggiori informazioni su questi cookie non utilizzati dal Sito Web vi invitiamo a visitare las ezione apposita sul sito www.garanteprivacy.it\/cookie .<\/p>\n<p><strong>Finalit\u00e0 del trattamento e scopi dei Cookie tecnici di sessione.<\/strong><\/p>\n<p>I Cookie tecnici utilizzati sul Sito hanno esclusivamente la finalit\u00e0 di eseguire autenticazioni\u00a0informatiche o il monitoraggio di sessioni e la memorizzazione di informazioni tecniche specifiche\u00a0riguardanti gli utenti che accedono ai server del Titolare del trattamento che gestisce il Sito. In tale\u00a0ottica, alcune operazioni sul Sito non potrebbero essere compiute senza l\u2019uso dei Cookie, che in tali\u00a0casi sono quindi tecnicamente necessari. A titolo esemplificativo, l\u2019accesso ad eventuali aree\u00a0riservate del Sito e le attivit\u00e0 che possono essere ivi svolte sarebbero molto \u00a0pi\u00f9 complesse da\u00a0svolgere e meno sicure senza la presenza di Cookie che consentono di identificare l\u2019utente e\u00a0mantenerne l\u2019identificazione nell\u2019ambito della sessione.<\/p>\n<p>Al fine di giungere a una corretta regolamentazione di tali dispositivi, \u00e8 necessario distinguerli\u00a0posto che non vi sono delle caratteristiche tecniche che li differenziano gli uni dagli altri proprio\u00a0sulla base delle finalit\u00e0 perseguite da chi li utilizza. In tale direzione si \u00e8 mosso, peraltro, lo stesso\u00a0legislatore, che, in attuazione delle disposizioni contenute nella direttiva 2009\/136\/CE, ha\u00a0ricondotto l\u2019obbligo di acquisire il consenso preventivo e informato degli utenti all\u2019installazione di\u00a0cookie utilizzati per finalit\u00e0 diverse da quelle meramente tecniche (cfr. art. 1, comma 5, lett. a), del\u00a0d. lgs. 28 maggio 2012, n. 69, che ha modificato l\u2019art. 122 del Codice).Tra l\u2019altro, lo stesso\u00a0organismo europeo che riunisce tutte le Autorit\u00e0 Garanti per la privacy dei vari Stati Membri (il c.d.\u00a0Gruppo \u201cArticolo 29\u201d ) ha chiarito nel Parere 4\/2012 (WP194) intitolato \u201cEsenzione dal consenso\u00a0per l\u2019uso dei Cookie\u201d che sono Cookie per i quali non \u00e8 necessario acquisire il consenso preventivo\u00a0e informato dell\u2019utente:<\/p>\n<p>1. Cookie con dati compilati dall\u2019utente (identificativo di sessione), della durata di una sessioneo Cookie persistenti limitatamente ad alcune ore in taluni casi;<\/p>\n<p>2. Cookie per l\u2019autenticazione, utilizzati ai fini dei servizi autenticati, della durata di una\u00a0sessione;<\/p>\n<p>3. Cookie di sicurezza incentrati sugli utenti, utilizzati per individuare abusi di autenticazione,\u00a0per una durata persistente limitata;<\/p>\n<p>4. Cookie di sessione per lettori multimediali, come i Cookie per lettori \u201cflash\u201d, della durata di\u00a0una sessione;<\/p>\n<p>5. Cookie di sessione per il bilanciamento del carico, della durata di una sessione;<\/p>\n<p>6. Cookie persistenti per la personalizzazione dell\u2019interfaccia utente, della durata di una\u00a0sessione (o poco pi\u00f9);<\/p>\n<p>7. Cookie per la condivisione dei contenuti mediante plug-in sociali di terzi, per membri di una\u00a0rete sociale che hanno effettuato il login.<\/p>\n<p>Il Titolare del trattamento informa dunque che sul Sito sono operativi esclusivamente Cookie tecnici\u00a0(come quelli sopra elencati) necessari per navigare all\u2019interno del Sito poich\u00e8 consentono funzioni\u00a0essenziali quali autenticazione, validazione, gestione di una sessione di navigazione e prevenzione\u00a0delle frodi e consentono ad esempio: di identificare se l\u2019utente ha avuto regolarmente accesso alle\u00a0aree del sito che richiedono la preventiva autenticazione oppure la validazione dell\u2019utente e la\u00a0gestione delle sessioni relative ai vari servizi e applicazioni oppure la conservazione dei dati per\u00a0l\u2019accesso in modalit\u00e0 sicura oppure le funzioni di controllo e prevenzione delle frodi.<\/p>\n<p>Per la massima trasparenza, si elencano di seguito una serie di esempi di Cookie tecnici e di casi di<\/p>\n<p>operativit\u00e0 specifica sul Sito:<\/p>\n<p>\uf0b7 i Cookie impiantati nel terminale dell\u2019utente\/contraente direttamente (che non saranno\u00a0utilizzati per scopi ulteriori) come ad esempio Cookie di sessione utilizzati per \u201criempire il\u00a0carrello\u201d nelle prenotazioni on line sul Sito, Cookie di autenticazione, Cookie per contenuti\u00a0multimediali tipo flash player che non superano la durata della sessione, Cookie di\u00a0personalizzazione (ad esempio, per la scelta della lingua di navigazione, richiamo ID e\u00a0password complete con la digitazione dei primi caratteri, etc);<\/p>\n<p>\uf0b7 i Cookie utilizzati per analizzare statisticamente gli accessi\/le visite al sito (Cookie\u00a0cosiddetti \u201canalytics\u201d) che perseguono esclusivamente scopi statistici (e non anche di\u00a0profilazione o di marketing) e raccolgono informazioni in forma aggregata senza possibilit\u00e0\u00a0di risalire alla identificazione del singolo utente. In questi casi, dal momento che la\u00a0normativa vigente prescrive che per i Cookie analytics sia fornita all\u2019interessato\u00a0l\u2019indicazione chiara e adeguata delle modalit\u00e0 semplici per opporsi (opt-out) al loro impianto\u00a0(compresi eventuali meccanismi di anonimizzazione dei Cookie stessi), specifichiamo che \u00e8\u00a0possibile procedere alla disattivazione dei Cookie analytics come segue: aprire il proprio\u00a0browser, selezionare il menu impostazioni , cliccare sulle opzioni internet, aprire la scheda\u00a0relativa alla privacy e scegliere il desiderato livello di blocco Cookie. Qualora si voglia\u00a0eliminare i Cookie gi\u00e0 salvati in memoria \u00e8 sufficiente aprire la scheda sicurezza ed\u00a0eliminare la cronologia spuntando la casella \u201celimina Cookie\u201d.<\/p>\n<p><strong>Cookie di terze parti.<\/strong><\/p>\n<p>Visitando un sito web si possono ricevere cookie da siti gestiti da altre organizzazioni (\u201cterze parti\u201d)\u00a0che possono risiedere in Italia o all\u2019estero.<\/p>\n<p>Un esempio presente nella maggior parte di siti internet \u00e8 rappresentato dalla presenza di video\u00a0YouTube, API Google, utilizzo di Google Maps, e l\u2019utilizzo dei \u201csocial plugin\u201d per Facebook,\u00a0Twitter, Google+ e LinkedIn. Si tratta di parti della pagina visitata generate direttamente dai\u00a0suddetti siti ed integrati nella pagina del sito ospitante. L\u2019utilizzo pi\u00f9 comune dei social plugin \u00e8\u00a0finalizzato alla condivisione dei contenuti sui social network al fine di aumentare la user experience\u00a0del visitatore.<\/p>\n<p>La presenza di questi plugin comporta la trasmissione di cookie da e verso tutti i siti gestiti da terze\u00a0parti. La gestione delle informazioni raccolte da \u201cterze parti\u201d \u00e8 disciplinata dalle relative\u00a0informative cui si prega di fare riferimento. Per garantire una maggiore trasparenza e comodit\u00e0, si\u00a0riportano qui di seguito gli indirizzi web delle diverse informative e delle modalit\u00e0 per la gestione\u00a0dei cookie, specificando che il Titolare del trattamento non ha responsabilit\u00e0 per la operativit\u00e0 su\u00a0questo Sito di Cookie di terze parti.<\/p>\n<p>\uf0b7 <strong>Google informativa:<\/strong> sull\u2019uso dei dati al link<\/p>\n<p>http:\/\/www.google.com\/policies\/technologies\/Cookie\/ ed informativa completa al link<\/p>\n<p>http:\/\/support.google.com\/analytics\/answer\/6004245<\/p>\n<p>\uf0b7 <strong>Google (configurazione):<\/strong> la guida sull\u2019out-out generale per i servizi Google (Maps,<\/p>\n<p>YouTube\u2026) \u00e8 disponibile all\u2019indirizzo web<\/p>\n<p>http:\/\/support.google.com\/accounts\/answer\/61416?hl=it<\/p>\n<p>\uf0b7 <strong>Facebook informativa:<\/strong> https:\/\/www.facebook.com\/help\/Cookie\/ e https:\/\/itit.facebook.com\/about\/privacy\/Cookie<\/p>\n<p>\uf0b7 <strong>Facebook (configurazione):<\/strong> accedere al proprio account. Sezione privacy. Oppure seguire\u00a0le varie guide presenti sul web ad esempio https:\/\/support.mozilla.org\/en-US\/kb\/disablethird-party-Cookie<\/p>\n<p>\uf0b7 <strong>Twitter informative:<\/strong> https:\/\/support.twitter.com\/articles\/20170514<\/p>\n<p>\uf0b7 <strong>Twitter (configurazione):<\/strong> https:\/\/twitter.com\/settings\/security e<\/p>\n<p>https:\/\/support.twitter.com\/articles\/20170519-uso-dei-cookie-e-di-altre-tecnologie-simili-daparte-di-twitter<\/p>\n<p>\uf0b7 <strong>Linkedin informativa:<\/strong> https:\/\/www.linkedin.com\/legal\/cookie-policy<\/p>\n<p>\uf0b7 <strong>Linkedin (configurazione):<\/strong> https:\/\/www.linkedin.com\/settings\/<\/p>\n<p>\uf0b7 <strong>Google+ informativa:<\/strong> http:\/\/www.google.it\/intl\/it\/policies\/technologies\/Cookie\/<\/p>\n<p>\uf0b7 <strong>Google+ (configurazione):<\/strong> http:\/\/www.google.it\/intl\/it\/policies\/technologies\/managing\/<\/p>\n<p>Si pu\u00f2 configurare il browser per accettare tutti i cookie, rifiutare tutti i cookie, o avvertire quando\u00a0un cookie \u00e8 stato inviato. Ogni browser \u00e8 diverso, pertanto clicchi sul menu \u201cHELP\/AIUTO\u201d del\u00a0suo browser per comprendere come modificare le sue preferenze sui cookie. Ad esempio, in\u00a0Microsoft Internet Explorer, si possono disabilitare o cancellare i cookie selezionando\u00a0\u201cStrumenti\/Opzioni Internet\u201d e modificare le impostazioni privacy ovvero selezionando \u201ccancella\u00a0cookie\u201d. Si noti comunque che questo sito \u00e8 stato strutturato per usare i cookie e ogni loro\u00a0disinstallazione pu\u00f2 inficiare il funzionamento del sito e non consente il miglior uso del sito stesso.<\/p>\n<p><strong>Responsabilit\u00e0 per operativit\u00e0 di Cookie di Terze Parti.<\/strong><\/p>\n<p>Si richiama in materia quanto previsto dal Provvedimento Generale del Garante privacy sui Cookie\u00a0dell\u20198 Maggio 2014: \u201cVi sono molteplici motivazioni per le quali non risulta possibile porre in capo\u00a0all\u2019editore l\u2019obbligo di fornire l\u2019informativa e acquisire il consenso all\u2019installazione dei cookie\u00a0nell\u2019ambito del proprio sito anche per quelli installati dalle \u201cterze parti\u201d. In primo luogo, l\u2019editore\u00a0dovrebbe avere sempre gli strumenti e la capacit\u00e0 economico-giuridica di farsi carico degli\u00a0adempimenti delle terze parti e dovrebbe quindi anche poter verificare di volta in volta la\u00a0corrispondenza tra quanto dichiarato dalle terze parti e le finalit\u00e0 da esse realmente perseguite con\u00a0l\u2019uso dei cookie. Ci\u00f2 \u00e8 reso assai arduo dal fatto che l\u2019editore spesso non conosce direttamente\u00a0tutte le terze parti che installano cookie tramite il proprio sito e, quindi, neppure la logica sottesa\u00a0ai relativi trattamenti. Inoltre, non di rado tra l\u2019editore e le terze parti si frappongono soggetti che\u00a0svolgono il ruolo di concessionari, risultando di fatto molto complesso per l\u2019editore il controllo\u00a0sull\u2019attivit\u00e0 di tutti i soggetti coinvolti. I cookie terze parti potrebbero, poi, essere nel tempo\u00a0modificati dai terzi fornitori e risulterebbe poco funzionale chiedere agli editori di tenere traccia\u00a0anche di queste modifiche successive.\u201d<\/p>\n<p>Come indicato dal Garante della Privacy il presente Sito non ha la possibilit\u00e0 di controllare i Cookie\u00a0di terze parti qualora utilizzasse servizi di terze parti (YouTube, Google Maps, \u201csocial buttons\u201d) di\u00a0cui hanno responsabilit\u00e0 esclusivamente le terze parti. Inoltre, si richiama la possibilit\u00e0 per l\u2019utente\u00a0di cancellare e bloccare l\u2019operativit\u00e0 dei Cookie in qualsiasi momento utilizzando anche plugins per\u00a0il browser e modificandone le impostazioni come indicato nei vari manuali contenuti nei browser.<\/p>\n<p><strong>Obbligatoriet\u00e0 o facoltativit\u00e0 del consenso per l\u2019operativit\u00e0 di Cookie che non perseguono\u00a0<\/strong><strong>scopi di marketing.<\/strong><\/p>\n<p>Non \u00e8 obbligatorio acquisire il consenso alla operativit\u00e0 dei soli Cookie tecnici o di terze parti o\u00a0analitici assimilati ai Cookie tecnici. La loro disattivazione e\/o il diniego alla loro operativit\u00e0\u00a0comporter\u00e0 l\u2019impossibilit\u00e0 di una corretta navigazione sul Sito e\/o la impossibilit\u00e0 di fruire dei\u00a0servizi, delle pagine, delle funzionalit\u00e0 o dei contenuti ivi disponibili.<\/p>\n<p><strong>Esercizio dei diritti da parte dell\u2019interessato.<\/strong><\/p>\n<p>Con particolare riferimento ai diritti degli utenti in materia di Cookie, si forniscono di seguito alcuni\u00a0link per approfondimento:<\/p>\n<p>AboutCookie.org: per ulteriori informazioni sui cookie e su come influenzano l\u2019esperienza di\u00a0navigazione. Youronlinechoices.com: per un\u2019ampia visione sui cookie, sulle best practice e sulla\u00a0fruizione della pubblicit\u00e0 mirata attraverso l\u2019uso dei Cookie La sezione Cookie su\u00a0www.garanteprivacy.it\/cookie per conoscere le best practice fornite dal Garante per la protezione\u00a0dei dati personali.<\/p>\n<p>In ogni momento sar\u00e0 possibile \u2013 senza formalit\u00e0 alcuna \u2013 esercitare i diritti di cui all\u2019art. 13 del\u00a0Regolamento UE 2016\/679, che sono meglio descritti nella privacy policy presente sul Sito alla\u00a0quale si rimanda. L\u2019esercizio dei diritti non \u00e8 soggetto ad alcun vincolo di forma.<\/p>\n<h4 class=\"heading-style-4 visible-first\">GOOGLE ANALYTICS CON IP ANONIMIZZATO (GOOGLE INC.)<\/h4>\n<div>\n<p>Google Analytics \u00e8 un servizio di analisi web fornito da Google Inc. (\u201cGoogle\u201d). Google utilizza i Dati Personali raccolti allo scopo di tracciare ed esaminare l\u2019utilizzo di questo Sito Web, compilare report e condividerli con gli altri servizi sviluppati da Google.<br \/>\nGoogle potrebbe utilizzare i Dati Personali per contestualizzare e personalizzare gli annunci del proprio network pubblicitario.<br \/>\nQuesta integrazione di Google Analytics rende anonimo il tuo indirizzo IP. L\u2019anonimizzazione funziona abbreviando entro i confini degli stati membri dell\u2019Unione Europea o in altri Paesi aderenti all\u2019accordo sullo Spazio Economico Europeo l\u2019indirizzo IP degli Utenti. Solo in casi eccezionali, l\u2019indirizzo IP sar\u00e0 inviato ai server di Google ed abbreviato all\u2019interno degli Stati Uniti.<\/p>\n<\/div>\n<p>Dati Personali raccolti: Cookie e Dati di utilizzo.<\/p>\n<p>Luogo del trattamento: USA \u2013\u00a0<a href=\"https:\/\/www.google.com\/intl\/it\/policies\/privacy\/\" target=\"_blank\" rel=\"noopener noreferrer\">PRIVACY POLICY<\/a>\u00a0\u2013\u00a0<a href=\"https:\/\/tools.google.com\/dlpage\/gaoptout?hl=it\" target=\"_blank\" rel=\"noopener\">OPT OUT<\/a>.<\/p>\n","protected":false},"excerpt":{"rendered":"<p>(free translation of this page can be found here) Di seguito Vi [&hellip;]<\/p>\n","protected":false},"author":1,"featured_media":0,"parent":0,"menu_order":0,"comment_status":"closed","ping_status":"closed","template":"","meta":[],"yoast_head":"<!-- This site is optimized with the Yoast SEO plugin v19.1 - https:\/\/yoast.com\/wordpress\/plugins\/seo\/ -->\n<title>cookie policy | B&amp;B Venezia Locanda delle Acque<\/title>\n<meta name=\"robots\" content=\"index, follow, max-snippet:-1, max-image-preview:large, max-video-preview:-1\" \/>\n<link rel=\"canonical\" href=\"https:\/\/locandadelleacque.it\/nl\/cookie-policy\/\" \/>\n<meta property=\"og:locale\" content=\"nl_NL\" \/>\n<meta property=\"og:type\" content=\"article\" \/>\n<meta property=\"og:title\" content=\"cookie policy | B&amp;B Venezia Locanda delle Acque\" \/>\n<meta property=\"og:description\" content=\"(free translation of this page can be found here) Di seguito Vi [&hellip;]\" \/>\n<meta property=\"og:url\" content=\"https:\/\/locandadelleacque.it\/nl\/cookie-policy\/\" \/>\n<meta property=\"og:site_name\" content=\"B&amp;B Venezia Locanda delle Acque\" \/>\n<meta name=\"twitter:card\" content=\"summary\" \/>\n<meta name=\"twitter:label1\" content=\"Geschatte leestijd\" \/>\n\t<meta name=\"twitter:data1\" content=\"11 minuten\" \/>\n<script type=\"application\/ld+json\" class=\"yoast-schema-graph\">{\"@context\":\"https:\/\/schema.org\",\"@graph\":[{\"@type\":\"WebSite\",\"@id\":\"https:\/\/locandadelleacque.it\/#website\",\"url\":\"https:\/\/locandadelleacque.it\/\",\"name\":\"B&amp;B Venezia Locanda delle Acque\",\"description\":false,\"potentialAction\":[{\"@type\":\"SearchAction\",\"target\":{\"@type\":\"EntryPoint\",\"urlTemplate\":\"https:\/\/locandadelleacque.it\/?s={search_term_string}\"},\"query-input\":\"required name=search_term_string\"}],\"inLanguage\":\"nl\"},{\"@type\":\"WebPage\",\"@id\":\"https:\/\/locandadelleacque.it\/nl\/cookie-policy\/#webpage\",\"url\":\"https:\/\/locandadelleacque.it\/nl\/cookie-policy\/\",\"name\":\"cookie policy | B&amp;B Venezia Locanda delle Acque\",\"isPartOf\":{\"@id\":\"https:\/\/locandadelleacque.it\/#website\"},\"datePublished\":\"2018-06-05T09:52:41+00:00\",\"dateModified\":\"2018-06-05T09:52:41+00:00\",\"breadcrumb\":{\"@id\":\"https:\/\/locandadelleacque.it\/nl\/cookie-policy\/#breadcrumb\"},\"inLanguage\":\"nl\",\"potentialAction\":[{\"@type\":\"ReadAction\",\"target\":[\"https:\/\/locandadelleacque.it\/nl\/cookie-policy\/\"]}]},{\"@type\":\"BreadcrumbList\",\"@id\":\"https:\/\/locandadelleacque.it\/nl\/cookie-policy\/#breadcrumb\",\"itemListElement\":[{\"@type\":\"ListItem\",\"position\":1,\"name\":\"Home\",\"item\":\"https:\/\/locandadelleacque.it\/nl\/\"},{\"@type\":\"ListItem\",\"position\":2,\"name\":\"cookie policy\"}]}]}<\/script>\n<!-- \/ Yoast SEO plugin. -->","yoast_head_json":{"title":"cookie policy | B&amp;B Venezia Locanda delle Acque","robots":{"index":"index","follow":"follow","max-snippet":"max-snippet:-1","max-image-preview":"max-image-preview:large","max-video-preview":"max-video-preview:-1"},"canonical":"https:\/\/locandadelleacque.it\/nl\/cookie-policy\/","og_locale":"nl_NL","og_type":"article","og_title":"cookie policy | B&amp;B Venezia Locanda delle Acque","og_description":"(free translation of this page can be found here) Di seguito Vi [&hellip;]","og_url":"https:\/\/locandadelleacque.it\/nl\/cookie-policy\/","og_site_name":"B&amp;B Venezia Locanda delle Acque","twitter_card":"summary","twitter_misc":{"Geschatte leestijd":"11 minuten"},"schema":{"@context":"https:\/\/schema.org","@graph":[{"@type":"WebSite","@id":"https:\/\/locandadelleacque.it\/#website","url":"https:\/\/locandadelleacque.it\/","name":"B&amp;B Venezia Locanda delle Acque","description":false,"potentialAction":[{"@type":"SearchAction","target":{"@type":"EntryPoint","urlTemplate":"https:\/\/locandadelleacque.it\/?s={search_term_string}"},"query-input":"required name=search_term_string"}],"inLanguage":"nl"},{"@type":"WebPage","@id":"https:\/\/locandadelleacque.it\/nl\/cookie-policy\/#webpage","url":"https:\/\/locandadelleacque.it\/nl\/cookie-policy\/","name":"cookie policy | B&amp;B Venezia Locanda delle Acque","isPartOf":{"@id":"https:\/\/locandadelleacque.it\/#website"},"datePublished":"2018-06-05T09:52:41+00:00","dateModified":"2018-06-05T09:52:41+00:00","breadcrumb":{"@id":"https:\/\/locandadelleacque.it\/nl\/cookie-policy\/#breadcrumb"},"inLanguage":"nl","potentialAction":[{"@type":"ReadAction","target":["https:\/\/locandadelleacque.it\/nl\/cookie-policy\/"]}]},{"@type":"BreadcrumbList","@id":"https:\/\/locandadelleacque.it\/nl\/cookie-policy\/#breadcrumb","itemListElement":[{"@type":"ListItem","position":1,"name":"Home","item":"https:\/\/locandadelleacque.it\/nl\/"},{"@type":"ListItem","position":2,"name":"cookie policy"}]}]}},"_links":{"self":[{"href":"https:\/\/locandadelleacque.it\/nl\/wp-json\/wp\/v2\/pages\/671"}],"collection":[{"href":"https:\/\/locandadelleacque.it\/nl\/wp-json\/wp\/v2\/pages"}],"about":[{"href":"https:\/\/locandadelleacque.it\/nl\/wp-json\/wp\/v2\/types\/page"}],"author":[{"embeddable":true,"href":"https:\/\/locandadelleacque.it\/nl\/wp-json\/wp\/v2\/users\/1"}],"replies":[{"embeddable":true,"href":"https:\/\/locandadelleacque.it\/nl\/wp-json\/wp\/v2\/comments?post=671"}],"version-history":[{"count":0,"href":"https:\/\/locandadelleacque.it\/nl\/wp-json\/wp\/v2\/pages\/671\/revisions"}],"wp:attachment":[{"href":"https:\/\/locandadelleacque.it\/nl\/wp-json\/wp\/v2\/media?parent=671"}],"curies":[{"name":"wp","href":"https:\/\/api.w.org\/{rel}","templated":true}]}}